  {"id":2553,"date":"2025-05-18T00:01:52","date_gmt":"2025-05-18T00:01:52","guid":{"rendered":"https:\/\/tmeic.com\/?page_id=2553"},"modified":"2025-06-04T23:29:21","modified_gmt":"2025-06-04T23:29:21","slug":"mensaje-del-presidente-y-ceo","status":"publish","type":"page","link":"https:\/\/tmeic.com\/es\/about\/mensaje-del-presidente-y-ceo\/","title":{"rendered":"Message from President and CEO"},"content":{"rendered":"\n<figure class=\"wp-block-image size-full is-resized is-style-default\"><img loading=\"lazy\" decoding=\"async\" width=\"275\" height=\"197\" src=\"https:\/\/tmeic.com\/wp-content\/uploads\/2025\/04\/president-ceo-akira_kawaguchi_web.jpg\" alt=\"\" class=\"wp-image-757\" style=\"width:346px;height:auto\"\/><\/figure>\n\n<div style=\"height:30px\" aria-hidden=\"true\" class=\"wp-block-spacer\"><\/div>\n\n<p>TMEIC Corporation se fundo en octubre de 2003 tras la integraci\u00f3n de los negocios de Toshiba Corporation y Mitsubishi Electric Corporation en el \u00e1mbito industrial. Desde entonces, TMEIC ha aprovechado las tecnolog\u00edas y los fundamentos empresariales heredados de ambas empresas para ofrecer una serie de productos, tecnolog\u00edas y servicios altamente apreciados por los clientes. Los esfuerzos por hacer crecer el negocio en el campo de las energ\u00edas renovables y maximizar las sinergias en \u00e1reas como la electr\u00f3nica de potencia, la maquinaria rotativa y la ingenier\u00eda de sistemas han facilitado este \u00e9xito, con operaciones comerciales que ahora abarcan todo el mundo. Me gustar\u00eda expresar nuestra m\u00e1s sincera gratitud por su orientaci\u00f3n y patrocinio a lo largo de los a\u00f1os.    <\/p>\n\n<p>Nuestra pol\u00edtica b\u00e1sica es \u00abconstruir una relaci\u00f3n de socios sostenible que nos permita trabajar mano a mano y crecer junto con nuestros clientes\u00bb. En este mundo en constante cambio, nuestro objetivo es seguir apoyando el desarrollo de la infraestructura industrial y social y el progreso y el \u00e9xito de nuestros clientes, lo que a su vez contribuir\u00e1 a garantizar un crecimiento significativo de TMEIC.  <\/p>\n\n<p>La declaraci\u00f3n corporativa de TMEIC es \u00abWe drive industry\u00bb (Impulsamos la industria). Esto expresa nuestra firme intenci\u00f3n de que \u00abtodos y cada uno de los empleados se conviertan en la fuerza motriz de la industria y la sociedad manteniendo elevados est\u00e1ndares \u00e9ticos, sin perder de vista nuestra responsabilidad social. Al hacerlo, nuestra esperanza es contribuir a un mayor avance\u00bb.  <\/p>\n\n<p>Seguiremos desempe\u00f1ando un papel en el trabajo para hacer realidad una sociedad neutra en carbono. A trav\u00e9s de productos, sistemas y servicios que contribuyen al crecimiento y al progreso de nuestros clientes, pretendemos ser la empresa de su elecci\u00f3n, as\u00ed como un socio estrat\u00e9gico.  <\/p>\n\n<p>Conmemorando nuestro 20 aniversario en 2023 y con la vista puesta en la siguiente etapa de oportunidades de crecimiento, el nombre de la empresa ha pasado a ser TMEIC Corporation a partir del 1 de abril de 2024. A lo largo de los \u00faltimos a\u00f1os, la marca TMEIC ha penetrado y se ha afianzado en los mercados nacionales y extranjeros, ganando as\u00ed reconocimiento a medida que seguimos esforz\u00e1ndonos por establecer relaciones m\u00e1s estrechas con nuestras partes interesadas.   <\/p>\n\n<p>Le pedimos tu apoyo constante mientras trabajamos para lograr estos objetivos. <\/p>\n\n<p>Presidente y Consejero Delegado <br\/>Akira Kawaguchi<\/p>\n\n<p><\/p>\n","protected":false},"excerpt":{"rendered":"<p>TMEIC Corporation se fundo en octubre de 2003 tras la integraci\u00f3n de los negocios de Toshiba Corporation y Mitsubishi Electric Corporation en el \u00e1mbito industrial. Desde entonces, TMEIC ha aprovechado las tecnolog\u00edas y los fundamentos empresariales heredados de ambas empresas para ofrecer una serie de productos, tecnolog\u00edas y servicios altamente apreciados por los clientes. Los [&hellip;]<\/p>\n","protected":false},"author":7,"featured_media":4325,"parent":4051,"menu_order":0,"comment_status":"closed","ping_status":"closed","template":"company-info-template.php","meta":{"_acf_changed":false,"footnotes":""},"groups":[48],"class_list":["post-2553","page","type-page","status-publish","has-post-thumbnail","hentry","groups-about"],"acf":[],"yoast_head":"<!-- This site is optimized with the Yoast SEO plugin v25.7 - https:\/\/yoast.com\/wordpress\/plugins\/seo\/ -->\n<title>Message from President and CEO - TMEIC<\/title>\n<meta name=\"robots\" content=\"index, follow, max-snippet:-1, max-image-preview:large, max-video-preview:-1\" \/>\n<link rel=\"canonical\" href=\"https:\/\/www.tmeic.com\/es\/about\/mensaje-del-presidente-y-ceo\/\" \/>\n<meta property=\"og:locale\" content=\"es_ES\" \/>\n<meta property=\"og:type\" content=\"article\" \/>\n<meta property=\"og:title\" content=\"Message from President and CEO - TMEIC\" \/>\n<meta property=\"og:description\" content=\"TMEIC Corporation se fundo en octubre de 2003 tras la integraci\u00f3n de los negocios de Toshiba Corporation y Mitsubishi Electric Corporation en el \u00e1mbito industrial. Desde entonces, TMEIC ha aprovechado las tecnolog\u00edas y los fundamentos empresariales heredados de ambas empresas para ofrecer una serie de productos, tecnolog\u00edas y servicios altamente apreciados por los clientes. Los [&hellip;]\" \/>\n<meta property=\"og:url\" content=\"https:\/\/www.tmeic.com\/es\/about\/mensaje-del-presidente-y-ceo\/\" \/>\n<meta property=\"og:site_name\" content=\"TMEIC\" \/>\n<meta property=\"article:modified_time\" content=\"2025-06-04T23:29:21+00:00\" \/>\n<meta property=\"og:image\" content=\"https:\/\/www.tmeic.com\/wp-content\/uploads\/2025\/05\/header-all-industries-1920x220-1.jpg\" \/>\n\t<meta property=\"og:image:width\" content=\"1920\" \/>\n\t<meta property=\"og:image:height\" content=\"220\" \/>\n\t<meta property=\"og:image:type\" content=\"image\/jpeg\" \/>\n<meta name=\"twitter:card\" content=\"summary_large_image\" \/>\n<meta name=\"twitter:label1\" content=\"Est. reading time\" \/>\n\t<meta name=\"twitter:data1\" content=\"2 minutos\" \/>\n<script type=\"application\/ld+json\" class=\"yoast-schema-graph\">{\"@context\":\"https:\/\/schema.org\",\"@graph\":[{\"@type\":\"WebPage\",\"@id\":\"https:\/\/www.tmeic.com\/es\/about\/mensaje-del-presidente-y-ceo\/\",\"url\":\"https:\/\/www.tmeic.com\/es\/about\/mensaje-del-presidente-y-ceo\/\",\"name\":\"Message from President and CEO - TMEIC\",\"isPartOf\":{\"@id\":\"https:\/\/www.tmeic.com\/zh-hans\/#website\"},\"primaryImageOfPage\":{\"@id\":\"https:\/\/www.tmeic.com\/es\/about\/mensaje-del-presidente-y-ceo\/#primaryimage\"},\"image\":{\"@id\":\"https:\/\/www.tmeic.com\/es\/about\/mensaje-del-presidente-y-ceo\/#primaryimage\"},\"thumbnailUrl\":\"https:\/\/tmeic.com\/wp-content\/uploads\/2025\/05\/header-all-industries-1920x220-1.jpg\",\"datePublished\":\"2025-05-18T00:01:52+00:00\",\"dateModified\":\"2025-06-04T23:29:21+00:00\",\"breadcrumb\":{\"@id\":\"https:\/\/www.tmeic.com\/es\/about\/mensaje-del-presidente-y-ceo\/#breadcrumb\"},\"inLanguage\":\"es\",\"potentialAction\":[{\"@type\":\"ReadAction\",\"target\":[\"https:\/\/www.tmeic.com\/es\/about\/mensaje-del-presidente-y-ceo\/\"]}]},{\"@type\":\"ImageObject\",\"inLanguage\":\"es\",\"@id\":\"https:\/\/www.tmeic.com\/es\/about\/mensaje-del-presidente-y-ceo\/#primaryimage\",\"url\":\"https:\/\/tmeic.com\/wp-content\/uploads\/2025\/05\/header-all-industries-1920x220-1.jpg\",\"contentUrl\":\"https:\/\/tmeic.com\/wp-content\/uploads\/2025\/05\/header-all-industries-1920x220-1.jpg\",\"width\":1920,\"height\":220},{\"@type\":\"BreadcrumbList\",\"@id\":\"https:\/\/www.tmeic.com\/es\/about\/mensaje-del-presidente-y-ceo\/#breadcrumb\",\"itemListElement\":[{\"@type\":\"ListItem\",\"position\":1,\"name\":\"Home\",\"item\":\"https:\/\/tmeic.com\/es\/\"},{\"@type\":\"ListItem\",\"position\":2,\"name\":\"About\",\"item\":\"https:\/\/www.tmeic.com\/es\/about\/\"},{\"@type\":\"ListItem\",\"position\":3,\"name\":\"Message from President and CEO\"}]},{\"@type\":\"WebSite\",\"@id\":\"https:\/\/www.tmeic.com\/zh-hans\/#website\",\"url\":\"https:\/\/www.tmeic.com\/zh-hans\/\",\"name\":\"TMEIC\",\"description\":\"\",\"potentialAction\":[{\"@type\":\"SearchAction\",\"target\":{\"@type\":\"EntryPoint\",\"urlTemplate\":\"https:\/\/www.tmeic.com\/zh-hans\/?s={search_term_string}\"},\"query-input\":{\"@type\":\"PropertyValueSpecification\",\"valueRequired\":true,\"valueName\":\"search_term_string\"}}],\"inLanguage\":\"es\"}]}<\/script>\n<!-- \/ Yoast SEO plugin. -->","yoast_head_json":{"title":"Message from President and CEO - TMEIC","robots":{"index":"index","follow":"follow","max-snippet":"max-snippet:-1","max-image-preview":"max-image-preview:large","max-video-preview":"max-video-preview:-1"},"canonical":"https:\/\/www.tmeic.com\/es\/about\/mensaje-del-presidente-y-ceo\/","og_locale":"es_ES","og_type":"article","og_title":"Message from President and CEO - TMEIC","og_description":"TMEIC Corporation se fundo en octubre de 2003 tras la integraci\u00f3n de los negocios de Toshiba Corporation y Mitsubishi Electric Corporation en el \u00e1mbito industrial. Desde entonces, TMEIC ha aprovechado las tecnolog\u00edas y los fundamentos empresariales heredados de ambas empresas para ofrecer una serie de productos, tecnolog\u00edas y servicios altamente apreciados por los clientes. Los [&hellip;]","og_url":"https:\/\/www.tmeic.com\/es\/about\/mensaje-del-presidente-y-ceo\/","og_site_name":"TMEIC","article_modified_time":"2025-06-04T23:29:21+00:00","og_image":[{"width":1920,"height":220,"url":"https:\/\/www.tmeic.com\/wp-content\/uploads\/2025\/05\/header-all-industries-1920x220-1.jpg","type":"image\/jpeg"}],"twitter_card":"summary_large_image","twitter_misc":{"Est. reading time":"2 minutos"},"schema":{"@context":"https:\/\/schema.org","@graph":[{"@type":"WebPage","@id":"https:\/\/www.tmeic.com\/es\/about\/mensaje-del-presidente-y-ceo\/","url":"https:\/\/www.tmeic.com\/es\/about\/mensaje-del-presidente-y-ceo\/","name":"Message from President and CEO - TMEIC","isPartOf":{"@id":"https:\/\/www.tmeic.com\/zh-hans\/#website"},"primaryImageOfPage":{"@id":"https:\/\/www.tmeic.com\/es\/about\/mensaje-del-presidente-y-ceo\/#primaryimage"},"image":{"@id":"https:\/\/www.tmeic.com\/es\/about\/mensaje-del-presidente-y-ceo\/#primaryimage"},"thumbnailUrl":"https:\/\/tmeic.com\/wp-content\/uploads\/2025\/05\/header-all-industries-1920x220-1.jpg","datePublished":"2025-05-18T00:01:52+00:00","dateModified":"2025-06-04T23:29:21+00:00","breadcrumb":{"@id":"https:\/\/www.tmeic.com\/es\/about\/mensaje-del-presidente-y-ceo\/#breadcrumb"},"inLanguage":"es","potentialAction":[{"@type":"ReadAction","target":["https:\/\/www.tmeic.com\/es\/about\/mensaje-del-presidente-y-ceo\/"]}]},{"@type":"ImageObject","inLanguage":"es","@id":"https:\/\/www.tmeic.com\/es\/about\/mensaje-del-presidente-y-ceo\/#primaryimage","url":"https:\/\/tmeic.com\/wp-content\/uploads\/2025\/05\/header-all-industries-1920x220-1.jpg","contentUrl":"https:\/\/tmeic.com\/wp-content\/uploads\/2025\/05\/header-all-industries-1920x220-1.jpg","width":1920,"height":220},{"@type":"BreadcrumbList","@id":"https:\/\/www.tmeic.com\/es\/about\/mensaje-del-presidente-y-ceo\/#breadcrumb","itemListElement":[{"@type":"ListItem","position":1,"name":"Home","item":"https:\/\/tmeic.com\/es\/"},{"@type":"ListItem","position":2,"name":"About","item":"https:\/\/www.tmeic.com\/es\/about\/"},{"@type":"ListItem","position":3,"name":"Message from President and CEO"}]},{"@type":"WebSite","@id":"https:\/\/www.tmeic.com\/zh-hans\/#website","url":"https:\/\/www.tmeic.com\/zh-hans\/","name":"TMEIC","description":"","potentialAction":[{"@type":"SearchAction","target":{"@type":"EntryPoint","urlTemplate":"https:\/\/www.tmeic.com\/zh-hans\/?s={search_term_string}"},"query-input":{"@type":"PropertyValueSpecification","valueRequired":true,"valueName":"search_term_string"}}],"inLanguage":"es"}]}},"_links":{"self":[{"href":"https:\/\/tmeic.com\/es\/wp-json\/wp\/v2\/pages\/2553","targetHints":{"allow":["GET"]}}],"collection":[{"href":"https:\/\/tmeic.com\/es\/wp-json\/wp\/v2\/pages"}],"about":[{"href":"https:\/\/tmeic.com\/es\/wp-json\/wp\/v2\/types\/page"}],"author":[{"embeddable":true,"href":"https:\/\/tmeic.com\/es\/wp-json\/wp\/v2\/users\/7"}],"replies":[{"embeddable":true,"href":"https:\/\/tmeic.com\/es\/wp-json\/wp\/v2\/comments?post=2553"}],"version-history":[{"count":9,"href":"https:\/\/tmeic.com\/es\/wp-json\/wp\/v2\/pages\/2553\/revisions"}],"predecessor-version":[{"id":7151,"href":"https:\/\/tmeic.com\/es\/wp-json\/wp\/v2\/pages\/2553\/revisions\/7151"}],"up":[{"embeddable":true,"href":"https:\/\/tmeic.com\/es\/wp-json\/wp\/v2\/pages\/4051"}],"wp:featuredmedia":[{"embeddable":true,"href":"https:\/\/tmeic.com\/es\/wp-json\/wp\/v2\/media\/4325"}],"wp:attachment":[{"href":"https:\/\/tmeic.com\/es\/wp-json\/wp\/v2\/media?parent=2553"}],"wp:term":[{"taxonomy":"groups","embeddable":true,"href":"https:\/\/tmeic.com\/es\/wp-json\/wp\/v2\/groups?post=2553"}],"curies":[{"name":"wp","href":"https:\/\/api.w.org\/{rel}","templated":true}]}}