  {"id":2588,"date":"2025-05-21T01:48:52","date_gmt":"2025-05-21T01:48:52","guid":{"rendered":"https:\/\/tmeic.com\/?page_id=2588"},"modified":"2025-05-21T13:01:23","modified_gmt":"2025-05-21T13:01:23","slug":"modern-slavery-and-human-trafficking-statement","status":"publish","type":"page","link":"https:\/\/tmeic.com\/es\/modern-slavery-and-human-trafficking-statement\/","title":{"rendered":"Declaraci\u00f3n sobre la esclavitud moderna y la trata de seres humanos"},"content":{"rendered":"\n<div style=\"height:100px\" aria-hidden=\"true\" class=\"wp-block-spacer\"><\/div>\n\n<h2 class=\"wp-block-heading\"><strong>Declaraci\u00f3n sobre la esclavitud moderna y la trata de seres humanos<\/strong> <\/h2>\n\n<p><strong>AF2024<\/strong> <\/p>\n\n<p><a href=\"https:\/\/tmeic.com\/wp-content\/uploads\/2025\/05\/TMEU-Modern-Slavery-Act-Statement-2024-TMEU-ALL-DIVS-COM-009_R04-1.pdf\" target=\"_blank\" rel=\"noreferrer noopener\">TMEIC Europe Limited<\/a> <\/p>\n\n<p><strong>A\u00d1O FISCAL 2023<\/strong> <\/p>\n\n<p><a href=\"https:\/\/tmeic.com\/wp-content\/uploads\/2025\/05\/TMEU-Modern-Slavery-Act-Statement-2023-11Aug23.pdf\" target=\"_blank\" rel=\"noreferrer noopener\">TMEIC Europe Limited<\/a> <\/p>\n\n<p><strong>A\u00d1O FISCAL 2022<\/strong> <\/p>\n\n<p><a href=\"https:\/\/tmeic.com\/wp-content\/uploads\/2025\/05\/TMEU-Modern-Slavery-Act-Statement-2022-TMEU-ALL-DIVS-COM-009_R02-22Sep22.pdf\" target=\"_blank\" rel=\"noreferrer noopener\">TMEIC Europe Limited<\/a> <\/p>\n\n<div style=\"height:100px\" aria-hidden=\"true\" class=\"wp-block-spacer\"><\/div>\n\n<p><\/p>\n","protected":false},"excerpt":{"rendered":"<p>Declaraci\u00f3n sobre la esclavitud moderna y la trata de seres humanos AF2024 TMEIC Europe Limited A\u00d1O FISCAL 2023 TMEIC Europe Limited A\u00d1O FISCAL 2022 TMEIC Europe Limited<\/p>\n","protected":false},"author":7,"featured_media":0,"parent":0,"menu_order":0,"comment_status":"closed","ping_status":"closed","template":"","meta":{"_acf_changed":false,"footnotes":""},"groups":[213],"class_list":["post-2588","page","type-page","status-publish","hentry","groups-about-es"],"acf":[],"yoast_head":"<!-- This site is optimized with the Yoast SEO plugin v25.7 - https:\/\/yoast.com\/wordpress\/plugins\/seo\/ -->\n<title>Declaraci\u00f3n sobre la esclavitud moderna y la trata de seres humanos - TMEIC<\/title>\n<meta name=\"robots\" content=\"index, follow, max-snippet:-1, max-image-preview:large, max-video-preview:-1\" \/>\n<link rel=\"canonical\" href=\"https:\/\/tmeic.com\/es\/modern-slavery-and-human-trafficking-statement\/\" \/>\n<meta property=\"og:locale\" content=\"es_ES\" \/>\n<meta property=\"og:type\" content=\"article\" \/>\n<meta property=\"og:title\" content=\"Declaraci\u00f3n sobre la esclavitud moderna y la trata de seres humanos - TMEIC\" \/>\n<meta property=\"og:description\" content=\"Declaraci\u00f3n sobre la esclavitud moderna y la trata de seres humanos AF2024 TMEIC Europe Limited A\u00d1O FISCAL 2023 TMEIC Europe Limited A\u00d1O FISCAL 2022 TMEIC Europe Limited\" \/>\n<meta property=\"og:url\" content=\"https:\/\/tmeic.com\/es\/modern-slavery-and-human-trafficking-statement\/\" \/>\n<meta property=\"og:site_name\" content=\"TMEIC\" \/>\n<meta property=\"article:modified_time\" content=\"2025-05-21T13:01:23+00:00\" \/>\n<meta name=\"twitter:card\" content=\"summary_large_image\" \/>\n<script type=\"application\/ld+json\" class=\"yoast-schema-graph\">{\"@context\":\"https:\/\/schema.org\",\"@graph\":[{\"@type\":\"WebPage\",\"@id\":\"https:\/\/tmeic.com\/es\/modern-slavery-and-human-trafficking-statement\/\",\"url\":\"https:\/\/tmeic.com\/es\/modern-slavery-and-human-trafficking-statement\/\",\"name\":\"Declaraci\u00f3n sobre la esclavitud moderna y la trata de seres humanos - TMEIC\",\"isPartOf\":{\"@id\":\"https:\/\/www.tmeic.com\/zh-hans\/#website\"},\"datePublished\":\"2025-05-21T01:48:52+00:00\",\"dateModified\":\"2025-05-21T13:01:23+00:00\",\"breadcrumb\":{\"@id\":\"https:\/\/tmeic.com\/es\/modern-slavery-and-human-trafficking-statement\/#breadcrumb\"},\"inLanguage\":\"es\",\"potentialAction\":[{\"@type\":\"ReadAction\",\"target\":[\"https:\/\/tmeic.com\/es\/modern-slavery-and-human-trafficking-statement\/\"]}]},{\"@type\":\"BreadcrumbList\",\"@id\":\"https:\/\/tmeic.com\/es\/modern-slavery-and-human-trafficking-statement\/#breadcrumb\",\"itemListElement\":[{\"@type\":\"ListItem\",\"position\":1,\"name\":\"Home\",\"item\":\"https:\/\/tmeic.com\/es\/\"},{\"@type\":\"ListItem\",\"position\":2,\"name\":\"Declaraci\u00f3n sobre la esclavitud moderna y la trata de seres humanos\"}]},{\"@type\":\"WebSite\",\"@id\":\"https:\/\/www.tmeic.com\/zh-hans\/#website\",\"url\":\"https:\/\/www.tmeic.com\/zh-hans\/\",\"name\":\"TMEIC\",\"description\":\"\",\"potentialAction\":[{\"@type\":\"SearchAction\",\"target\":{\"@type\":\"EntryPoint\",\"urlTemplate\":\"https:\/\/www.tmeic.com\/zh-hans\/?s={search_term_string}\"},\"query-input\":{\"@type\":\"PropertyValueSpecification\",\"valueRequired\":true,\"valueName\":\"search_term_string\"}}],\"inLanguage\":\"es\"}]}<\/script>\n<!-- \/ Yoast SEO plugin. -->","yoast_head_json":{"title":"Declaraci\u00f3n sobre la esclavitud moderna y la trata de seres humanos - TMEIC","robots":{"index":"index","follow":"follow","max-snippet":"max-snippet:-1","max-image-preview":"max-image-preview:large","max-video-preview":"max-video-preview:-1"},"canonical":"https:\/\/tmeic.com\/es\/modern-slavery-and-human-trafficking-statement\/","og_locale":"es_ES","og_type":"article","og_title":"Declaraci\u00f3n sobre la esclavitud moderna y la trata de seres humanos - TMEIC","og_description":"Declaraci\u00f3n sobre la esclavitud moderna y la trata de seres humanos AF2024 TMEIC Europe Limited A\u00d1O FISCAL 2023 TMEIC Europe Limited A\u00d1O FISCAL 2022 TMEIC Europe Limited","og_url":"https:\/\/tmeic.com\/es\/modern-slavery-and-human-trafficking-statement\/","og_site_name":"TMEIC","article_modified_time":"2025-05-21T13:01:23+00:00","twitter_card":"summary_large_image","schema":{"@context":"https:\/\/schema.org","@graph":[{"@type":"WebPage","@id":"https:\/\/tmeic.com\/es\/modern-slavery-and-human-trafficking-statement\/","url":"https:\/\/tmeic.com\/es\/modern-slavery-and-human-trafficking-statement\/","name":"Declaraci\u00f3n sobre la esclavitud moderna y la trata de seres humanos - TMEIC","isPartOf":{"@id":"https:\/\/www.tmeic.com\/zh-hans\/#website"},"datePublished":"2025-05-21T01:48:52+00:00","dateModified":"2025-05-21T13:01:23+00:00","breadcrumb":{"@id":"https:\/\/tmeic.com\/es\/modern-slavery-and-human-trafficking-statement\/#breadcrumb"},"inLanguage":"es","potentialAction":[{"@type":"ReadAction","target":["https:\/\/tmeic.com\/es\/modern-slavery-and-human-trafficking-statement\/"]}]},{"@type":"BreadcrumbList","@id":"https:\/\/tmeic.com\/es\/modern-slavery-and-human-trafficking-statement\/#breadcrumb","itemListElement":[{"@type":"ListItem","position":1,"name":"Home","item":"https:\/\/tmeic.com\/es\/"},{"@type":"ListItem","position":2,"name":"Declaraci\u00f3n sobre la esclavitud moderna y la trata de seres humanos"}]},{"@type":"WebSite","@id":"https:\/\/www.tmeic.com\/zh-hans\/#website","url":"https:\/\/www.tmeic.com\/zh-hans\/","name":"TMEIC","description":"","potentialAction":[{"@type":"SearchAction","target":{"@type":"EntryPoint","urlTemplate":"https:\/\/www.tmeic.com\/zh-hans\/?s={search_term_string}"},"query-input":{"@type":"PropertyValueSpecification","valueRequired":true,"valueName":"search_term_string"}}],"inLanguage":"es"}]}},"_links":{"self":[{"href":"https:\/\/tmeic.com\/es\/wp-json\/wp\/v2\/pages\/2588","targetHints":{"allow":["GET"]}}],"collection":[{"href":"https:\/\/tmeic.com\/es\/wp-json\/wp\/v2\/pages"}],"about":[{"href":"https:\/\/tmeic.com\/es\/wp-json\/wp\/v2\/types\/page"}],"author":[{"embeddable":true,"href":"https:\/\/tmeic.com\/es\/wp-json\/wp\/v2\/users\/7"}],"replies":[{"embeddable":true,"href":"https:\/\/tmeic.com\/es\/wp-json\/wp\/v2\/comments?post=2588"}],"version-history":[{"count":3,"href":"https:\/\/tmeic.com\/es\/wp-json\/wp\/v2\/pages\/2588\/revisions"}],"predecessor-version":[{"id":5913,"href":"https:\/\/tmeic.com\/es\/wp-json\/wp\/v2\/pages\/2588\/revisions\/5913"}],"wp:attachment":[{"href":"https:\/\/tmeic.com\/es\/wp-json\/wp\/v2\/media?parent=2588"}],"wp:term":[{"taxonomy":"groups","embeddable":true,"href":"https:\/\/tmeic.com\/es\/wp-json\/wp\/v2\/groups?post=2588"}],"curies":[{"name":"wp","href":"https:\/\/api.w.org\/{rel}","templated":true}]}}