  {"id":2623,"date":"2025-05-18T00:02:23","date_gmt":"2025-05-18T00:02:23","guid":{"rendered":"https:\/\/tmeic.com\/?page_id=2623"},"modified":"2025-06-04T23:19:34","modified_gmt":"2025-06-04T23:19:34","slug":"acerca-de-la-marca-tmeic","status":"publish","type":"page","link":"https:\/\/tmeic.com\/es\/about\/acerca-de-la-marca-tmeic\/","title":{"rendered":"Acerca de la marca TMEIC"},"content":{"rendered":"\n<p><strong>Mensaje de marca<\/strong> <\/p>\n\n<p>TMEIC crecer\u00e1 junto con los clientes como socio global en sistemas industriales y se convertir\u00e1 en la fuerza motriz de la sociedad con productos avanzados de alta calidad, tecnolog\u00eda e ingenier\u00eda.  <\/p>\n\n<p><strong>Valor de marca para los clientes<\/strong> <\/p>\n\n<p>TMEIC proporciona soluciones globales e ingenier\u00eda para la Tecnolog\u00eda de la Producci\u00f3n y la Gesti\u00f3n del Medio Ambiente, as\u00ed como productos y sistemas espec\u00edficos de alta calidad para satisfacer las necesidades de los clientes. Para ello, TMEIC   <\/p>\n\n<ul class=\"wp-block-list\">\n<li>Se enfoca en los mercados industriales (Enfocado). <\/li>\n<\/ul>\n\n<ul class=\"wp-block-list\">\n<li>Aporta innovaciones a la industria (Inventiva). <\/li>\n<\/ul>\n\n<ul class=\"wp-block-list\">\n<li>Adopta enfoques positivos y constructivos (Constructivo). <\/li>\n<\/ul>\n\n<ul class=\"wp-block-list\">\n<li>Evoluciona continuamente sostenible los clientes (Sostenido). <\/li>\n<\/ul>\n\n<p><strong>Marca y eslogan<\/strong> <\/p>\n\n<p>El concepto de la marca es una \u00abFLECHA\u00bb. La firme intenci\u00f3n de nuestro coraz\u00f3n y nuestra alma es llevar la industria a otro nivel. El motivo del dise\u00f1o expresa el compromiso de TMEIC con la b\u00fasqueda incansable de la actualizaci\u00f3n, la pasi\u00f3n por superar nuevos retos y la b\u00fasqueda rigurosa del futuro.    <\/p>\n\n<p>El eslogan We Drive Industry \u00abImpulsamos la industria\u00bb comunica que TMEIC se compromete a liderar la industria y a convertirse en la fuerza progresista impulsora del mundo. <\/p>\n\n<p><strong>Iniciativas clave para la estrategia de marca TMEIC<\/strong> <\/p>\n\n<ol start=\"1\" class=\"wp-block-list\">\n<li>Reforzar los enfoques orientados al cliente y a la obra como socio de soluciones bien fundamentadas.  <\/li>\n<\/ol>\n\n<ol start=\"2\" class=\"wp-block-list\">\n<li>Acelerar la innovaci\u00f3n en la capacidad de ingenier\u00eda y en la tecnolog\u00eda de motores y accionamientos, que son los componentes b\u00e1sicos de nuestro negocio.  <\/li>\n<\/ol>\n\n<ol start=\"3\" class=\"wp-block-list\">\n<li>Mejorar la estructura de apoyo global TMEIC ampliando la red global TMEIC y mejorando la colaboraci\u00f3n dentro del grupo TMEIC.  <\/li>\n<\/ol>\n","protected":false},"excerpt":{"rendered":"<p>Mensaje de marca TMEIC crecer\u00e1 junto con los clientes como socio global en sistemas industriales y se convertir\u00e1 en la fuerza motriz de la sociedad con productos avanzados de alta calidad, tecnolog\u00eda e ingenier\u00eda. Valor de marca para los clientes TMEIC proporciona soluciones globales e ingenier\u00eda para la Tecnolog\u00eda de la Producci\u00f3n y la Gesti\u00f3n [&hellip;]<\/p>\n","protected":false},"author":7,"featured_media":0,"parent":4051,"menu_order":0,"comment_status":"closed","ping_status":"closed","template":"company-info-template.php","meta":{"_acf_changed":false,"footnotes":""},"groups":[48],"class_list":["post-2623","page","type-page","status-publish","hentry","groups-about"],"acf":[],"yoast_head":"<!-- This site is optimized with the Yoast SEO plugin v25.7 - https:\/\/yoast.com\/wordpress\/plugins\/seo\/ -->\n<title>Acerca de la marca TMEIC - TMEIC<\/title>\n<meta name=\"robots\" content=\"index, follow, max-snippet:-1, max-image-preview:large, max-video-preview:-1\" \/>\n<link rel=\"canonical\" href=\"https:\/\/www.tmeic.com\/es\/about\/acerca-de-la-marca-tmeic\/\" \/>\n<meta property=\"og:locale\" content=\"es_ES\" \/>\n<meta property=\"og:type\" content=\"article\" \/>\n<meta property=\"og:title\" content=\"Acerca de la marca TMEIC - TMEIC\" \/>\n<meta property=\"og:description\" content=\"Mensaje de marca TMEIC crecer\u00e1 junto con los clientes como socio global en sistemas industriales y se convertir\u00e1 en la fuerza motriz de la sociedad con productos avanzados de alta calidad, tecnolog\u00eda e ingenier\u00eda. Valor de marca para los clientes TMEIC proporciona soluciones globales e ingenier\u00eda para la Tecnolog\u00eda de la Producci\u00f3n y la Gesti\u00f3n [&hellip;]\" \/>\n<meta property=\"og:url\" content=\"https:\/\/www.tmeic.com\/es\/about\/acerca-de-la-marca-tmeic\/\" \/>\n<meta property=\"og:site_name\" content=\"TMEIC\" \/>\n<meta property=\"article:modified_time\" content=\"2025-06-04T23:19:34+00:00\" \/>\n<meta name=\"twitter:card\" content=\"summary_large_image\" \/>\n<meta name=\"twitter:label1\" content=\"Est. reading time\" \/>\n\t<meta name=\"twitter:data1\" content=\"1 minuto\" \/>\n<script type=\"application\/ld+json\" class=\"yoast-schema-graph\">{\"@context\":\"https:\/\/schema.org\",\"@graph\":[{\"@type\":\"WebPage\",\"@id\":\"https:\/\/www.tmeic.com\/es\/about\/acerca-de-la-marca-tmeic\/\",\"url\":\"https:\/\/www.tmeic.com\/es\/about\/acerca-de-la-marca-tmeic\/\",\"name\":\"Acerca de la marca TMEIC - TMEIC\",\"isPartOf\":{\"@id\":\"https:\/\/www.tmeic.com\/zh-hans\/#website\"},\"datePublished\":\"2025-05-18T00:02:23+00:00\",\"dateModified\":\"2025-06-04T23:19:34+00:00\",\"breadcrumb\":{\"@id\":\"https:\/\/www.tmeic.com\/es\/about\/acerca-de-la-marca-tmeic\/#breadcrumb\"},\"inLanguage\":\"es\",\"potentialAction\":[{\"@type\":\"ReadAction\",\"target\":[\"https:\/\/www.tmeic.com\/es\/about\/acerca-de-la-marca-tmeic\/\"]}]},{\"@type\":\"BreadcrumbList\",\"@id\":\"https:\/\/www.tmeic.com\/es\/about\/acerca-de-la-marca-tmeic\/#breadcrumb\",\"itemListElement\":[{\"@type\":\"ListItem\",\"position\":1,\"name\":\"Home\",\"item\":\"https:\/\/tmeic.com\/es\/\"},{\"@type\":\"ListItem\",\"position\":2,\"name\":\"About\",\"item\":\"https:\/\/www.tmeic.com\/es\/about\/\"},{\"@type\":\"ListItem\",\"position\":3,\"name\":\"Acerca de la marca TMEIC\"}]},{\"@type\":\"WebSite\",\"@id\":\"https:\/\/www.tmeic.com\/zh-hans\/#website\",\"url\":\"https:\/\/www.tmeic.com\/zh-hans\/\",\"name\":\"TMEIC\",\"description\":\"\",\"potentialAction\":[{\"@type\":\"SearchAction\",\"target\":{\"@type\":\"EntryPoint\",\"urlTemplate\":\"https:\/\/www.tmeic.com\/zh-hans\/?s={search_term_string}\"},\"query-input\":{\"@type\":\"PropertyValueSpecification\",\"valueRequired\":true,\"valueName\":\"search_term_string\"}}],\"inLanguage\":\"es\"}]}<\/script>\n<!-- \/ Yoast SEO plugin. -->","yoast_head_json":{"title":"Acerca de la marca TMEIC - TMEIC","robots":{"index":"index","follow":"follow","max-snippet":"max-snippet:-1","max-image-preview":"max-image-preview:large","max-video-preview":"max-video-preview:-1"},"canonical":"https:\/\/www.tmeic.com\/es\/about\/acerca-de-la-marca-tmeic\/","og_locale":"es_ES","og_type":"article","og_title":"Acerca de la marca TMEIC - TMEIC","og_description":"Mensaje de marca TMEIC crecer\u00e1 junto con los clientes como socio global en sistemas industriales y se convertir\u00e1 en la fuerza motriz de la sociedad con productos avanzados de alta calidad, tecnolog\u00eda e ingenier\u00eda. Valor de marca para los clientes TMEIC proporciona soluciones globales e ingenier\u00eda para la Tecnolog\u00eda de la Producci\u00f3n y la Gesti\u00f3n [&hellip;]","og_url":"https:\/\/www.tmeic.com\/es\/about\/acerca-de-la-marca-tmeic\/","og_site_name":"TMEIC","article_modified_time":"2025-06-04T23:19:34+00:00","twitter_card":"summary_large_image","twitter_misc":{"Est. reading time":"1 minuto"},"schema":{"@context":"https:\/\/schema.org","@graph":[{"@type":"WebPage","@id":"https:\/\/www.tmeic.com\/es\/about\/acerca-de-la-marca-tmeic\/","url":"https:\/\/www.tmeic.com\/es\/about\/acerca-de-la-marca-tmeic\/","name":"Acerca de la marca TMEIC - TMEIC","isPartOf":{"@id":"https:\/\/www.tmeic.com\/zh-hans\/#website"},"datePublished":"2025-05-18T00:02:23+00:00","dateModified":"2025-06-04T23:19:34+00:00","breadcrumb":{"@id":"https:\/\/www.tmeic.com\/es\/about\/acerca-de-la-marca-tmeic\/#breadcrumb"},"inLanguage":"es","potentialAction":[{"@type":"ReadAction","target":["https:\/\/www.tmeic.com\/es\/about\/acerca-de-la-marca-tmeic\/"]}]},{"@type":"BreadcrumbList","@id":"https:\/\/www.tmeic.com\/es\/about\/acerca-de-la-marca-tmeic\/#breadcrumb","itemListElement":[{"@type":"ListItem","position":1,"name":"Home","item":"https:\/\/tmeic.com\/es\/"},{"@type":"ListItem","position":2,"name":"About","item":"https:\/\/www.tmeic.com\/es\/about\/"},{"@type":"ListItem","position":3,"name":"Acerca de la marca TMEIC"}]},{"@type":"WebSite","@id":"https:\/\/www.tmeic.com\/zh-hans\/#website","url":"https:\/\/www.tmeic.com\/zh-hans\/","name":"TMEIC","description":"","potentialAction":[{"@type":"SearchAction","target":{"@type":"EntryPoint","urlTemplate":"https:\/\/www.tmeic.com\/zh-hans\/?s={search_term_string}"},"query-input":{"@type":"PropertyValueSpecification","valueRequired":true,"valueName":"search_term_string"}}],"inLanguage":"es"}]}},"_links":{"self":[{"href":"https:\/\/tmeic.com\/es\/wp-json\/wp\/v2\/pages\/2623","targetHints":{"allow":["GET"]}}],"collection":[{"href":"https:\/\/tmeic.com\/es\/wp-json\/wp\/v2\/pages"}],"about":[{"href":"https:\/\/tmeic.com\/es\/wp-json\/wp\/v2\/types\/page"}],"author":[{"embeddable":true,"href":"https:\/\/tmeic.com\/es\/wp-json\/wp\/v2\/users\/7"}],"replies":[{"embeddable":true,"href":"https:\/\/tmeic.com\/es\/wp-json\/wp\/v2\/comments?post=2623"}],"version-history":[{"count":5,"href":"https:\/\/tmeic.com\/es\/wp-json\/wp\/v2\/pages\/2623\/revisions"}],"predecessor-version":[{"id":7147,"href":"https:\/\/tmeic.com\/es\/wp-json\/wp\/v2\/pages\/2623\/revisions\/7147"}],"up":[{"embeddable":true,"href":"https:\/\/tmeic.com\/es\/wp-json\/wp\/v2\/pages\/4051"}],"wp:attachment":[{"href":"https:\/\/tmeic.com\/es\/wp-json\/wp\/v2\/media?parent=2623"}],"wp:term":[{"taxonomy":"groups","embeddable":true,"href":"https:\/\/tmeic.com\/es\/wp-json\/wp\/v2\/groups?post=2623"}],"curies":[{"name":"wp","href":"https:\/\/api.w.org\/{rel}","templated":true}]}}