  {"id":2650,"date":"2025-05-18T03:05:05","date_gmt":"2025-05-18T03:05:05","guid":{"rendered":"https:\/\/tmeic.com\/?page_id=2650"},"modified":"2025-05-21T00:05:02","modified_gmt":"2025-05-21T00:05:02","slug":"compromiso-con-tecnologias-de-punta","status":"publish","type":"page","link":"https:\/\/tmeic.com\/es\/about\/compromiso-con-tecnologias-de-punta\/","title":{"rendered":"Compromiso con las tecnolog\u00edas de vanguardia"},"content":{"rendered":"\n<p><strong>Compromiso con las <\/strong><strong>tecnolog\u00edas<\/strong><strong>de vanguardia <\/strong> <\/p>\n\n<p><strong>Trabajando para mejorar las tecnolog\u00edas b\u00e1sicas, TMEIC avanza en la I+D de productos y sistemas avanzados para responder a las necesidades de la sociedad y los clientes.<\/strong> <\/p>\n\n<p>Los sistemas industriales se basan en la electr\u00f3nica de potencia, la maquinaria rotativa y los sistemas de control, tecnolog\u00edas que avanzan d\u00eda a d\u00eda. Al tiempo que trabaja para mejorar las tecnolog\u00edas b\u00e1sicas, TMEIC avanza en la investigaci\u00f3n y el desarrollo de productos y sistemas avanzados para responder a las necesidades de la sociedad y los clientes. Esto incluye nuestro compromiso con la innovaci\u00f3n en sistemas industriales, en \u00e1reas como la tecnolog\u00eda verde.    <\/p>\n\n<p><strong>Desarrollo de tecnolog\u00edas para energ\u00edas renovables respetuosas con el medio ambiente<\/strong> <\/p>\n\n<ul class=\"wp-block-list\">\n<li>Inversores para energ\u00eda fotovoltaica  <\/li>\n<\/ul>\n\n<ul class=\"wp-block-list\">\n<li>Generadores y convertidores de gran capacidad para la generaci\u00f3n de energ\u00eda e\u00f3lica  <\/li>\n<\/ul>\n\n<ul class=\"wp-block-list\">\n<li>Convertidor para pilas de NaS  <\/li>\n<\/ul>\n\n<ul class=\"wp-block-list\">\n<li>Sistema de predicci\u00f3n y control de las propiedades de los materiales para acer\u00edas  <\/li>\n<\/ul>\n\n<ul class=\"wp-block-list\">\n<li>Sistema de apoyo al mantenimiento y la ingenier\u00eda  <\/li>\n<\/ul>\n\n<ul class=\"wp-block-list\">\n<li>An\u00e1lisis 3D de acoplamiento electromagn\u00e9tico y de temperatura (dispositivo de calentamiento por inducci\u00f3n)  <\/li>\n<\/ul>\n\n<ul class=\"wp-block-list\">\n<li>Innovaci\u00f3n en tecnolog\u00eda de accionamiento el\u00e9ctrico  <\/li>\n<\/ul>\n\n<ul class=\"wp-block-list\">\n<li>Sistemas de motor y accionamiento de gran capacidad  <\/li>\n<\/ul>\n\n<ul class=\"wp-block-list\">\n<li>Simulaci\u00f3n del modelo completo del compresor de GNL  <\/li>\n<\/ul>\n\n<ul class=\"wp-block-list\">\n<li>Motores el\u00e9ctricos de imanes permanentes  <\/li>\n<\/ul>\n\n<ul class=\"wp-block-list\">\n<li>Innovaci\u00f3n del proceso de fabricaci\u00f3n de semiconductores, FPD y PV  <\/li>\n<\/ul>\n\n<ul class=\"wp-block-list\">\n<li>Ozono limpio, tubos de calor, tecnolog\u00eda de plasma, tecnolog\u00eda avanzada de deposici\u00f3n de pel\u00edculas  <\/li>\n<\/ul>\n\n<ul class=\"wp-block-list\">\n<li>Mecatr\u00f3nica de precisi\u00f3n  <\/li>\n<\/ul>\n\n<ul class=\"wp-block-list\">\n<li>Blindaje de radiofrecuencia, tecnolog\u00eda mecatr\u00f3nica fina  <\/li>\n<\/ul>\n\n<p><\/p>\n","protected":false},"excerpt":{"rendered":"<p>Compromiso con las tecnolog\u00edasde vanguardia Trabajando para mejorar las tecnolog\u00edas b\u00e1sicas, TMEIC avanza en la I+D de productos y sistemas avanzados para responder a las necesidades de la sociedad y los clientes. Los sistemas industriales se basan en la electr\u00f3nica de potencia, la maquinaria rotativa y los sistemas de control, tecnolog\u00edas que avanzan d\u00eda a [&hellip;]<\/p>\n","protected":false},"author":7,"featured_media":0,"parent":4051,"menu_order":0,"comment_status":"closed","ping_status":"closed","template":"company-info-template.php","meta":{"_acf_changed":false,"footnotes":""},"groups":[213],"class_list":["post-2650","page","type-page","status-publish","hentry","groups-about-es"],"acf":[],"yoast_head":"<!-- This site is optimized with the Yoast SEO plugin v25.7 - https:\/\/yoast.com\/wordpress\/plugins\/seo\/ -->\n<title>Compromiso con las tecnolog\u00edas de vanguardia - TMEIC<\/title>\n<meta name=\"robots\" content=\"index, follow, max-snippet:-1, max-image-preview:large, max-video-preview:-1\" \/>\n<link rel=\"canonical\" href=\"https:\/\/www.tmeic.com\/es\/about\/compromiso-con-tecnologias-de-punta\/\" \/>\n<meta property=\"og:locale\" content=\"es_ES\" \/>\n<meta property=\"og:type\" content=\"article\" \/>\n<meta property=\"og:title\" content=\"Compromiso con las tecnolog\u00edas de vanguardia - TMEIC\" \/>\n<meta property=\"og:description\" content=\"Compromiso con las tecnolog\u00edasde vanguardia Trabajando para mejorar las tecnolog\u00edas b\u00e1sicas, TMEIC avanza en la I+D de productos y sistemas avanzados para responder a las necesidades de la sociedad y los clientes. Los sistemas industriales se basan en la electr\u00f3nica de potencia, la maquinaria rotativa y los sistemas de control, tecnolog\u00edas que avanzan d\u00eda a [&hellip;]\" \/>\n<meta property=\"og:url\" content=\"https:\/\/www.tmeic.com\/es\/about\/compromiso-con-tecnologias-de-punta\/\" \/>\n<meta property=\"og:site_name\" content=\"TMEIC\" \/>\n<meta property=\"article:modified_time\" content=\"2025-05-21T00:05:02+00:00\" \/>\n<meta name=\"twitter:card\" content=\"summary_large_image\" \/>\n<meta name=\"twitter:label1\" content=\"Est. reading time\" \/>\n\t<meta name=\"twitter:data1\" content=\"1 minuto\" \/>\n<script type=\"application\/ld+json\" class=\"yoast-schema-graph\">{\"@context\":\"https:\/\/schema.org\",\"@graph\":[{\"@type\":\"WebPage\",\"@id\":\"https:\/\/www.tmeic.com\/es\/about\/compromiso-con-tecnologias-de-punta\/\",\"url\":\"https:\/\/www.tmeic.com\/es\/about\/compromiso-con-tecnologias-de-punta\/\",\"name\":\"Compromiso con las tecnolog\u00edas de vanguardia - TMEIC\",\"isPartOf\":{\"@id\":\"https:\/\/www.tmeic.com\/zh-hans\/#website\"},\"datePublished\":\"2025-05-18T03:05:05+00:00\",\"dateModified\":\"2025-05-21T00:05:02+00:00\",\"breadcrumb\":{\"@id\":\"https:\/\/www.tmeic.com\/es\/about\/compromiso-con-tecnologias-de-punta\/#breadcrumb\"},\"inLanguage\":\"es\",\"potentialAction\":[{\"@type\":\"ReadAction\",\"target\":[\"https:\/\/www.tmeic.com\/es\/about\/compromiso-con-tecnologias-de-punta\/\"]}]},{\"@type\":\"BreadcrumbList\",\"@id\":\"https:\/\/www.tmeic.com\/es\/about\/compromiso-con-tecnologias-de-punta\/#breadcrumb\",\"itemListElement\":[{\"@type\":\"ListItem\",\"position\":1,\"name\":\"Home\",\"item\":\"https:\/\/tmeic.com\/es\/\"},{\"@type\":\"ListItem\",\"position\":2,\"name\":\"About\",\"item\":\"https:\/\/www.tmeic.com\/es\/about\/\"},{\"@type\":\"ListItem\",\"position\":3,\"name\":\"Compromiso con las tecnolog\u00edas de vanguardia\"}]},{\"@type\":\"WebSite\",\"@id\":\"https:\/\/www.tmeic.com\/zh-hans\/#website\",\"url\":\"https:\/\/www.tmeic.com\/zh-hans\/\",\"name\":\"TMEIC\",\"description\":\"\",\"potentialAction\":[{\"@type\":\"SearchAction\",\"target\":{\"@type\":\"EntryPoint\",\"urlTemplate\":\"https:\/\/www.tmeic.com\/zh-hans\/?s={search_term_string}\"},\"query-input\":{\"@type\":\"PropertyValueSpecification\",\"valueRequired\":true,\"valueName\":\"search_term_string\"}}],\"inLanguage\":\"es\"}]}<\/script>\n<!-- \/ Yoast SEO plugin. -->","yoast_head_json":{"title":"Compromiso con las tecnolog\u00edas de vanguardia - TMEIC","robots":{"index":"index","follow":"follow","max-snippet":"max-snippet:-1","max-image-preview":"max-image-preview:large","max-video-preview":"max-video-preview:-1"},"canonical":"https:\/\/www.tmeic.com\/es\/about\/compromiso-con-tecnologias-de-punta\/","og_locale":"es_ES","og_type":"article","og_title":"Compromiso con las tecnolog\u00edas de vanguardia - TMEIC","og_description":"Compromiso con las tecnolog\u00edasde vanguardia Trabajando para mejorar las tecnolog\u00edas b\u00e1sicas, TMEIC avanza en la I+D de productos y sistemas avanzados para responder a las necesidades de la sociedad y los clientes. Los sistemas industriales se basan en la electr\u00f3nica de potencia, la maquinaria rotativa y los sistemas de control, tecnolog\u00edas que avanzan d\u00eda a [&hellip;]","og_url":"https:\/\/www.tmeic.com\/es\/about\/compromiso-con-tecnologias-de-punta\/","og_site_name":"TMEIC","article_modified_time":"2025-05-21T00:05:02+00:00","twitter_card":"summary_large_image","twitter_misc":{"Est. reading time":"1 minuto"},"schema":{"@context":"https:\/\/schema.org","@graph":[{"@type":"WebPage","@id":"https:\/\/www.tmeic.com\/es\/about\/compromiso-con-tecnologias-de-punta\/","url":"https:\/\/www.tmeic.com\/es\/about\/compromiso-con-tecnologias-de-punta\/","name":"Compromiso con las tecnolog\u00edas de vanguardia - TMEIC","isPartOf":{"@id":"https:\/\/www.tmeic.com\/zh-hans\/#website"},"datePublished":"2025-05-18T03:05:05+00:00","dateModified":"2025-05-21T00:05:02+00:00","breadcrumb":{"@id":"https:\/\/www.tmeic.com\/es\/about\/compromiso-con-tecnologias-de-punta\/#breadcrumb"},"inLanguage":"es","potentialAction":[{"@type":"ReadAction","target":["https:\/\/www.tmeic.com\/es\/about\/compromiso-con-tecnologias-de-punta\/"]}]},{"@type":"BreadcrumbList","@id":"https:\/\/www.tmeic.com\/es\/about\/compromiso-con-tecnologias-de-punta\/#breadcrumb","itemListElement":[{"@type":"ListItem","position":1,"name":"Home","item":"https:\/\/tmeic.com\/es\/"},{"@type":"ListItem","position":2,"name":"About","item":"https:\/\/www.tmeic.com\/es\/about\/"},{"@type":"ListItem","position":3,"name":"Compromiso con las tecnolog\u00edas de vanguardia"}]},{"@type":"WebSite","@id":"https:\/\/www.tmeic.com\/zh-hans\/#website","url":"https:\/\/www.tmeic.com\/zh-hans\/","name":"TMEIC","description":"","potentialAction":[{"@type":"SearchAction","target":{"@type":"EntryPoint","urlTemplate":"https:\/\/www.tmeic.com\/zh-hans\/?s={search_term_string}"},"query-input":{"@type":"PropertyValueSpecification","valueRequired":true,"valueName":"search_term_string"}}],"inLanguage":"es"}]}},"_links":{"self":[{"href":"https:\/\/tmeic.com\/es\/wp-json\/wp\/v2\/pages\/2650","targetHints":{"allow":["GET"]}}],"collection":[{"href":"https:\/\/tmeic.com\/es\/wp-json\/wp\/v2\/pages"}],"about":[{"href":"https:\/\/tmeic.com\/es\/wp-json\/wp\/v2\/types\/page"}],"author":[{"embeddable":true,"href":"https:\/\/tmeic.com\/es\/wp-json\/wp\/v2\/users\/7"}],"replies":[{"embeddable":true,"href":"https:\/\/tmeic.com\/es\/wp-json\/wp\/v2\/comments?post=2650"}],"version-history":[{"count":4,"href":"https:\/\/tmeic.com\/es\/wp-json\/wp\/v2\/pages\/2650\/revisions"}],"predecessor-version":[{"id":5150,"href":"https:\/\/tmeic.com\/es\/wp-json\/wp\/v2\/pages\/2650\/revisions\/5150"}],"up":[{"embeddable":true,"href":"https:\/\/tmeic.com\/es\/wp-json\/wp\/v2\/pages\/4051"}],"wp:attachment":[{"href":"https:\/\/tmeic.com\/es\/wp-json\/wp\/v2\/media?parent=2650"}],"wp:term":[{"taxonomy":"groups","embeddable":true,"href":"https:\/\/tmeic.com\/es\/wp-json\/wp\/v2\/groups?post=2650"}],"curies":[{"name":"wp","href":"https:\/\/api.w.org\/{rel}","templated":true}]}}