  {"id":2821,"date":"2025-05-18T17:51:26","date_gmt":"2025-05-18T17:51:26","guid":{"rendered":"https:\/\/tmeic.com\/?page_id=2821"},"modified":"2025-05-21T00:04:37","modified_gmt":"2025-05-21T00:04:37","slug":"carbon-neutrality","status":"publish","type":"page","link":"https:\/\/tmeic.com\/es\/carbon-neutrality\/","title":{"rendered":"Neutralidad de carbono"},"content":{"rendered":"<section class=\"c-split-content l-container--full\" data-theme=\"light\">\n  <div class=\"c-split-content__container l-container--xl left\">\n    <div class=\"c-split-content__media a-fade\" x-data=\"fadeAnimation()\" :class=\"{ 'is-visible': visible }\">\n                                  <video \n            src=\"https:\/\/tmeic.com\/wp-content\/uploads\/2025\/05\/Aerial-View-Of-Wind-Turbines.mp4\" \n             autoplay muted playsinline  \n             loop                       ><\/video>\n                  <\/div>\n    <div class=\"c-split-content__content l-container--xxs a-fade\" x-data=\"fadeAnimation()\" :class=\"{ 'is-visible': visible }\">\n      <div class=\"inner-wrapper\">\n        \n<h3 class=\"\" data-theme=\"\">Soluciones para la <strong>neutralidad en carbono<\/strong><\/h3>        <div><p>A lo largo de los a\u00f1os, TMEIC ha contribuido al desarrollo del sector de las energ\u00edas renovables y otras industrias proporcionando productos y servicios que reducen la carga medioambiental y logran un crecimiento sostenible, incluidos equipos electr\u00f3nicos de potencia, maquinaria rotativa y sistemas de automatizaci\u00f3n de \u00faltima generaci\u00f3n.<\/p>\n<p>TMEIC se compromete a ayudar a nuestros clientes a conseguir la neutralidad de carbono a trav\u00e9s de diversos medios, como sistemas electr\u00f3nicos de potencia que desempe\u00f1an un papel activo en la producci\u00f3n, almacenamiento, transporte y uso de la energ\u00eda; sistemas de accionamiento de motores que convierten la energ\u00eda el\u00e9ctrica en fuerza motriz; y soluciones energ\u00e9ticas y de recursos que consiguen la conservaci\u00f3n de la energ\u00eda, el funcionamiento \u00f3ptimo y la estabilizaci\u00f3n de los procesos de fabricaci\u00f3n y los servicios p\u00fablicos.<br \/>\n___<\/p>\n<p>ERS (Energy Resource Solutions) Las soluciones energ\u00e9ticas de TMEIC garantizan la gesti\u00f3n \u00f3ptima de la producci\u00f3n de energ\u00eda verde y el uso de esta energ\u00eda en f\u00e1bricas inteligentes.<\/p>\n<\/div>\n              <\/div>\n          <\/div>\n  <\/div>\n<\/section><section class=\"c-cta l-container--full\" data-theme=\"dark\">\n  \n<div class=\"u-background  \" >\n            <video src=\"https:\/\/tmeic.com\/wp-content\/uploads\/2025\/04\/tmeic_bg_hero_video.mp4\" autoplay muted loop playsinline><\/video>    <\/div>  <div class=\"c-cta__content blurred a-fade\" x-data=\"fadeAnimation()\" :class=\"{ 'is-visible': visible }\">\n          \n<h2 class=\"c-cta__heading\" data-theme=\"\">TMEIC ofrece diversas soluciones para conseguir la neutralidad de carbono.  <\/h2>              <div class=\"c-cta__description\"><p>Contribuir a la sociedad con una tecnolog\u00eda excepcional y asoci\u00e1ndonos con nuestros clientes<\/p>\n<\/div>\n          <\/div>\n<\/section><section class=\"c-split-content l-container--full\" data-theme=\"light\">\n  <div class=\"c-split-content__container l-container--xl right\">\n    <div class=\"c-split-content__media a-fade\" x-data=\"fadeAnimation()\" :class=\"{ 'is-visible': visible }\">\n              <div class=\"o-image-responsive\" style=\"background-image: url(https:\/\/tmeic.com\/wp-content\/uploads\/2025\/05\/carbon-neutrality-solution-2030-2.webp)\"><\/div>\n          <\/div>\n    <div class=\"c-split-content__content l-container--xxs a-fade\" x-data=\"fadeAnimation()\" :class=\"{ 'is-visible': visible }\">\n      <div class=\"inner-wrapper\">\n        \n<h3 class=\"\" data-theme=\"\">2030<\/h3>        <div><ul>\n<li>Se pondr\u00e1 en pr\u00e1ctica el hidr\u00f3geno, que es clave para las tecnolog\u00edas limpias.<\/li>\n<li>Contribuir a que los equipos de producci\u00f3n sean resistentes y competitivos.<\/li>\n<li>La energ\u00eda e\u00f3lica marina pasar\u00e1 de una fase de demostraci\u00f3n a una explotaci\u00f3n real.<\/li>\n<\/ul>\n<\/div>\n              <\/div>\n          <\/div>\n  <\/div>\n<\/section><section class=\"c-split-content l-container--full\" data-theme=\"light\">\n  <div class=\"c-split-content__container l-container--xl left\">\n    <div class=\"c-split-content__media a-fade\" x-data=\"fadeAnimation()\" :class=\"{ 'is-visible': visible }\">\n              <div class=\"o-image-responsive\" style=\"background-image: url(https:\/\/tmeic.com\/wp-content\/uploads\/2025\/05\/carbon-neutrality-solution-2050-2.webp)\"><\/div>\n          <\/div>\n    <div class=\"c-split-content__content l-container--xxs a-fade\" x-data=\"fadeAnimation()\" :class=\"{ 'is-visible': visible }\">\n      <div class=\"inner-wrapper\">\n        \n<h3 class=\"\" data-theme=\"\">2050<\/h3>        <div><ul>\n<li>Contribuir a la realizaci\u00f3n de una sociedad sostenible y sin emisiones de carbono mediante la realizaci\u00f3n de una carga base para la energ\u00eda verde y la movilidad (VE\/conducci\u00f3n automatizada).<\/li>\n<\/ul>\n<\/div>\n              <\/div>\n          <\/div>\n  <\/div>\n<\/section>\n<p><\/p>\n","protected":false},"excerpt":{"rendered":"","protected":false},"author":7,"featured_media":0,"parent":0,"menu_order":0,"comment_status":"closed","ping_status":"closed","template":"","meta":{"_acf_changed":false,"footnotes":""},"groups":[220],"class_list":["post-2821","page","type-page","status-publish","hentry","groups-sustainability-es"],"acf":[],"yoast_head":"<!-- This site is optimized with the Yoast SEO plugin v25.7 - https:\/\/yoast.com\/wordpress\/plugins\/seo\/ -->\n<title>Neutralidad de carbono - TMEIC<\/title>\n<meta name=\"robots\" content=\"index, follow, max-snippet:-1, max-image-preview:large, max-video-preview:-1\" \/>\n<link rel=\"canonical\" href=\"https:\/\/tmeic.com\/es\/carbon-neutrality\/\" \/>\n<meta property=\"og:locale\" content=\"es_ES\" \/>\n<meta property=\"og:type\" content=\"article\" \/>\n<meta property=\"og:title\" content=\"Neutralidad de carbono - TMEIC\" \/>\n<meta property=\"og:url\" content=\"https:\/\/tmeic.com\/es\/carbon-neutrality\/\" \/>\n<meta property=\"og:site_name\" content=\"TMEIC\" \/>\n<meta property=\"article:modified_time\" content=\"2025-05-21T00:04:37+00:00\" \/>\n<meta name=\"twitter:card\" content=\"summary_large_image\" \/>\n<script type=\"application\/ld+json\" class=\"yoast-schema-graph\">{\"@context\":\"https:\/\/schema.org\",\"@graph\":[{\"@type\":\"WebPage\",\"@id\":\"https:\/\/tmeic.com\/es\/carbon-neutrality\/\",\"url\":\"https:\/\/tmeic.com\/es\/carbon-neutrality\/\",\"name\":\"Neutralidad de carbono - TMEIC\",\"isPartOf\":{\"@id\":\"https:\/\/www.tmeic.com\/zh-hans\/#website\"},\"datePublished\":\"2025-05-18T17:51:26+00:00\",\"dateModified\":\"2025-05-21T00:04:37+00:00\",\"breadcrumb\":{\"@id\":\"https:\/\/tmeic.com\/es\/carbon-neutrality\/#breadcrumb\"},\"inLanguage\":\"es\",\"potentialAction\":[{\"@type\":\"ReadAction\",\"target\":[\"https:\/\/tmeic.com\/es\/carbon-neutrality\/\"]}]},{\"@type\":\"BreadcrumbList\",\"@id\":\"https:\/\/tmeic.com\/es\/carbon-neutrality\/#breadcrumb\",\"itemListElement\":[{\"@type\":\"ListItem\",\"position\":1,\"name\":\"Home\",\"item\":\"https:\/\/tmeic.com\/es\/\"},{\"@type\":\"ListItem\",\"position\":2,\"name\":\"Neutralidad de carbono\"}]},{\"@type\":\"WebSite\",\"@id\":\"https:\/\/www.tmeic.com\/zh-hans\/#website\",\"url\":\"https:\/\/www.tmeic.com\/zh-hans\/\",\"name\":\"TMEIC\",\"description\":\"\",\"potentialAction\":[{\"@type\":\"SearchAction\",\"target\":{\"@type\":\"EntryPoint\",\"urlTemplate\":\"https:\/\/www.tmeic.com\/zh-hans\/?s={search_term_string}\"},\"query-input\":{\"@type\":\"PropertyValueSpecification\",\"valueRequired\":true,\"valueName\":\"search_term_string\"}}],\"inLanguage\":\"es\"}]}<\/script>\n<!-- \/ Yoast SEO plugin. -->","yoast_head_json":{"title":"Neutralidad de carbono - TMEIC","robots":{"index":"index","follow":"follow","max-snippet":"max-snippet:-1","max-image-preview":"max-image-preview:large","max-video-preview":"max-video-preview:-1"},"canonical":"https:\/\/tmeic.com\/es\/carbon-neutrality\/","og_locale":"es_ES","og_type":"article","og_title":"Neutralidad de carbono - TMEIC","og_url":"https:\/\/tmeic.com\/es\/carbon-neutrality\/","og_site_name":"TMEIC","article_modified_time":"2025-05-21T00:04:37+00:00","twitter_card":"summary_large_image","schema":{"@context":"https:\/\/schema.org","@graph":[{"@type":"WebPage","@id":"https:\/\/tmeic.com\/es\/carbon-neutrality\/","url":"https:\/\/tmeic.com\/es\/carbon-neutrality\/","name":"Neutralidad de carbono - TMEIC","isPartOf":{"@id":"https:\/\/www.tmeic.com\/zh-hans\/#website"},"datePublished":"2025-05-18T17:51:26+00:00","dateModified":"2025-05-21T00:04:37+00:00","breadcrumb":{"@id":"https:\/\/tmeic.com\/es\/carbon-neutrality\/#breadcrumb"},"inLanguage":"es","potentialAction":[{"@type":"ReadAction","target":["https:\/\/tmeic.com\/es\/carbon-neutrality\/"]}]},{"@type":"BreadcrumbList","@id":"https:\/\/tmeic.com\/es\/carbon-neutrality\/#breadcrumb","itemListElement":[{"@type":"ListItem","position":1,"name":"Home","item":"https:\/\/tmeic.com\/es\/"},{"@type":"ListItem","position":2,"name":"Neutralidad de carbono"}]},{"@type":"WebSite","@id":"https:\/\/www.tmeic.com\/zh-hans\/#website","url":"https:\/\/www.tmeic.com\/zh-hans\/","name":"TMEIC","description":"","potentialAction":[{"@type":"SearchAction","target":{"@type":"EntryPoint","urlTemplate":"https:\/\/www.tmeic.com\/zh-hans\/?s={search_term_string}"},"query-input":{"@type":"PropertyValueSpecification","valueRequired":true,"valueName":"search_term_string"}}],"inLanguage":"es"}]}},"_links":{"self":[{"href":"https:\/\/tmeic.com\/es\/wp-json\/wp\/v2\/pages\/2821","targetHints":{"allow":["GET"]}}],"collection":[{"href":"https:\/\/tmeic.com\/es\/wp-json\/wp\/v2\/pages"}],"about":[{"href":"https:\/\/tmeic.com\/es\/wp-json\/wp\/v2\/types\/page"}],"author":[{"embeddable":true,"href":"https:\/\/tmeic.com\/es\/wp-json\/wp\/v2\/users\/7"}],"replies":[{"embeddable":true,"href":"https:\/\/tmeic.com\/es\/wp-json\/wp\/v2\/comments?post=2821"}],"version-history":[{"count":3,"href":"https:\/\/tmeic.com\/es\/wp-json\/wp\/v2\/pages\/2821\/revisions"}],"predecessor-version":[{"id":5204,"href":"https:\/\/tmeic.com\/es\/wp-json\/wp\/v2\/pages\/2821\/revisions\/5204"}],"wp:attachment":[{"href":"https:\/\/tmeic.com\/es\/wp-json\/wp\/v2\/media?parent=2821"}],"wp:term":[{"taxonomy":"groups","embeddable":true,"href":"https:\/\/tmeic.com\/es\/wp-json\/wp\/v2\/groups?post=2821"}],"curies":[{"name":"wp","href":"https:\/\/api.w.org\/{rel}","templated":true}]}}