  {"id":2923,"date":"2025-05-19T13:43:04","date_gmt":"2025-05-19T13:43:04","guid":{"rendered":"https:\/\/tmeic.com\/?page_id=2923"},"modified":"2025-05-20T23:56:32","modified_gmt":"2025-05-20T23:56:32","slug":"oportunidades-profesionales","status":"publish","type":"page","link":"https:\/\/tmeic.com\/es\/oportunidades-profesionales\/","title":{"rendered":"Empleo"},"content":{"rendered":"\n<p><strong>Selecciona una regi\u00f3n a continuaci\u00f3n para unirte a nuestro equipo de primera clase.<\/strong><\/p>\n\n<p><strong>Jap\u00f3n<\/strong> <\/p>\n\n<p><a href=\"http:\/\/www.tmeic.co.jp\/saiyou\/\" target=\"_blank\" rel=\"noreferrer noopener\">Haz clic aqu\u00ed para ver las oportunidades profesionales en Jap\u00f3n<\/a><\/p>\n\n<p><strong>Am\u00e9rica del Norte<\/strong> <\/p>\n\n<p><a href=\"https:\/\/apply.workable.com\/tmeic-corporation-americas\" target=\"_blank\" rel=\"noreferrer noopener\">Ver oportunidades profesionales en Norteam\u00e9rica<\/a> <\/p>\n\n<p><strong>Europa<\/strong> <\/p>\n\n<p>Explora nuestras oportunidades profesionales actuales:  <\/p>\n\n<p><strong>Director Financiero <\/strong>&#8211; <a href=\"https:\/\/careers.toshiba.eu\/Job\/JobDetail?JobId=596\" target=\"_blank\" rel=\"noreferrer noopener\">Sigue leyendo<\/a> <\/p>\n\n<p><strong>India<\/strong> <\/p>\n\n<p>Vuelve a comprobarlo para conocer las oportunidades profesionales.  <\/p>\n\n<p><strong>Sudeste Asi\u00e1tico<\/strong> <\/p>\n\n<p>Vuelve a comprobarlo para conocer las oportunidades profesionales.  <\/p>\n\n<p><strong>China<\/strong> <\/p>\n\n<p>Vuelve a comprobarlo para conocer las oportunidades profesionales.<\/p>\n","protected":false},"excerpt":{"rendered":"<p>Selecciona una regi\u00f3n a continuaci\u00f3n para unirte a nuestro equipo de primera clase. Jap\u00f3n Haz clic aqu\u00ed para ver las oportunidades profesionales en Jap\u00f3n Am\u00e9rica del Norte Ver oportunidades profesionales en Norteam\u00e9rica Europa Explora nuestras oportunidades profesionales actuales: Director Financiero &#8211; Sigue leyendo India Vuelve a comprobarlo para conocer las oportunidades profesionales. Sudeste Asi\u00e1tico Vuelve [&hellip;]<\/p>\n","protected":false},"author":7,"featured_media":0,"parent":0,"menu_order":0,"comment_status":"closed","ping_status":"closed","template":"","meta":{"_acf_changed":false,"footnotes":""},"groups":[222],"class_list":["post-2923","page","type-page","status-publish","hentry","groups-careers-es"],"acf":[],"yoast_head":"<!-- This site is optimized with the Yoast SEO plugin v25.7 - https:\/\/yoast.com\/wordpress\/plugins\/seo\/ -->\n<title>Empleo - TMEIC<\/title>\n<meta name=\"robots\" content=\"index, follow, max-snippet:-1, max-image-preview:large, max-video-preview:-1\" \/>\n<link rel=\"canonical\" href=\"https:\/\/www.tmeic.com\/es\/oportunidades-profesionales\/\" \/>\n<meta property=\"og:locale\" content=\"es_ES\" \/>\n<meta property=\"og:type\" content=\"article\" \/>\n<meta property=\"og:title\" content=\"Empleo - TMEIC\" \/>\n<meta property=\"og:description\" content=\"Selecciona una regi\u00f3n a continuaci\u00f3n para unirte a nuestro equipo de primera clase. Jap\u00f3n Haz clic aqu\u00ed para ver las oportunidades profesionales en Jap\u00f3n Am\u00e9rica del Norte Ver oportunidades profesionales en Norteam\u00e9rica Europa Explora nuestras oportunidades profesionales actuales: Director Financiero &#8211; Sigue leyendo India Vuelve a comprobarlo para conocer las oportunidades profesionales. Sudeste Asi\u00e1tico Vuelve [&hellip;]\" \/>\n<meta property=\"og:url\" content=\"https:\/\/www.tmeic.com\/es\/oportunidades-profesionales\/\" \/>\n<meta property=\"og:site_name\" content=\"TMEIC\" \/>\n<meta property=\"article:modified_time\" content=\"2025-05-20T23:56:32+00:00\" \/>\n<meta name=\"twitter:card\" content=\"summary_large_image\" \/>\n<script type=\"application\/ld+json\" class=\"yoast-schema-graph\">{\"@context\":\"https:\/\/schema.org\",\"@graph\":[{\"@type\":\"WebPage\",\"@id\":\"https:\/\/www.tmeic.com\/es\/oportunidades-profesionales\/\",\"url\":\"https:\/\/www.tmeic.com\/es\/oportunidades-profesionales\/\",\"name\":\"Empleo - TMEIC\",\"isPartOf\":{\"@id\":\"https:\/\/www.tmeic.com\/zh-hans\/#website\"},\"datePublished\":\"2025-05-19T13:43:04+00:00\",\"dateModified\":\"2025-05-20T23:56:32+00:00\",\"breadcrumb\":{\"@id\":\"https:\/\/www.tmeic.com\/es\/oportunidades-profesionales\/#breadcrumb\"},\"inLanguage\":\"es\",\"potentialAction\":[{\"@type\":\"ReadAction\",\"target\":[\"https:\/\/www.tmeic.com\/es\/oportunidades-profesionales\/\"]}]},{\"@type\":\"BreadcrumbList\",\"@id\":\"https:\/\/www.tmeic.com\/es\/oportunidades-profesionales\/#breadcrumb\",\"itemListElement\":[{\"@type\":\"ListItem\",\"position\":1,\"name\":\"Home\",\"item\":\"https:\/\/tmeic.com\/es\/\"},{\"@type\":\"ListItem\",\"position\":2,\"name\":\"Empleo\"}]},{\"@type\":\"WebSite\",\"@id\":\"https:\/\/www.tmeic.com\/zh-hans\/#website\",\"url\":\"https:\/\/www.tmeic.com\/zh-hans\/\",\"name\":\"TMEIC\",\"description\":\"\",\"potentialAction\":[{\"@type\":\"SearchAction\",\"target\":{\"@type\":\"EntryPoint\",\"urlTemplate\":\"https:\/\/www.tmeic.com\/zh-hans\/?s={search_term_string}\"},\"query-input\":{\"@type\":\"PropertyValueSpecification\",\"valueRequired\":true,\"valueName\":\"search_term_string\"}}],\"inLanguage\":\"es\"}]}<\/script>\n<!-- \/ Yoast SEO plugin. -->","yoast_head_json":{"title":"Empleo - TMEIC","robots":{"index":"index","follow":"follow","max-snippet":"max-snippet:-1","max-image-preview":"max-image-preview:large","max-video-preview":"max-video-preview:-1"},"canonical":"https:\/\/www.tmeic.com\/es\/oportunidades-profesionales\/","og_locale":"es_ES","og_type":"article","og_title":"Empleo - TMEIC","og_description":"Selecciona una regi\u00f3n a continuaci\u00f3n para unirte a nuestro equipo de primera clase. Jap\u00f3n Haz clic aqu\u00ed para ver las oportunidades profesionales en Jap\u00f3n Am\u00e9rica del Norte Ver oportunidades profesionales en Norteam\u00e9rica Europa Explora nuestras oportunidades profesionales actuales: Director Financiero &#8211; Sigue leyendo India Vuelve a comprobarlo para conocer las oportunidades profesionales. Sudeste Asi\u00e1tico Vuelve [&hellip;]","og_url":"https:\/\/www.tmeic.com\/es\/oportunidades-profesionales\/","og_site_name":"TMEIC","article_modified_time":"2025-05-20T23:56:32+00:00","twitter_card":"summary_large_image","schema":{"@context":"https:\/\/schema.org","@graph":[{"@type":"WebPage","@id":"https:\/\/www.tmeic.com\/es\/oportunidades-profesionales\/","url":"https:\/\/www.tmeic.com\/es\/oportunidades-profesionales\/","name":"Empleo - TMEIC","isPartOf":{"@id":"https:\/\/www.tmeic.com\/zh-hans\/#website"},"datePublished":"2025-05-19T13:43:04+00:00","dateModified":"2025-05-20T23:56:32+00:00","breadcrumb":{"@id":"https:\/\/www.tmeic.com\/es\/oportunidades-profesionales\/#breadcrumb"},"inLanguage":"es","potentialAction":[{"@type":"ReadAction","target":["https:\/\/www.tmeic.com\/es\/oportunidades-profesionales\/"]}]},{"@type":"BreadcrumbList","@id":"https:\/\/www.tmeic.com\/es\/oportunidades-profesionales\/#breadcrumb","itemListElement":[{"@type":"ListItem","position":1,"name":"Home","item":"https:\/\/tmeic.com\/es\/"},{"@type":"ListItem","position":2,"name":"Empleo"}]},{"@type":"WebSite","@id":"https:\/\/www.tmeic.com\/zh-hans\/#website","url":"https:\/\/www.tmeic.com\/zh-hans\/","name":"TMEIC","description":"","potentialAction":[{"@type":"SearchAction","target":{"@type":"EntryPoint","urlTemplate":"https:\/\/www.tmeic.com\/zh-hans\/?s={search_term_string}"},"query-input":{"@type":"PropertyValueSpecification","valueRequired":true,"valueName":"search_term_string"}}],"inLanguage":"es"}]}},"_links":{"self":[{"href":"https:\/\/tmeic.com\/es\/wp-json\/wp\/v2\/pages\/2923","targetHints":{"allow":["GET"]}}],"collection":[{"href":"https:\/\/tmeic.com\/es\/wp-json\/wp\/v2\/pages"}],"about":[{"href":"https:\/\/tmeic.com\/es\/wp-json\/wp\/v2\/types\/page"}],"author":[{"embeddable":true,"href":"https:\/\/tmeic.com\/es\/wp-json\/wp\/v2\/users\/7"}],"replies":[{"embeddable":true,"href":"https:\/\/tmeic.com\/es\/wp-json\/wp\/v2\/comments?post=2923"}],"version-history":[{"count":6,"href":"https:\/\/tmeic.com\/es\/wp-json\/wp\/v2\/pages\/2923\/revisions"}],"predecessor-version":[{"id":5710,"href":"https:\/\/tmeic.com\/es\/wp-json\/wp\/v2\/pages\/2923\/revisions\/5710"}],"wp:attachment":[{"href":"https:\/\/tmeic.com\/es\/wp-json\/wp\/v2\/media?parent=2923"}],"wp:term":[{"taxonomy":"groups","embeddable":true,"href":"https:\/\/tmeic.com\/es\/wp-json\/wp\/v2\/groups?post=2923"}],"curies":[{"name":"wp","href":"https:\/\/api.w.org\/{rel}","templated":true}]}}