  {"id":2955,"date":"2025-05-19T23:35:34","date_gmt":"2025-05-19T23:35:34","guid":{"rendered":"https:\/\/tmeic.com\/?page_id=2955"},"modified":"2025-05-20T23:56:20","modified_gmt":"2025-05-20T23:56:20","slug":"manejo-de-informacion-personal","status":"publish","type":"page","link":"https:\/\/tmeic.com\/es\/manejo-de-informacion-personal\/","title":{"rendered":"Tratamiento de datos personales"},"content":{"rendered":"\n<div style=\"height:60px\" aria-hidden=\"true\" class=\"wp-block-spacer\"><\/div>\n\n<h2 class=\"wp-block-heading\">Tratamiento de datos personales<\/h2>\n\n<p>En ocasiones, TMEIC recopila informaci\u00f3n personal de sus clientes en el curso de sus actividades empresariales. A continuaci\u00f3n se ofrece una visi\u00f3n general de c\u00f3mo tratamos dicha informaci\u00f3n personal:<\/p>\n\n<p><em>Creado el 7 de febrero de 2017<\/em><\/p>\n\n<p>Oficina de Protecci\u00f3n de Datos Personales<br\/>Toshiba Mitsubishi-Electric Industrial Systems Corporation<br\/>3-1-1 Kyobashi, Chuo-ku, Tokio<\/p>\n\n<h3 class=\"wp-block-heading\">1. Enfoque b\u00e1sico del tratamiento de la informaci\u00f3n personal<\/h3>\n\n<p>TMEIC ha establecido pol\u00edticas de protecci\u00f3n de la informaci\u00f3n personal y ha formulado el Sistema de Gesti\u00f3n de Protecci\u00f3n de la Informaci\u00f3n Personal de TMEIC para garantizar su estricto cumplimiento. Trabajamos constantemente para mejorar y mantener el sistema, al tiempo que comunicamos ampliamente nuestras pol\u00edticas de protecci\u00f3n de la informaci\u00f3n personal a todo el personal de la empresa (incluidos los miembros del consejo, los empleados fijos, los empleados a tiempo parcial, los trabajadores a corto plazo y los trabajadores temporales) y a las partes pertinentes.<\/p>\n\n<h3 class=\"wp-block-heading\">2. Recopilaci\u00f3n de informaci\u00f3n personal<\/h3>\n\n<ol class=\"wp-block-list\">\n<li>TMEIC s\u00f3lo recopila informaci\u00f3n personal por medios legales y justos.<\/li>\n\n\n\n<li>Cuando recabemos directamente tus datos personales por escrito, especificaremos c\u00f3mo pretendemos utilizarlos, te proporcionaremos informaci\u00f3n de contacto y te pediremos tu consentimiento. Cuando recojamos informaci\u00f3n personal por otros medios, anunciaremos en nuestro sitio web c\u00f3mo pretendemos utilizarla junto con los datos de contacto.<\/li>\n\n\n\n<li>El que proporciones o no informaci\u00f3n personal a TMEIC depende de ti. Sin embargo, ten en cuenta que hay algunos servicios que no podemos prestar sin tus datos personales.<\/li>\n\n\n\n<li>Cuando proporcionas informaci\u00f3n personal a TMEIC, aceptas los t\u00e9rminos y condiciones descritos en esta secci\u00f3n relativa a esta pol\u00edtica de privacidad. Si no aceptas los t\u00e9rminos y condiciones aqu\u00ed expuestos, ten en cuenta que algunos servicios que ofrecemos (incluidas las respuestas a tus consultas) pueden no estar disponibles para ti.<\/li>\n<\/ol>\n\n<h3 class=\"wp-block-heading\">3. La informaci\u00f3n personal que recopilamos<\/h3>\n\n<ol class=\"wp-block-list\">\n<li>TMEIC utiliza la informaci\u00f3n personal que recibimos de ti para ejecutar contratos y transacciones celebrados entre t\u00fa y TMEIC.<\/li>\n\n\n\n<li>Una empresa cliente puede confiar a TMEIC el tratamiento de informaci\u00f3n personal. En tales casos, podemos hacer uso de tu informaci\u00f3n personal seg\u00fan las instrucciones de la empresa cliente y conservar la informaci\u00f3n hasta devolverla a la empresa cliente o eliminarla de nuestro sistema.<\/li>\n\n\n\n<li>A veces podemos adquirir listas o directorios disponibles comercialmente.<\/li>\n\n\n\n<li>TMEIC no recopilar\u00e1, utilizar\u00e1 ni facilitar\u00e1 a terceros informaci\u00f3n personal como la siguiente sin tu consentimiento.<br\/>Informaci\u00f3n relativa a:<\/li>\n<\/ol>\n\n<ul class=\"wp-block-list\">\n<li>Filosof\u00edas personales, creencias o religi\u00f3n<\/li>\n\n\n\n<li>Raza, etnia, discapacidades f\u00edsicas\/mentales, antecedentes penales u otra informaci\u00f3n que pueda dar lugar a discriminaci\u00f3n social.<\/li>\n\n\n\n<li>Derecho de los trabajadores a organizarse, a la negociaci\u00f3n colectiva o a otras actividades colectivas<\/li>\n\n\n\n<li>la participaci\u00f3n en manifestaciones, peticiones o el ejercicio de otros derechos pol\u00edticos<\/li>\n\n\n\n<li>Tratamiento m\u00e9dico o pr\u00e1cticas sexuales<\/li>\n<\/ul>\n\n<h3 class=\"wp-block-heading\">4. C\u00f3mo utilizamos tus datos personales<\/h3>\n\n<ol class=\"wp-block-list\">\n<li>TMEIC utiliza la informaci\u00f3n personal que recibimos de ti para ejecutar contratos y transacciones celebrados entre t\u00fa y TMEIC.<\/li>\n\n\n\n<li>TMEIC utiliza tus datos personales para proporcionarte informaci\u00f3n relevante que pueda ser de tu inter\u00e9s, como informaci\u00f3n sobre nuestros productos, soluciones y servicios asociados.<\/li>\n\n\n\n<li>En ocasiones, una empresa cliente puede confiar a TMEIC el tratamiento de la informaci\u00f3n o la realizaci\u00f3n de otras actividades de este tipo en su nombre. La informaci\u00f3n personal que obtengamos como resultado se utilizar\u00e1 \u00fanicamente para las actividades que se nos encomienden. En tales casos, TMEIC y la empresa cliente estar\u00e1n obligados por un acuerdo de confidencialidad a no revelar el nombre de la empresa cliente ni los detalles de la actividad.<\/li>\n\n\n\n<li>TMEIC no utilizar\u00e1 la informaci\u00f3n personal que recibamos de ti para fines distintos de los especificados en el momento de la recogida. Sin embargo, podemos utilizar la informaci\u00f3n para -sin identificar personalmente a las personas- recopilar datos estad\u00edsticos sobre el n\u00famero de visitantes que recibe nuestro sitio web, el volumen de ventas e informaci\u00f3n sobre c\u00f3mo navegan los visitantes por nuestro sitio web.<\/li>\n\n\n\n<li>Inf\u00f3rmate sobre c\u00f3mo utilizamos el Directorio de Accionistas.<\/li>\n\n\n\n<li>Utilizamos la informaci\u00f3n personal recopilada a trav\u00e9s del programa de inspecci\u00f3n de seguridad de uso prolongado del producto para informar a los clientes de las inspecciones y proporcionar informaci\u00f3n sobre la realizaci\u00f3n de inspecciones y retiradas.<\/li>\n<\/ol>\n\n<h3 class=\"wp-block-heading\">5. Cu\u00e1ndo revelamos o facilitamos tus datos personales a terceros<\/h3>\n\n<p>Por regla general, TMEIC no revela ni facilita a terceros los datos personales que recibimos de ti, salvo en los siguientes casos:<\/p>\n\n<ol class=\"wp-block-list\">\n<li>Cuando tengamos tu consentimiento.<\/li>\n\n\n\n<li>Cuando contratamos a un tercero para que trate toda o parte de la informaci\u00f3n personal que hemos recopilado, para que preste los servicios necesarios para alcanzar nuestros objetivos.<\/li>\n\n\n\n<li>Cuando se faciliten datos personales en relaci\u00f3n con la sucesi\u00f3n de empresas resultante de una fusi\u00f3n u otros traspasos de empresas.<\/li>\n\n\n\n<li>Cuando la ley nos obligue a ello.<\/li>\n\n\n\n<li>Cuando sea necesario hacerlo para proteger la vida, el cuerpo o los bienes de las personas, y obtener tu consentimiento sea dif\u00edcil.<\/li>\n\n\n\n<li>Cuando sea necesario hacerlo para mejorar la salud p\u00fablica o promover el bienestar de los ni\u00f1os, y obtener tu consentimiento sea dif\u00edcil.<\/li>\n\n\n\n<li>Cuando sea necesario cooperar con organismos nacionales, gobiernos locales o sus consignatarios en la ejecuci\u00f3n de negocios legalmente prescritos, pero cuando la obtenci\u00f3n de tu consentimiento pueda obstaculizar la ejecuci\u00f3n de dichos negocios.<\/li>\n\n\n\n<li>Para detener el suministro de informaci\u00f3n personal a terceros sin el consentimiento del cliente:<br\/>A veces puede ser necesario que TMEIC proporcione informaci\u00f3n personal recibida de los clientes a terceros, como afiliados y distribuidores de TMEIC. <a href=\"https:\/\/tmeic.com\/es\/uso-de-cookies-y-herramientas-de-analisis-de-acceso\/\" data-type=\"page\" data-id=\"2185\">Haz clic aqu\u00ed<\/a> para obtener m\u00e1s informaci\u00f3n sobre la informaci\u00f3n personal que proporcionamos a terceros, as\u00ed como los m\u00e9todos de suministro y c\u00f3mo solicitar que se detenga dicho suministro. <\/li>\n<\/ol>\n\n<h3 class=\"wp-block-heading\">6. C\u00f3mo protegemos tu informaci\u00f3n personal<\/h3>\n\n<p>TMEIC emplea salvaguardas administrativas, t\u00e9cnicas, personales y f\u00edsicas para proteger tu informaci\u00f3n personal.<\/p>\n\n<ol class=\"wp-block-list\">\n<li>TMEIC emplea las medidas de seguridad necesarias y toma las medidas correctivas necesarias para proteger tu informaci\u00f3n personal del acceso no autorizado, p\u00e9rdida, destrucci\u00f3n, alteraci\u00f3n o filtraci\u00f3n. Sin embargo, recuerda que no existe ninguna tecnolog\u00eda a prueba de fallos que pueda impedir el acceso ilegal a la informaci\u00f3n personal.<\/li>\n\n\n\n<li>Los empleados de TMEIC reciben formaci\u00f3n peri\u00f3dica sobre la protecci\u00f3n de la informaci\u00f3n personal.<\/li>\n\n\n\n<li>En los casos en que las empresas contratadas por TMEIC para prestar servicios en nuestro nombre reciben el encargo de tratar informaci\u00f3n personal, seleccionamos a los contratistas adecuados y les exigimos que firmen todos los acuerdos necesarios relativos al tratamiento de la informaci\u00f3n personal. Tambi\u00e9n empleamos todas las medidas de seguridad exigidas por la ley.<\/li>\n\n\n\n<li>Recogida de informaci\u00f3n personal a trav\u00e9s de nuestro sitio web:<\/li>\n<\/ol>\n\n<ul class=\"wp-block-list\">\n<li><strong>Cifrado<\/strong><\/li>\n<\/ul>\n\n<p>Cuando recogemos informaci\u00f3n personal a trav\u00e9s de nuestro sitio web, empleamos encriptaci\u00f3n SSL (Secure Sockets Layer) \/ TLS (Transport Layer Security) para garantizar la transmisi\u00f3n segura de tu informaci\u00f3n personal.<\/p>\n\n<ul class=\"wp-block-list\">\n<li><strong>Cookies<\/strong><\/li>\n<\/ul>\n\n<p>El sitio web de TMEIC utiliza cookies en algunos casos. Una cookie es un peque\u00f1o archivo de informaci\u00f3n que almacena los intercambios de informaci\u00f3n entre tu ordenador y nuestro sitio web. Utilizamos cookies \u00fanicamente para almacenar informaci\u00f3n que pueda serte \u00fatil la pr\u00f3xima vez que visites nuestro sitio web y proporcionarte una mayor comodidad cada vez que interact\u00faes con nosotros. Si no deseas recibir cookies, puedes desactivarlas cambiando la configuraci\u00f3n de tu navegador web. Sin embargo, ten en cuenta que algunos servicios pueden no estar disponibles para ti una vez que se desactiven las cookies.<\/p>\n\n<ul class=\"wp-block-list\">\n<li><strong>Enlaces a otros sitios web<\/strong><\/li>\n<\/ul>\n\n<p>El sitio web de TMEIC puede contener enlaces a otros sitios web. Ten en cuenta que no somos responsables de las pr\u00e1cticas de privacidad empleadas por sitios distintos del nuestro.<\/p>\n\n<ul class=\"wp-block-list\">\n<li><a href=\"https:\/\/tmeic.com\/es\/uso-de-cookies-y-herramientas-de-analisis-de-acceso\/\" data-type=\"page\" data-id=\"2185\">Uso de cookies y herramientas de an\u00e1lisis de registros<\/a><\/li>\n<\/ul>\n\n<h3 class=\"wp-block-heading\">7. Preguntas relativas a la informaci\u00f3n personal<\/h3>\n\n<ol class=\"wp-block-list\">\n<li>Puedes solicitar la divulgaci\u00f3n de cualquiera de tus datos personales que obren en nuestro poder. Tambi\u00e9n puedes informarte sobre los resultados de dichas solicitudes y pedir revisiones cuando sea necesario.<\/li>\n\n\n\n<li>Puedes ponerte en contacto con nosotros si tienes preguntas o comentarios sobre nuestro tratamiento de la informaci\u00f3n personal.<\/li>\n\n\n\n<li>TMEIC responder\u00e1 a cualquier solicitud de este tipo de forma adecuada, dentro de lo razonable. Hemos creado la Oficina de Protecci\u00f3n de Datos Personales expresamente para este fin.<\/li>\n<\/ol>\n\n<p>Ten en cuenta que las solicitudes realizadas por tel\u00e9fono pueden ser grabadas para garantizar una respuesta adecuada a tu petici\u00f3n.<\/p>\n\n<p>Oficina de Protecci\u00f3n de Datos Personales<br\/>Toshiba Mitsubishi-Electric Industrial Systems Corporation<br\/>3-1-1 Kyobashi, Chuo-ku, Tokio 104-0031<br\/>Tel\u00e9fono: +81-3-3277-5511<br\/>Horario: d\u00edas laborables de 8.45 a 23.45 h. y de 12.30 a 17.15 h.<\/p>\n\n<p><a href=\"https:\/\/tmeic.com\/es\/contact\/\" data-type=\"page\" data-id=\"42\">Si tienes preguntas, comentarios u opiniones, ponte en Contacto con nosotros<\/a><\/p>\n\n<h3 class=\"wp-block-heading\">8. Privacidad de los ni\u00f1os<\/h3>\n\n<p>TMEIC pone el m\u00e1ximo cuidado en garantizar la seguridad de la informaci\u00f3n personal de los menores de 15 a\u00f1os. Pedimos que los menores de 15 a\u00f1os proporcionen informaci\u00f3n personal s\u00f3lo con el consentimiento de sus padres o tutores.<\/p>\n\n<div style=\"height:60px\" aria-hidden=\"true\" class=\"wp-block-spacer\"><\/div>\n","protected":false},"excerpt":{"rendered":"<p>Tratamiento de datos personales En ocasiones, TMEIC recopila informaci\u00f3n personal de sus clientes en el curso de sus actividades empresariales. A continuaci\u00f3n se ofrece una visi\u00f3n general de c\u00f3mo tratamos dicha informaci\u00f3n personal: Creado el 7 de febrero de 2017 Oficina de Protecci\u00f3n de Datos PersonalesToshiba Mitsubishi-Electric Industrial Systems Corporation3-1-1 Kyobashi, Chuo-ku, Tokio 1. Enfoque [&hellip;]<\/p>\n","protected":false},"author":7,"featured_media":0,"parent":0,"menu_order":0,"comment_status":"closed","ping_status":"closed","template":"","meta":{"_acf_changed":false,"footnotes":""},"groups":[216],"class_list":["post-2955","page","type-page","status-publish","hentry","groups-footer-es"],"acf":[],"yoast_head":"<!-- This site is optimized with the Yoast SEO plugin v25.7 - https:\/\/yoast.com\/wordpress\/plugins\/seo\/ -->\n<title>Tratamiento de datos personales - TMEIC<\/title>\n<meta name=\"robots\" content=\"index, follow, max-snippet:-1, max-image-preview:large, max-video-preview:-1\" \/>\n<link rel=\"canonical\" href=\"https:\/\/tmeic.com\/es\/manejo-de-informacion-personal\/\" \/>\n<meta property=\"og:locale\" content=\"es_ES\" \/>\n<meta property=\"og:type\" content=\"article\" \/>\n<meta property=\"og:title\" content=\"Tratamiento de datos personales - TMEIC\" \/>\n<meta property=\"og:description\" content=\"Tratamiento de datos personales En ocasiones, TMEIC recopila informaci\u00f3n personal de sus clientes en el curso de sus actividades empresariales. A continuaci\u00f3n se ofrece una visi\u00f3n general de c\u00f3mo tratamos dicha informaci\u00f3n personal: Creado el 7 de febrero de 2017 Oficina de Protecci\u00f3n de Datos PersonalesToshiba Mitsubishi-Electric Industrial Systems Corporation3-1-1 Kyobashi, Chuo-ku, Tokio 1. Enfoque [&hellip;]\" \/>\n<meta property=\"og:url\" content=\"https:\/\/tmeic.com\/es\/manejo-de-informacion-personal\/\" \/>\n<meta property=\"og:site_name\" content=\"TMEIC\" \/>\n<meta property=\"article:modified_time\" content=\"2025-05-20T23:56:20+00:00\" \/>\n<meta name=\"twitter:card\" content=\"summary_large_image\" \/>\n<meta name=\"twitter:label1\" content=\"Est. reading time\" \/>\n\t<meta name=\"twitter:data1\" content=\"8 minutos\" \/>\n<script type=\"application\/ld+json\" class=\"yoast-schema-graph\">{\"@context\":\"https:\/\/schema.org\",\"@graph\":[{\"@type\":\"WebPage\",\"@id\":\"https:\/\/tmeic.com\/es\/manejo-de-informacion-personal\/\",\"url\":\"https:\/\/tmeic.com\/es\/manejo-de-informacion-personal\/\",\"name\":\"Tratamiento de datos personales - TMEIC\",\"isPartOf\":{\"@id\":\"https:\/\/www.tmeic.com\/zh-hans\/#website\"},\"datePublished\":\"2025-05-19T23:35:34+00:00\",\"dateModified\":\"2025-05-20T23:56:20+00:00\",\"breadcrumb\":{\"@id\":\"https:\/\/tmeic.com\/es\/manejo-de-informacion-personal\/#breadcrumb\"},\"inLanguage\":\"es\",\"potentialAction\":[{\"@type\":\"ReadAction\",\"target\":[\"https:\/\/tmeic.com\/es\/manejo-de-informacion-personal\/\"]}]},{\"@type\":\"BreadcrumbList\",\"@id\":\"https:\/\/tmeic.com\/es\/manejo-de-informacion-personal\/#breadcrumb\",\"itemListElement\":[{\"@type\":\"ListItem\",\"position\":1,\"name\":\"Home\",\"item\":\"https:\/\/tmeic.com\/es\/\"},{\"@type\":\"ListItem\",\"position\":2,\"name\":\"Tratamiento de datos personales\"}]},{\"@type\":\"WebSite\",\"@id\":\"https:\/\/www.tmeic.com\/zh-hans\/#website\",\"url\":\"https:\/\/www.tmeic.com\/zh-hans\/\",\"name\":\"TMEIC\",\"description\":\"\",\"potentialAction\":[{\"@type\":\"SearchAction\",\"target\":{\"@type\":\"EntryPoint\",\"urlTemplate\":\"https:\/\/www.tmeic.com\/zh-hans\/?s={search_term_string}\"},\"query-input\":{\"@type\":\"PropertyValueSpecification\",\"valueRequired\":true,\"valueName\":\"search_term_string\"}}],\"inLanguage\":\"es\"}]}<\/script>\n<!-- \/ Yoast SEO plugin. -->","yoast_head_json":{"title":"Tratamiento de datos personales - TMEIC","robots":{"index":"index","follow":"follow","max-snippet":"max-snippet:-1","max-image-preview":"max-image-preview:large","max-video-preview":"max-video-preview:-1"},"canonical":"https:\/\/tmeic.com\/es\/manejo-de-informacion-personal\/","og_locale":"es_ES","og_type":"article","og_title":"Tratamiento de datos personales - TMEIC","og_description":"Tratamiento de datos personales En ocasiones, TMEIC recopila informaci\u00f3n personal de sus clientes en el curso de sus actividades empresariales. A continuaci\u00f3n se ofrece una visi\u00f3n general de c\u00f3mo tratamos dicha informaci\u00f3n personal: Creado el 7 de febrero de 2017 Oficina de Protecci\u00f3n de Datos PersonalesToshiba Mitsubishi-Electric Industrial Systems Corporation3-1-1 Kyobashi, Chuo-ku, Tokio 1. Enfoque [&hellip;]","og_url":"https:\/\/tmeic.com\/es\/manejo-de-informacion-personal\/","og_site_name":"TMEIC","article_modified_time":"2025-05-20T23:56:20+00:00","twitter_card":"summary_large_image","twitter_misc":{"Est. reading time":"8 minutos"},"schema":{"@context":"https:\/\/schema.org","@graph":[{"@type":"WebPage","@id":"https:\/\/tmeic.com\/es\/manejo-de-informacion-personal\/","url":"https:\/\/tmeic.com\/es\/manejo-de-informacion-personal\/","name":"Tratamiento de datos personales - TMEIC","isPartOf":{"@id":"https:\/\/www.tmeic.com\/zh-hans\/#website"},"datePublished":"2025-05-19T23:35:34+00:00","dateModified":"2025-05-20T23:56:20+00:00","breadcrumb":{"@id":"https:\/\/tmeic.com\/es\/manejo-de-informacion-personal\/#breadcrumb"},"inLanguage":"es","potentialAction":[{"@type":"ReadAction","target":["https:\/\/tmeic.com\/es\/manejo-de-informacion-personal\/"]}]},{"@type":"BreadcrumbList","@id":"https:\/\/tmeic.com\/es\/manejo-de-informacion-personal\/#breadcrumb","itemListElement":[{"@type":"ListItem","position":1,"name":"Home","item":"https:\/\/tmeic.com\/es\/"},{"@type":"ListItem","position":2,"name":"Tratamiento de datos personales"}]},{"@type":"WebSite","@id":"https:\/\/www.tmeic.com\/zh-hans\/#website","url":"https:\/\/www.tmeic.com\/zh-hans\/","name":"TMEIC","description":"","potentialAction":[{"@type":"SearchAction","target":{"@type":"EntryPoint","urlTemplate":"https:\/\/www.tmeic.com\/zh-hans\/?s={search_term_string}"},"query-input":{"@type":"PropertyValueSpecification","valueRequired":true,"valueName":"search_term_string"}}],"inLanguage":"es"}]}},"_links":{"self":[{"href":"https:\/\/tmeic.com\/es\/wp-json\/wp\/v2\/pages\/2955","targetHints":{"allow":["GET"]}}],"collection":[{"href":"https:\/\/tmeic.com\/es\/wp-json\/wp\/v2\/pages"}],"about":[{"href":"https:\/\/tmeic.com\/es\/wp-json\/wp\/v2\/types\/page"}],"author":[{"embeddable":true,"href":"https:\/\/tmeic.com\/es\/wp-json\/wp\/v2\/users\/7"}],"replies":[{"embeddable":true,"href":"https:\/\/tmeic.com\/es\/wp-json\/wp\/v2\/comments?post=2955"}],"version-history":[{"count":3,"href":"https:\/\/tmeic.com\/es\/wp-json\/wp\/v2\/pages\/2955\/revisions"}],"predecessor-version":[{"id":5704,"href":"https:\/\/tmeic.com\/es\/wp-json\/wp\/v2\/pages\/2955\/revisions\/5704"}],"wp:attachment":[{"href":"https:\/\/tmeic.com\/es\/wp-json\/wp\/v2\/media?parent=2955"}],"wp:term":[{"taxonomy":"groups","embeddable":true,"href":"https:\/\/tmeic.com\/es\/wp-json\/wp\/v2\/groups?post=2955"}],"curies":[{"name":"wp","href":"https:\/\/api.w.org\/{rel}","templated":true}]}}