  {"id":4051,"date":"2025-03-17T16:08:52","date_gmt":"2025-03-17T16:08:52","guid":{"rendered":"https:\/\/tmeic.com\/about\/"},"modified":"2025-06-05T00:06:57","modified_gmt":"2025-06-05T00:06:57","slug":"about","status":"publish","type":"page","link":"https:\/\/tmeic.com\/es\/about\/","title":{"rendered":"About"},"content":{"rendered":"\n<h2 class=\"wp-block-heading\">Who We Are<\/h2>\n\n<p class=\"has-x-large-font-size\"><strong>Impulsamos la industria  <\/strong><\/p>\n\n<p>TMEIC impulsa la industria en todo el mundo a trav\u00e9s de una oferta completa de soluciones de sistemas \u00fanicos que incluyen variadores de frecuencia, motores, inversores fotovoltaicos y sistemas avanzados de automatizaci\u00f3n para una amplia gama de aplicaciones industriales. Creada en 2003, TMEIC Corporation es el resultado de la integraci\u00f3n de las divisiones de sistemas industriales de Toshiba y Mitsubishi Electric Corporation.  <\/p>\n\n<p>Nuestro enfoque comprometido con el desarrollo de soluciones colaborativas garantiza que todas las industrias del mundo puedan beneficiarse de las mentes m\u00e1s brillantes del mundo. Como resultado de esta poderosa combinaci\u00f3n de recursos, TMEIC est\u00e1 en condiciones de desarrollar tecnolog\u00edas innovadoras, responder r\u00e1pidamente a las tendencias del sector y aplicar soluciones a una amplia variedad de segmentos del mercado industrial de todo el mundo.  <\/p>\n\n<p>El \u00e9xito de TMEIC est\u00e1 directamente ligado a los logros de nuestros clientes. Desde el concepto hasta la instalaci\u00f3n, nuestro experimentado equipo de ingenieros desarrolla relaciones duraderas trabajando mano a mano con nuestros socios para garantizar que se cumplan los retos y se superen los objetivos empresariales. TMEIC presta servicios de apoyo al ciclo de vida: desde la introducci\u00f3n de los sistemas m\u00e1s adecuados, pasando por su mantenimiento y soporte, hasta su eventual modernizaci\u00f3n a medida que avanzan las tecnolog\u00edas. <\/p>\n\n<p>En TMEIC, reconocemos que la capacidad de nuestros clientes para fabricar de manera segura y eficaz productos finales excepcionales es la fuerza motriz de una sociedad pr\u00f3spera, y estamos comprometidos con el \u00e9xito de nuestros clientes. <\/p>\n<section id=\"\" class=\"c-card-grid l-container--full\" data-theme=\"light\">\n  <div class=\"l-container--xl\">\n            \n<h2 class=\"c-card-grid__heading\" data-theme=\"\">Industrias a las que servimos<\/h2>      <\/div>\n  <div class=\"c-card-grid__container l-container--xl\" data-grid=\"three\">\n                            <div class=\"c-card c-card-callout \" data-theme=\"light\">\n      <a href=\"https:\/\/tmeic.com\/es\/industries\/__trashed-3\/\" class=\"c-card__link-wrapper\">\n    \n  <div class=\"c-card__wrapper\">\n    <div class=\"c-card__header\">\n                    \n<h3 class=\"c-card__title\" data-theme=\"\">Miner\u00eda<\/h3>                    <div class=\"c-card__content\">Motores de alto par, variadores y sistemas de correcci\u00f3n del factor de potencia para polipastos, molinos, cintas transportadoras y excavadoras.<\/div>\n          <\/div>\n          <div class=\"c-card__cta\">\n        <div class=\"o-link\"><span data-text=\"Saber M\u00e1s\">Saber M\u00e1s<\/span><\/div>\n        <span class=\"o-icon \" >\n        <svg width=\"18\" height=\"13\" viewBox=\"0 0 18 13\" fill=\"none\" xmlns=\"http:\/\/www.w3.org\/2000\/svg\">\n  <path d=\"M15.7929 7H0V6H15.7929L10.6464 0.853591L11.3536 0.146484L17.7071 6.50004L11.3536 12.8536L10.6464 12.1465L15.7929 7Z\" fill=\"currentColor\"\/>\n<\/svg>\n  <\/span>      <\/div>\n      <\/div>\n  \n      <\/a>\n  <\/div>                                <div class=\"c-card c-card-callout \" data-theme=\"light\">\n      <a href=\"https:\/\/tmeic.com\/es\/industries\/water-and-wastewater\/\" class=\"c-card__link-wrapper\">\n    \n  <div class=\"c-card__wrapper\">\n    <div class=\"c-card__header\">\n                    \n<h3 class=\"c-card__title\" data-theme=\"\">Agua y aguas residuales<\/h3>                    <div class=\"c-card__content\">Motores, variadores y sistemas de control energ\u00e9ticamente eficientes para estaciones de tratamiento, regulaci\u00f3n de caudal y elevaci\u00f3n.<\/div>\n          <\/div>\n          <div class=\"c-card__cta\">\n        <div class=\"o-link\"><span data-text=\"Saber M\u00e1s\">Saber M\u00e1s<\/span><\/div>\n        <span class=\"o-icon \" >\n        <svg width=\"18\" height=\"13\" viewBox=\"0 0 18 13\" fill=\"none\" xmlns=\"http:\/\/www.w3.org\/2000\/svg\">\n  <path d=\"M15.7929 7H0V6H15.7929L10.6464 0.853591L11.3536 0.146484L17.7071 6.50004L11.3536 12.8536L10.6464 12.1465L15.7929 7Z\" fill=\"currentColor\"\/>\n<\/svg>\n  <\/span>      <\/div>\n      <\/div>\n  \n      <\/a>\n  <\/div>                                <div class=\"c-card c-card-callout \" data-theme=\"light\">\n      <a href=\"https:\/\/tmeic.com\/es\/industries\/cement\/\" class=\"c-card__link-wrapper\">\n    \n  <div class=\"c-card__wrapper\">\n    <div class=\"c-card__header\">\n                    \n<h3 class=\"c-card__title\" data-theme=\"\">Cemento<\/h3>                    <div class=\"c-card__content\">Sistemas de Automatizaci\u00f3n y variadores construidos para soportar altas temperaturas, polvo y cargas pesadas en la producci\u00f3n de cemento.<\/div>\n          <\/div>\n          <div class=\"c-card__cta\">\n        <div class=\"o-link\"><span data-text=\"Saber M\u00e1s\">Saber M\u00e1s<\/span><\/div>\n        <span class=\"o-icon \" >\n        <svg width=\"18\" height=\"13\" viewBox=\"0 0 18 13\" fill=\"none\" xmlns=\"http:\/\/www.w3.org\/2000\/svg\">\n  <path d=\"M15.7929 7H0V6H15.7929L10.6464 0.853591L11.3536 0.146484L17.7071 6.50004L11.3536 12.8536L10.6464 12.1465L15.7929 7Z\" fill=\"currentColor\"\/>\n<\/svg>\n  <\/span>      <\/div>\n      <\/div>\n  \n      <\/a>\n  <\/div>                                <div class=\"c-card c-card-callout \" data-theme=\"light\">\n      <a href=\"https:\/\/tmeic.com\/es\/industries\/papel\/\" class=\"c-card__link-wrapper\">\n    \n  <div class=\"c-card__wrapper\">\n    <div class=\"c-card__header\">\n                    \n<h3 class=\"c-card__title\" data-theme=\"\">Papel<\/h3>                    <div class=\"c-card__content\">Sistemas integrados para un funcionamiento continuo y resistente a la humedad en l\u00edneas de producci\u00f3n de papel y pasta de&hellip;<\/div>\n          <\/div>\n          <div class=\"c-card__cta\">\n        <div class=\"o-link\"><span data-text=\"Saber M\u00e1s\">Saber M\u00e1s<\/span><\/div>\n        <span class=\"o-icon \" >\n        <svg width=\"18\" height=\"13\" viewBox=\"0 0 18 13\" fill=\"none\" xmlns=\"http:\/\/www.w3.org\/2000\/svg\">\n  <path d=\"M15.7929 7H0V6H15.7929L10.6464 0.853591L11.3536 0.146484L17.7071 6.50004L11.3536 12.8536L10.6464 12.1465L15.7929 7Z\" fill=\"currentColor\"\/>\n<\/svg>\n  <\/span>      <\/div>\n      <\/div>\n  \n      <\/a>\n  <\/div>                                <div class=\"c-card c-card-callout \" data-theme=\"light\">\n      <a href=\"https:\/\/tmeic.com\/es\/industries\/metals\/\" class=\"c-card__link-wrapper\">\n    \n  <div class=\"c-card__wrapper\">\n    <div class=\"c-card__header\">\n                    \n<h3 class=\"c-card__title\" data-theme=\"\">Metales<\/h3>                    <div class=\"c-card__content\">Soluciones de potencia y control de precisi\u00f3n para laminar, procesar y acabar acero y metales no f\u00e9rreos.<\/div>\n          <\/div>\n          <div class=\"c-card__cta\">\n        <div class=\"o-link\"><span data-text=\"Saber M\u00e1s\">Saber M\u00e1s<\/span><\/div>\n        <span class=\"o-icon \" >\n        <svg width=\"18\" height=\"13\" viewBox=\"0 0 18 13\" fill=\"none\" xmlns=\"http:\/\/www.w3.org\/2000\/svg\">\n  <path d=\"M15.7929 7H0V6H15.7929L10.6464 0.853591L11.3536 0.146484L17.7071 6.50004L11.3536 12.8536L10.6464 12.1465L15.7929 7Z\" fill=\"currentColor\"\/>\n<\/svg>\n  <\/span>      <\/div>\n      <\/div>\n  \n      <\/a>\n  <\/div>                                <div class=\"c-card c-card-callout \" data-theme=\"light\">\n      <a href=\"https:\/\/tmeic.com\/es\/industries\/rubber-and-plastic\/\" class=\"c-card__link-wrapper\">\n    \n  <div class=\"c-card__wrapper\">\n    <div class=\"c-card__header\">\n                    \n<h3 class=\"c-card__title\" data-theme=\"\">Caucho y pl\u00e1sticos<\/h3>                    <div class=\"c-card__content\">Variadores y motores de media tensi\u00f3n optimizados para procesos de mezcla, extrusi\u00f3n y granulaci\u00f3n.<\/div>\n          <\/div>\n          <div class=\"c-card__cta\">\n        <div class=\"o-link\"><span data-text=\"Saber M\u00e1s\">Saber M\u00e1s<\/span><\/div>\n        <span class=\"o-icon \" >\n        <svg width=\"18\" height=\"13\" viewBox=\"0 0 18 13\" fill=\"none\" xmlns=\"http:\/\/www.w3.org\/2000\/svg\">\n  <path d=\"M15.7929 7H0V6H15.7929L10.6464 0.853591L11.3536 0.146484L17.7071 6.50004L11.3536 12.8536L10.6464 12.1465L15.7929 7Z\" fill=\"currentColor\"\/>\n<\/svg>\n  <\/span>      <\/div>\n      <\/div>\n  \n      <\/a>\n  <\/div>                                <div class=\"c-card c-card-callout \" data-theme=\"light\">\n      <a href=\"https:\/\/tmeic.com\/es\/industries\/testing\/\" class=\"c-card__link-wrapper\">\n    \n  <div class=\"c-card__wrapper\">\n    <div class=\"c-card__header\">\n                    \n<h3 class=\"c-card__title\" data-theme=\"\">Pruebas<\/h3>                    <div class=\"c-card__content\">Sistemas de variadores de alto desempe\u00f1o para simulaci\u00f3n de cargas din\u00e1micas, bancos de pruebas y validaci\u00f3n del rendimiento.<\/div>\n          <\/div>\n          <div class=\"c-card__cta\">\n        <div class=\"o-link\"><span data-text=\"Saber M\u00e1s\">Saber M\u00e1s<\/span><\/div>\n        <span class=\"o-icon \" >\n        <svg width=\"18\" height=\"13\" viewBox=\"0 0 18 13\" fill=\"none\" xmlns=\"http:\/\/www.w3.org\/2000\/svg\">\n  <path d=\"M15.7929 7H0V6H15.7929L10.6464 0.853591L11.3536 0.146484L17.7071 6.50004L11.3536 12.8536L10.6464 12.1465L15.7929 7Z\" fill=\"currentColor\"\/>\n<\/svg>\n  <\/span>      <\/div>\n      <\/div>\n  \n      <\/a>\n  <\/div>                                <div class=\"c-card c-card-callout \" data-theme=\"light\">\n      <a href=\"https:\/\/tmeic.com\/es\/industries\/utility-plants\/\" class=\"c-card__link-wrapper\">\n    \n  <div class=\"c-card__wrapper\">\n    <div class=\"c-card__header\">\n                    \n<h3 class=\"c-card__title\" data-theme=\"\">Centrales el\u00e9ctricas<\/h3>                    <div class=\"c-card__content\">Soluciones de distribuci\u00f3n de energ\u00eda y variadores para ventiladores, bombas, sistemas de agua de alimentaci\u00f3n y automatizaci\u00f3n de toda la&hellip;<\/div>\n          <\/div>\n          <div class=\"c-card__cta\">\n        <div class=\"o-link\"><span data-text=\"Saber M\u00e1s\">Saber M\u00e1s<\/span><\/div>\n        <span class=\"o-icon \" >\n        <svg width=\"18\" height=\"13\" viewBox=\"0 0 18 13\" fill=\"none\" xmlns=\"http:\/\/www.w3.org\/2000\/svg\">\n  <path d=\"M15.7929 7H0V6H15.7929L10.6464 0.853591L11.3536 0.146484L17.7071 6.50004L11.3536 12.8536L10.6464 12.1465L15.7929 7Z\" fill=\"currentColor\"\/>\n<\/svg>\n  <\/span>      <\/div>\n      <\/div>\n  \n      <\/a>\n  <\/div>                                <div class=\"c-card c-card-callout \" data-theme=\"light\">\n      <a href=\"https:\/\/tmeic.com\/es\/industries\/petroleo-y-gas-2\/\" class=\"c-card__link-wrapper\">\n    \n  <div class=\"c-card__wrapper\">\n    <div class=\"c-card__header\">\n                    \n<h3 class=\"c-card__title\" data-theme=\"\">Petr\u00f3leo y gas<\/h3>                    <div class=\"c-card__content\">Sistemas fiables de motor y variadores dise\u00f1ados para entornos dif\u00edciles y aplicaciones cr\u00edticas de bombeo, compresi\u00f3n y refinado.<\/div>\n          <\/div>\n          <div class=\"c-card__cta\">\n        <div class=\"o-link\"><span data-text=\"Saber M\u00e1s\">Saber M\u00e1s<\/span><\/div>\n        <span class=\"o-icon \" >\n        <svg width=\"18\" height=\"13\" viewBox=\"0 0 18 13\" fill=\"none\" xmlns=\"http:\/\/www.w3.org\/2000\/svg\">\n  <path d=\"M15.7929 7H0V6H15.7929L10.6464 0.853591L11.3536 0.146484L17.7071 6.50004L11.3536 12.8536L10.6464 12.1465L15.7929 7Z\" fill=\"currentColor\"\/>\n<\/svg>\n  <\/span>      <\/div>\n      <\/div>\n  \n      <\/a>\n  <\/div>                                <div class=\"c-card c-card-callout \" data-theme=\"light\">\n      <a href=\"https:\/\/tmeic.com\/es\/industries\/puertos-y-terminales\/\" class=\"c-card__link-wrapper\">\n    \n  <div class=\"c-card__wrapper\">\n    <div class=\"c-card__header\">\n                    \n<h3 class=\"c-card__title\" data-theme=\"\">Puertos y Terminales<\/h3>                    <div class=\"c-card__content\">Soluciones de automatizaci\u00f3n de gr\u00faas, control de patios y electrificaci\u00f3n para operaciones portuarias m\u00e1s r\u00e1pidas, seguras y limpias.<\/div>\n          <\/div>\n          <div class=\"c-card__cta\">\n        <div class=\"o-link\"><span data-text=\"Saber M\u00e1s\">Saber M\u00e1s<\/span><\/div>\n        <span class=\"o-icon \" >\n        <svg width=\"18\" height=\"13\" viewBox=\"0 0 18 13\" fill=\"none\" xmlns=\"http:\/\/www.w3.org\/2000\/svg\">\n  <path d=\"M15.7929 7H0V6H15.7929L10.6464 0.853591L11.3536 0.146484L17.7071 6.50004L11.3536 12.8536L10.6464 12.1465L15.7929 7Z\" fill=\"currentColor\"\/>\n<\/svg>\n  <\/span>      <\/div>\n      <\/div>\n  \n      <\/a>\n  <\/div>                                <div class=\"c-card c-card-callout \" data-theme=\"light\">\n      <a href=\"https:\/\/tmeic.com\/es\/industries\/energias-renovables\/\" class=\"c-card__link-wrapper\">\n    \n  <div class=\"c-card__wrapper\">\n    <div class=\"c-card__header\">\n                    \n<h3 class=\"c-card__title\" data-theme=\"\">Energ\u00edas renovables<\/h3>                    <div class=\"c-card__content\">Sistemas escalables de inversores y almacenamiento de energ\u00eda para aplicaciones solares, h\u00edbridas y conectadas a la red.<\/div>\n          <\/div>\n          <div class=\"c-card__cta\">\n        <div class=\"o-link\"><span data-text=\"Saber M\u00e1s\">Saber M\u00e1s<\/span><\/div>\n        <span class=\"o-icon \" >\n        <svg width=\"18\" height=\"13\" viewBox=\"0 0 18 13\" fill=\"none\" xmlns=\"http:\/\/www.w3.org\/2000\/svg\">\n  <path d=\"M15.7929 7H0V6H15.7929L10.6464 0.853591L11.3536 0.146484L17.7071 6.50004L11.3536 12.8536L10.6464 12.1465L15.7929 7Z\" fill=\"currentColor\"\/>\n<\/svg>\n  <\/span>      <\/div>\n      <\/div>\n  \n      <\/a>\n  <\/div>                    <\/div>\n<\/section>\n<p><\/p>\n","protected":false},"excerpt":{"rendered":"<p>Who We Are Impulsamos la industria TMEIC impulsa la industria en todo el mundo a trav\u00e9s de una oferta completa de soluciones de sistemas \u00fanicos que incluyen variadores de frecuencia, motores, inversores fotovoltaicos y sistemas avanzados de automatizaci\u00f3n para una amplia gama de aplicaciones industriales. Creada en 2003, TMEIC Corporation es el resultado de la [&hellip;]<\/p>\n","protected":false},"author":1,"featured_media":0,"parent":0,"menu_order":0,"comment_status":"closed","ping_status":"closed","template":"company-info-template.php","meta":{"_acf_changed":false,"footnotes":""},"groups":[],"class_list":["post-4051","page","type-page","status-publish","hentry"],"acf":[],"yoast_head":"<!-- This site is optimized with the Yoast SEO plugin v25.7 - https:\/\/yoast.com\/wordpress\/plugins\/seo\/ -->\n<title>About - TMEIC<\/title>\n<meta name=\"robots\" content=\"index, follow, max-snippet:-1, max-image-preview:large, max-video-preview:-1\" \/>\n<link rel=\"canonical\" href=\"https:\/\/www.tmeic.com\/es\/about\/\" \/>\n<meta property=\"og:locale\" content=\"es_ES\" \/>\n<meta property=\"og:type\" content=\"article\" \/>\n<meta property=\"og:title\" content=\"About - TMEIC\" \/>\n<meta property=\"og:description\" content=\"Who We Are Impulsamos la industria TMEIC impulsa la industria en todo el mundo a trav\u00e9s de una oferta completa de soluciones de sistemas \u00fanicos que incluyen variadores de frecuencia, motores, inversores fotovoltaicos y sistemas avanzados de automatizaci\u00f3n para una amplia gama de aplicaciones industriales. Creada en 2003, TMEIC Corporation es el resultado de la [&hellip;]\" \/>\n<meta property=\"og:url\" content=\"https:\/\/www.tmeic.com\/es\/about\/\" \/>\n<meta property=\"og:site_name\" content=\"TMEIC\" \/>\n<meta property=\"article:modified_time\" content=\"2025-06-05T00:06:57+00:00\" \/>\n<meta name=\"twitter:card\" content=\"summary_large_image\" \/>\n<meta name=\"twitter:label1\" content=\"Est. reading time\" \/>\n\t<meta name=\"twitter:data1\" content=\"1 minuto\" \/>\n<script type=\"application\/ld+json\" class=\"yoast-schema-graph\">{\"@context\":\"https:\/\/schema.org\",\"@graph\":[{\"@type\":\"WebPage\",\"@id\":\"https:\/\/www.tmeic.com\/es\/about\/\",\"url\":\"https:\/\/www.tmeic.com\/es\/about\/\",\"name\":\"About - TMEIC\",\"isPartOf\":{\"@id\":\"https:\/\/www.tmeic.com\/zh-hans\/#website\"},\"datePublished\":\"2025-03-17T16:08:52+00:00\",\"dateModified\":\"2025-06-05T00:06:57+00:00\",\"breadcrumb\":{\"@id\":\"https:\/\/www.tmeic.com\/es\/about\/#breadcrumb\"},\"inLanguage\":\"es\",\"potentialAction\":[{\"@type\":\"ReadAction\",\"target\":[\"https:\/\/www.tmeic.com\/es\/about\/\"]}]},{\"@type\":\"BreadcrumbList\",\"@id\":\"https:\/\/www.tmeic.com\/es\/about\/#breadcrumb\",\"itemListElement\":[{\"@type\":\"ListItem\",\"position\":1,\"name\":\"Home\",\"item\":\"https:\/\/tmeic.com\/es\/\"},{\"@type\":\"ListItem\",\"position\":2,\"name\":\"About\"}]},{\"@type\":\"WebSite\",\"@id\":\"https:\/\/www.tmeic.com\/zh-hans\/#website\",\"url\":\"https:\/\/www.tmeic.com\/zh-hans\/\",\"name\":\"TMEIC\",\"description\":\"\",\"potentialAction\":[{\"@type\":\"SearchAction\",\"target\":{\"@type\":\"EntryPoint\",\"urlTemplate\":\"https:\/\/www.tmeic.com\/zh-hans\/?s={search_term_string}\"},\"query-input\":{\"@type\":\"PropertyValueSpecification\",\"valueRequired\":true,\"valueName\":\"search_term_string\"}}],\"inLanguage\":\"es\"}]}<\/script>\n<!-- \/ Yoast SEO plugin. -->","yoast_head_json":{"title":"About - TMEIC","robots":{"index":"index","follow":"follow","max-snippet":"max-snippet:-1","max-image-preview":"max-image-preview:large","max-video-preview":"max-video-preview:-1"},"canonical":"https:\/\/www.tmeic.com\/es\/about\/","og_locale":"es_ES","og_type":"article","og_title":"About - TMEIC","og_description":"Who We Are Impulsamos la industria TMEIC impulsa la industria en todo el mundo a trav\u00e9s de una oferta completa de soluciones de sistemas \u00fanicos que incluyen variadores de frecuencia, motores, inversores fotovoltaicos y sistemas avanzados de automatizaci\u00f3n para una amplia gama de aplicaciones industriales. Creada en 2003, TMEIC Corporation es el resultado de la [&hellip;]","og_url":"https:\/\/www.tmeic.com\/es\/about\/","og_site_name":"TMEIC","article_modified_time":"2025-06-05T00:06:57+00:00","twitter_card":"summary_large_image","twitter_misc":{"Est. reading time":"1 minuto"},"schema":{"@context":"https:\/\/schema.org","@graph":[{"@type":"WebPage","@id":"https:\/\/www.tmeic.com\/es\/about\/","url":"https:\/\/www.tmeic.com\/es\/about\/","name":"About - TMEIC","isPartOf":{"@id":"https:\/\/www.tmeic.com\/zh-hans\/#website"},"datePublished":"2025-03-17T16:08:52+00:00","dateModified":"2025-06-05T00:06:57+00:00","breadcrumb":{"@id":"https:\/\/www.tmeic.com\/es\/about\/#breadcrumb"},"inLanguage":"es","potentialAction":[{"@type":"ReadAction","target":["https:\/\/www.tmeic.com\/es\/about\/"]}]},{"@type":"BreadcrumbList","@id":"https:\/\/www.tmeic.com\/es\/about\/#breadcrumb","itemListElement":[{"@type":"ListItem","position":1,"name":"Home","item":"https:\/\/tmeic.com\/es\/"},{"@type":"ListItem","position":2,"name":"About"}]},{"@type":"WebSite","@id":"https:\/\/www.tmeic.com\/zh-hans\/#website","url":"https:\/\/www.tmeic.com\/zh-hans\/","name":"TMEIC","description":"","potentialAction":[{"@type":"SearchAction","target":{"@type":"EntryPoint","urlTemplate":"https:\/\/www.tmeic.com\/zh-hans\/?s={search_term_string}"},"query-input":{"@type":"PropertyValueSpecification","valueRequired":true,"valueName":"search_term_string"}}],"inLanguage":"es"}]}},"_links":{"self":[{"href":"https:\/\/tmeic.com\/es\/wp-json\/wp\/v2\/pages\/4051","targetHints":{"allow":["GET"]}}],"collection":[{"href":"https:\/\/tmeic.com\/es\/wp-json\/wp\/v2\/pages"}],"about":[{"href":"https:\/\/tmeic.com\/es\/wp-json\/wp\/v2\/types\/page"}],"author":[{"embeddable":true,"href":"https:\/\/tmeic.com\/es\/wp-json\/wp\/v2\/users\/1"}],"replies":[{"embeddable":true,"href":"https:\/\/tmeic.com\/es\/wp-json\/wp\/v2\/comments?post=4051"}],"version-history":[{"count":6,"href":"https:\/\/tmeic.com\/es\/wp-json\/wp\/v2\/pages\/4051\/revisions"}],"predecessor-version":[{"id":7157,"href":"https:\/\/tmeic.com\/es\/wp-json\/wp\/v2\/pages\/4051\/revisions\/7157"}],"wp:attachment":[{"href":"https:\/\/tmeic.com\/es\/wp-json\/wp\/v2\/media?parent=4051"}],"wp:term":[{"taxonomy":"groups","embeddable":true,"href":"https:\/\/tmeic.com\/es\/wp-json\/wp\/v2\/groups?post=4051"}],"curies":[{"name":"wp","href":"https:\/\/api.w.org\/{rel}","templated":true}]}}