  {"id":5227,"date":"2025-05-17T03:54:59","date_gmt":"2025-05-17T03:54:59","guid":{"rendered":"https:\/\/tmeic.com\/industrias\/"},"modified":"2025-05-20T01:00:00","modified_gmt":"2025-05-20T01:00:00","slug":"industrias","status":"publish","type":"page","link":"https:\/\/tmeic.com\/es\/industrias\/","title":{"rendered":"Industrias"},"content":{"rendered":"<section class=\"c-split-content l-container--full\" data-theme=\"light\">\n  <div class=\"c-split-content__container l-container--xl left\">\n    <div class=\"c-split-content__media a-fade\" x-data=\"fadeAnimation()\" :class=\"{ 'is-visible': visible }\">\n              <div class=\"o-image-responsive\" style=\"background-image: url(https:\/\/tmeic.com\/wp-content\/uploads\/2025\/05\/industries.webp)\"><\/div>\n          <\/div>\n    <div class=\"c-split-content__content l-container--xxs a-fade\" x-data=\"fadeAnimation()\" :class=\"{ 'is-visible': visible }\">\n      <div class=\"inner-wrapper\">\n        \n<h3 class=\"\" data-theme=\"\">Impulsar el progreso en todas las industrias mundiales<\/h3>        <div><p>TMEIC colabora con industrias de todo el mundo para suministrar sistemas de motor, accionamiento y automatizaci\u00f3n de alto rendimiento que aumentan el tiempo de actividad, mejoran la eficiencia energ\u00e9tica y permiten operaciones sostenibles. Desde el cemento y la miner\u00eda hasta las energ\u00edas renovables y los centros de datos, aportamos d\u00e9cadas de experiencia demostrada y un compromiso con la excelencia en ingenier\u00eda que mantiene en movimiento los sistemas cr\u00edticos, independientemente de su escala o complejidad. <\/p>\n<\/div>\n              <\/div>\n          <\/div>\n  <\/div>\n<\/section><section class=\"c-split-content l-container--full\" data-theme=\"light\">\n  <div class=\"c-split-content__container l-container--xl right\">\n    <div class=\"c-split-content__media a-fade\" x-data=\"fadeAnimation()\" :class=\"{ 'is-visible': visible }\">\n                                  <video \n            src=\"https:\/\/tmeic.com\/wp-content\/uploads\/2025\/05\/Aerial-View-Of-Wind-Turbines.mp4\" \n             autoplay muted playsinline  \n             loop                       ><\/video>\n                  <\/div>\n    <div class=\"c-split-content__content l-container--xxs a-fade\" x-data=\"fadeAnimation()\" :class=\"{ 'is-visible': visible }\">\n      <div class=\"inner-wrapper\">\n        \n<h3 class=\"\" data-theme=\"\">Soluciones inteligentes para los retos industriales<\/h3>        <div><p>Nuestras tecnolog\u00edas integradas est\u00e1n dise\u00f1adas para hacer frente a las aplicaciones m\u00e1s exigentes, ya sea arrancar un compresor de 25 MW o coordinar el flujo de energ\u00eda en una planta solar a escala comercial. TMEIC combina ingenier\u00eda de precisi\u00f3n, asistencia global e innovaci\u00f3n en aplicaciones espec\u00edficas para resolver problemas y maximizar el valor para cada cliente. <\/p>\n<\/div>\n                  <div class=\"c-split-content__cards a-fade a-fade-delay-1\" x-data=\"fadeAnimation()\" :class=\"{ 'is-visible': visible }\">\n             \n              <div class=\"c-card c-card-callout \" data-theme=\"light\">\n    \n  <div class=\"c-card__wrapper\">\n    <div class=\"c-card__header\">\n                    \n<h3 class=\"c-card__title\" data-theme=\"\">Conversi\u00f3n de Potencia<\/h3>                    <div class=\"c-card__content\">Accionamientos de velocidad regulable de varios megavatios y sistemas de arranque suave para mejorar la eficiencia y proteger los activos&hellip;<\/div>\n          <\/div>\n      <\/div>\n  \n  <\/div>             \n              <div class=\"c-card c-card-callout \" data-theme=\"light\">\n    \n  <div class=\"c-card__wrapper\">\n    <div class=\"c-card__header\">\n                    \n<h3 class=\"c-card__title\" data-theme=\"\">Eficiencia Energ\u00e9tica<\/h3>                    <div class=\"c-card__content\">Motores y accionamientos dise\u00f1ados para reducir los costes operativos al tiempo que ofrecen un rendimiento constante en diversos sectores.<\/div>\n          <\/div>\n      <\/div>\n  \n  <\/div>             \n              <div class=\"c-card c-card-callout \" data-theme=\"light\">\n    \n  <div class=\"c-card__wrapper\">\n    <div class=\"c-card__header\">\n                    \n<h3 class=\"c-card__title\" data-theme=\"\">Automatizaci\u00f3n y control<\/h3>                    <div class=\"c-card__content\">Sistemas integrados de supervisi\u00f3n, diagn\u00f3stico y optimizaci\u00f3n de procesos en tiempo real, desde la planta hasta la sala de control.<\/div>\n          <\/div>\n      <\/div>\n  \n  <\/div>             \n              <div class=\"c-card c-card-callout \" data-theme=\"light\">\n    \n  <div class=\"c-card__wrapper\">\n    <div class=\"c-card__header\">\n                    \n<h3 class=\"c-card__title\" data-theme=\"\">Sostenibilidad<\/h3>                    <div class=\"c-card__content\">Soluciones que apoyan la captura de carbono, las energ\u00edas renovables y las infraestructuras electrificadas para un futuro m\u00e1s limpio e&hellip;<\/div>\n          <\/div>\n      <\/div>\n  \n  <\/div>                      <\/div>\n              <\/div>\n          <\/div>\n  <\/div>\n<\/section><section id=\"\" class=\"c-card-grid l-container--full\" data-theme=\"dark\">\n  <div class=\"l-container--xl\">\n            \n<h2 class=\"c-card-grid__heading\" data-theme=\"\">Industrias a las que servimos<\/h2>      <\/div>\n  <div class=\"c-card-grid__container l-container--xl\" data-grid=\"four\">\n                            <div class=\"c-card c-card-callout \" data-theme=\"dark\">\n      <a href=\"https:\/\/tmeic.com\/es\/industries\/__trashed-3\/\" class=\"c-card__link-wrapper\">\n    \n  <div class=\"c-card__wrapper\">\n    <div class=\"c-card__header\">\n                    \n<h3 class=\"c-card__title\" data-theme=\"\">Miner\u00eda<\/h3>                    <div class=\"c-card__content\">Motores de alto par, variadores y sistemas de correcci\u00f3n del factor de potencia para polipastos, molinos, cintas transportadoras y excavadoras.<\/div>\n          <\/div>\n          <div class=\"c-card__cta\">\n        <div class=\"o-link\"><span data-text=\"Saber M\u00e1s\">Saber M\u00e1s<\/span><\/div>\n        <span class=\"o-icon \" >\n        <svg width=\"18\" height=\"13\" viewBox=\"0 0 18 13\" fill=\"none\" xmlns=\"http:\/\/www.w3.org\/2000\/svg\">\n  <path d=\"M15.7929 7H0V6H15.7929L10.6464 0.853591L11.3536 0.146484L17.7071 6.50004L11.3536 12.8536L10.6464 12.1465L15.7929 7Z\" fill=\"currentColor\"\/>\n<\/svg>\n  <\/span>      <\/div>\n      <\/div>\n  \n      <\/a>\n  <\/div>                                <div class=\"c-card c-card-callout \" data-theme=\"dark\">\n      <a href=\"https:\/\/tmeic.com\/es\/industries\/water-and-wastewater\/\" class=\"c-card__link-wrapper\">\n    \n  <div class=\"c-card__wrapper\">\n    <div class=\"c-card__header\">\n                    \n<h3 class=\"c-card__title\" data-theme=\"\">Agua y aguas residuales<\/h3>                    <div class=\"c-card__content\">Motores, variadores y sistemas de control energ\u00e9ticamente eficientes para estaciones de tratamiento, regulaci\u00f3n de caudal y elevaci\u00f3n.<\/div>\n          <\/div>\n          <div class=\"c-card__cta\">\n        <div class=\"o-link\"><span data-text=\"Saber M\u00e1s\">Saber M\u00e1s<\/span><\/div>\n        <span class=\"o-icon \" >\n        <svg width=\"18\" height=\"13\" viewBox=\"0 0 18 13\" fill=\"none\" xmlns=\"http:\/\/www.w3.org\/2000\/svg\">\n  <path d=\"M15.7929 7H0V6H15.7929L10.6464 0.853591L11.3536 0.146484L17.7071 6.50004L11.3536 12.8536L10.6464 12.1465L15.7929 7Z\" fill=\"currentColor\"\/>\n<\/svg>\n  <\/span>      <\/div>\n      <\/div>\n  \n      <\/a>\n  <\/div>                                <div class=\"c-card c-card-callout \" data-theme=\"dark\">\n      <a href=\"https:\/\/tmeic.com\/es\/industries\/cement\/\" class=\"c-card__link-wrapper\">\n    \n  <div class=\"c-card__wrapper\">\n    <div class=\"c-card__header\">\n                    \n<h3 class=\"c-card__title\" data-theme=\"\">Cemento<\/h3>                    <div class=\"c-card__content\">Sistemas de Automatizaci\u00f3n y variadores construidos para soportar altas temperaturas, polvo y cargas pesadas en la producci\u00f3n de cemento.<\/div>\n          <\/div>\n          <div class=\"c-card__cta\">\n        <div class=\"o-link\"><span data-text=\"Saber M\u00e1s\">Saber M\u00e1s<\/span><\/div>\n        <span class=\"o-icon \" >\n        <svg width=\"18\" height=\"13\" viewBox=\"0 0 18 13\" fill=\"none\" xmlns=\"http:\/\/www.w3.org\/2000\/svg\">\n  <path d=\"M15.7929 7H0V6H15.7929L10.6464 0.853591L11.3536 0.146484L17.7071 6.50004L11.3536 12.8536L10.6464 12.1465L15.7929 7Z\" fill=\"currentColor\"\/>\n<\/svg>\n  <\/span>      <\/div>\n      <\/div>\n  \n      <\/a>\n  <\/div>                                <div class=\"c-card c-card-callout \" data-theme=\"dark\">\n      <a href=\"https:\/\/tmeic.com\/es\/industries\/papel\/\" class=\"c-card__link-wrapper\">\n    \n  <div class=\"c-card__wrapper\">\n    <div class=\"c-card__header\">\n                    \n<h3 class=\"c-card__title\" data-theme=\"\">Papel<\/h3>                    <div class=\"c-card__content\">Sistemas integrados para un funcionamiento continuo y resistente a la humedad en l\u00edneas de producci\u00f3n de papel y pasta de&hellip;<\/div>\n          <\/div>\n          <div class=\"c-card__cta\">\n        <div class=\"o-link\"><span data-text=\"Saber M\u00e1s\">Saber M\u00e1s<\/span><\/div>\n        <span class=\"o-icon \" >\n        <svg width=\"18\" height=\"13\" viewBox=\"0 0 18 13\" fill=\"none\" xmlns=\"http:\/\/www.w3.org\/2000\/svg\">\n  <path d=\"M15.7929 7H0V6H15.7929L10.6464 0.853591L11.3536 0.146484L17.7071 6.50004L11.3536 12.8536L10.6464 12.1465L15.7929 7Z\" fill=\"currentColor\"\/>\n<\/svg>\n  <\/span>      <\/div>\n      <\/div>\n  \n      <\/a>\n  <\/div>                                <div class=\"c-card c-card-callout \" data-theme=\"dark\">\n      <a href=\"https:\/\/tmeic.com\/es\/industries\/metals\/\" class=\"c-card__link-wrapper\">\n    \n  <div class=\"c-card__wrapper\">\n    <div class=\"c-card__header\">\n                    \n<h3 class=\"c-card__title\" data-theme=\"\">Metales<\/h3>                    <div class=\"c-card__content\">Soluciones de potencia y control de precisi\u00f3n para laminar, procesar y acabar acero y metales no f\u00e9rreos.<\/div>\n          <\/div>\n          <div class=\"c-card__cta\">\n        <div class=\"o-link\"><span data-text=\"Saber M\u00e1s\">Saber M\u00e1s<\/span><\/div>\n        <span class=\"o-icon \" >\n        <svg width=\"18\" height=\"13\" viewBox=\"0 0 18 13\" fill=\"none\" xmlns=\"http:\/\/www.w3.org\/2000\/svg\">\n  <path d=\"M15.7929 7H0V6H15.7929L10.6464 0.853591L11.3536 0.146484L17.7071 6.50004L11.3536 12.8536L10.6464 12.1465L15.7929 7Z\" fill=\"currentColor\"\/>\n<\/svg>\n  <\/span>      <\/div>\n      <\/div>\n  \n      <\/a>\n  <\/div>                                <div class=\"c-card c-card-callout \" data-theme=\"dark\">\n      <a href=\"https:\/\/tmeic.com\/es\/industries\/rubber-and-plastic\/\" class=\"c-card__link-wrapper\">\n    \n  <div class=\"c-card__wrapper\">\n    <div class=\"c-card__header\">\n                    \n<h3 class=\"c-card__title\" data-theme=\"\">Caucho y pl\u00e1sticos<\/h3>                    <div class=\"c-card__content\">Variadores y motores de media tensi\u00f3n optimizados para procesos de mezcla, extrusi\u00f3n y granulaci\u00f3n.<\/div>\n          <\/div>\n          <div class=\"c-card__cta\">\n        <div class=\"o-link\"><span data-text=\"Saber M\u00e1s\">Saber M\u00e1s<\/span><\/div>\n        <span class=\"o-icon \" >\n        <svg width=\"18\" height=\"13\" viewBox=\"0 0 18 13\" fill=\"none\" xmlns=\"http:\/\/www.w3.org\/2000\/svg\">\n  <path d=\"M15.7929 7H0V6H15.7929L10.6464 0.853591L11.3536 0.146484L17.7071 6.50004L11.3536 12.8536L10.6464 12.1465L15.7929 7Z\" fill=\"currentColor\"\/>\n<\/svg>\n  <\/span>      <\/div>\n      <\/div>\n  \n      <\/a>\n  <\/div>                                <div class=\"c-card c-card-callout \" data-theme=\"dark\">\n      <a href=\"https:\/\/tmeic.com\/es\/industries\/testing\/\" class=\"c-card__link-wrapper\">\n    \n  <div class=\"c-card__wrapper\">\n    <div class=\"c-card__header\">\n                    \n<h3 class=\"c-card__title\" data-theme=\"\">Pruebas<\/h3>                    <div class=\"c-card__content\">Sistemas de variadores de alto desempe\u00f1o para simulaci\u00f3n de cargas din\u00e1micas, bancos de pruebas y validaci\u00f3n del rendimiento.<\/div>\n          <\/div>\n          <div class=\"c-card__cta\">\n        <div class=\"o-link\"><span data-text=\"Saber M\u00e1s\">Saber M\u00e1s<\/span><\/div>\n        <span class=\"o-icon \" >\n        <svg width=\"18\" height=\"13\" viewBox=\"0 0 18 13\" fill=\"none\" xmlns=\"http:\/\/www.w3.org\/2000\/svg\">\n  <path d=\"M15.7929 7H0V6H15.7929L10.6464 0.853591L11.3536 0.146484L17.7071 6.50004L11.3536 12.8536L10.6464 12.1465L15.7929 7Z\" fill=\"currentColor\"\/>\n<\/svg>\n  <\/span>      <\/div>\n      <\/div>\n  \n      <\/a>\n  <\/div>                                <div class=\"c-card c-card-callout \" data-theme=\"dark\">\n      <a href=\"https:\/\/tmeic.com\/es\/industries\/utility-plants\/\" class=\"c-card__link-wrapper\">\n    \n  <div class=\"c-card__wrapper\">\n    <div class=\"c-card__header\">\n                    \n<h3 class=\"c-card__title\" data-theme=\"\">Centrales el\u00e9ctricas<\/h3>                    <div class=\"c-card__content\">Soluciones de distribuci\u00f3n de energ\u00eda y variadores para ventiladores, bombas, sistemas de agua de alimentaci\u00f3n y automatizaci\u00f3n de toda la&hellip;<\/div>\n          <\/div>\n          <div class=\"c-card__cta\">\n        <div class=\"o-link\"><span data-text=\"Saber M\u00e1s\">Saber M\u00e1s<\/span><\/div>\n        <span class=\"o-icon \" >\n        <svg width=\"18\" height=\"13\" viewBox=\"0 0 18 13\" fill=\"none\" xmlns=\"http:\/\/www.w3.org\/2000\/svg\">\n  <path d=\"M15.7929 7H0V6H15.7929L10.6464 0.853591L11.3536 0.146484L17.7071 6.50004L11.3536 12.8536L10.6464 12.1465L15.7929 7Z\" fill=\"currentColor\"\/>\n<\/svg>\n  <\/span>      <\/div>\n      <\/div>\n  \n      <\/a>\n  <\/div>                                <div class=\"c-card c-card-callout \" data-theme=\"dark\">\n      <a href=\"https:\/\/tmeic.com\/es\/industries\/petroleo-y-gas-2\/\" class=\"c-card__link-wrapper\">\n    \n  <div class=\"c-card__wrapper\">\n    <div class=\"c-card__header\">\n                    \n<h3 class=\"c-card__title\" data-theme=\"\">Petr\u00f3leo y gas<\/h3>                    <div class=\"c-card__content\">Sistemas fiables de motor y variadores dise\u00f1ados para entornos dif\u00edciles y aplicaciones cr\u00edticas de bombeo, compresi\u00f3n y refinado.<\/div>\n          <\/div>\n          <div class=\"c-card__cta\">\n        <div class=\"o-link\"><span data-text=\"Saber M\u00e1s\">Saber M\u00e1s<\/span><\/div>\n        <span class=\"o-icon \" >\n        <svg width=\"18\" height=\"13\" viewBox=\"0 0 18 13\" fill=\"none\" xmlns=\"http:\/\/www.w3.org\/2000\/svg\">\n  <path d=\"M15.7929 7H0V6H15.7929L10.6464 0.853591L11.3536 0.146484L17.7071 6.50004L11.3536 12.8536L10.6464 12.1465L15.7929 7Z\" fill=\"currentColor\"\/>\n<\/svg>\n  <\/span>      <\/div>\n      <\/div>\n  \n      <\/a>\n  <\/div>                                <div class=\"c-card c-card-callout \" data-theme=\"dark\">\n      <a href=\"https:\/\/tmeic.com\/es\/industries\/puertos-y-terminales\/\" class=\"c-card__link-wrapper\">\n    \n  <div class=\"c-card__wrapper\">\n    <div class=\"c-card__header\">\n                    \n<h3 class=\"c-card__title\" data-theme=\"\">Puertos y Terminales<\/h3>                    <div class=\"c-card__content\">Soluciones de automatizaci\u00f3n de gr\u00faas, control de patios y electrificaci\u00f3n para operaciones portuarias m\u00e1s r\u00e1pidas, seguras y limpias.<\/div>\n          <\/div>\n          <div class=\"c-card__cta\">\n        <div class=\"o-link\"><span data-text=\"Saber M\u00e1s\">Saber M\u00e1s<\/span><\/div>\n        <span class=\"o-icon \" >\n        <svg width=\"18\" height=\"13\" viewBox=\"0 0 18 13\" fill=\"none\" xmlns=\"http:\/\/www.w3.org\/2000\/svg\">\n  <path d=\"M15.7929 7H0V6H15.7929L10.6464 0.853591L11.3536 0.146484L17.7071 6.50004L11.3536 12.8536L10.6464 12.1465L15.7929 7Z\" fill=\"currentColor\"\/>\n<\/svg>\n  <\/span>      <\/div>\n      <\/div>\n  \n      <\/a>\n  <\/div>                                <div class=\"c-card c-card-callout \" data-theme=\"dark\">\n      <a href=\"https:\/\/tmeic.com\/es\/industries\/energias-renovables\/\" class=\"c-card__link-wrapper\">\n    \n  <div class=\"c-card__wrapper\">\n    <div class=\"c-card__header\">\n                    \n<h3 class=\"c-card__title\" data-theme=\"\">Energ\u00edas renovables<\/h3>                    <div class=\"c-card__content\">Sistemas escalables de inversores y almacenamiento de energ\u00eda para aplicaciones solares, h\u00edbridas y conectadas a la red.<\/div>\n          <\/div>\n          <div class=\"c-card__cta\">\n        <div class=\"o-link\"><span data-text=\"Saber M\u00e1s\">Saber M\u00e1s<\/span><\/div>\n        <span class=\"o-icon \" >\n        <svg width=\"18\" height=\"13\" viewBox=\"0 0 18 13\" fill=\"none\" xmlns=\"http:\/\/www.w3.org\/2000\/svg\">\n  <path d=\"M15.7929 7H0V6H15.7929L10.6464 0.853591L11.3536 0.146484L17.7071 6.50004L11.3536 12.8536L10.6464 12.1465L15.7929 7Z\" fill=\"currentColor\"\/>\n<\/svg>\n  <\/span>      <\/div>\n      <\/div>\n  \n      <\/a>\n  <\/div>                    <\/div>\n<\/section>","protected":false},"excerpt":{"rendered":"","protected":false},"author":5,"featured_media":0,"parent":0,"menu_order":0,"comment_status":"closed","ping_status":"closed","template":"","meta":{"_acf_changed":false,"footnotes":""},"groups":[],"class_list":["post-5227","page","type-page","status-publish","hentry"],"acf":[],"yoast_head":"<!-- This site is optimized with the Yoast SEO plugin v25.7 - https:\/\/yoast.com\/wordpress\/plugins\/seo\/ -->\n<title>Industrias - TMEIC<\/title>\n<meta name=\"robots\" content=\"index, follow, max-snippet:-1, max-image-preview:large, max-video-preview:-1\" \/>\n<link rel=\"canonical\" href=\"https:\/\/tmeic.com\/es\/industrias\/\" \/>\n<meta property=\"og:locale\" content=\"es_ES\" \/>\n<meta property=\"og:type\" content=\"article\" \/>\n<meta property=\"og:title\" content=\"Industrias - TMEIC\" \/>\n<meta property=\"og:url\" content=\"https:\/\/tmeic.com\/es\/industrias\/\" \/>\n<meta property=\"og:site_name\" content=\"TMEIC\" \/>\n<meta property=\"article:modified_time\" content=\"2025-05-20T01:00:00+00:00\" \/>\n<meta name=\"twitter:card\" content=\"summary_large_image\" \/>\n<script type=\"application\/ld+json\" class=\"yoast-schema-graph\">{\"@context\":\"https:\/\/schema.org\",\"@graph\":[{\"@type\":\"WebPage\",\"@id\":\"https:\/\/tmeic.com\/es\/industrias\/\",\"url\":\"https:\/\/tmeic.com\/es\/industrias\/\",\"name\":\"Industrias - TMEIC\",\"isPartOf\":{\"@id\":\"https:\/\/www.tmeic.com\/zh-hans\/#website\"},\"datePublished\":\"2025-05-17T03:54:59+00:00\",\"dateModified\":\"2025-05-20T01:00:00+00:00\",\"breadcrumb\":{\"@id\":\"https:\/\/tmeic.com\/es\/industrias\/#breadcrumb\"},\"inLanguage\":\"es\",\"potentialAction\":[{\"@type\":\"ReadAction\",\"target\":[\"https:\/\/tmeic.com\/es\/industrias\/\"]}]},{\"@type\":\"BreadcrumbList\",\"@id\":\"https:\/\/tmeic.com\/es\/industrias\/#breadcrumb\",\"itemListElement\":[{\"@type\":\"ListItem\",\"position\":1,\"name\":\"Home\",\"item\":\"https:\/\/tmeic.com\/es\/\"},{\"@type\":\"ListItem\",\"position\":2,\"name\":\"Industrias\"}]},{\"@type\":\"WebSite\",\"@id\":\"https:\/\/www.tmeic.com\/zh-hans\/#website\",\"url\":\"https:\/\/www.tmeic.com\/zh-hans\/\",\"name\":\"TMEIC\",\"description\":\"\",\"potentialAction\":[{\"@type\":\"SearchAction\",\"target\":{\"@type\":\"EntryPoint\",\"urlTemplate\":\"https:\/\/www.tmeic.com\/zh-hans\/?s={search_term_string}\"},\"query-input\":{\"@type\":\"PropertyValueSpecification\",\"valueRequired\":true,\"valueName\":\"search_term_string\"}}],\"inLanguage\":\"es\"}]}<\/script>\n<!-- \/ Yoast SEO plugin. -->","yoast_head_json":{"title":"Industrias - TMEIC","robots":{"index":"index","follow":"follow","max-snippet":"max-snippet:-1","max-image-preview":"max-image-preview:large","max-video-preview":"max-video-preview:-1"},"canonical":"https:\/\/tmeic.com\/es\/industrias\/","og_locale":"es_ES","og_type":"article","og_title":"Industrias - TMEIC","og_url":"https:\/\/tmeic.com\/es\/industrias\/","og_site_name":"TMEIC","article_modified_time":"2025-05-20T01:00:00+00:00","twitter_card":"summary_large_image","schema":{"@context":"https:\/\/schema.org","@graph":[{"@type":"WebPage","@id":"https:\/\/tmeic.com\/es\/industrias\/","url":"https:\/\/tmeic.com\/es\/industrias\/","name":"Industrias - TMEIC","isPartOf":{"@id":"https:\/\/www.tmeic.com\/zh-hans\/#website"},"datePublished":"2025-05-17T03:54:59+00:00","dateModified":"2025-05-20T01:00:00+00:00","breadcrumb":{"@id":"https:\/\/tmeic.com\/es\/industrias\/#breadcrumb"},"inLanguage":"es","potentialAction":[{"@type":"ReadAction","target":["https:\/\/tmeic.com\/es\/industrias\/"]}]},{"@type":"BreadcrumbList","@id":"https:\/\/tmeic.com\/es\/industrias\/#breadcrumb","itemListElement":[{"@type":"ListItem","position":1,"name":"Home","item":"https:\/\/tmeic.com\/es\/"},{"@type":"ListItem","position":2,"name":"Industrias"}]},{"@type":"WebSite","@id":"https:\/\/www.tmeic.com\/zh-hans\/#website","url":"https:\/\/www.tmeic.com\/zh-hans\/","name":"TMEIC","description":"","potentialAction":[{"@type":"SearchAction","target":{"@type":"EntryPoint","urlTemplate":"https:\/\/www.tmeic.com\/zh-hans\/?s={search_term_string}"},"query-input":{"@type":"PropertyValueSpecification","valueRequired":true,"valueName":"search_term_string"}}],"inLanguage":"es"}]}},"_links":{"self":[{"href":"https:\/\/tmeic.com\/es\/wp-json\/wp\/v2\/pages\/5227","targetHints":{"allow":["GET"]}}],"collection":[{"href":"https:\/\/tmeic.com\/es\/wp-json\/wp\/v2\/pages"}],"about":[{"href":"https:\/\/tmeic.com\/es\/wp-json\/wp\/v2\/types\/page"}],"author":[{"embeddable":true,"href":"https:\/\/tmeic.com\/es\/wp-json\/wp\/v2\/users\/5"}],"replies":[{"embeddable":true,"href":"https:\/\/tmeic.com\/es\/wp-json\/wp\/v2\/comments?post=5227"}],"version-history":[{"count":1,"href":"https:\/\/tmeic.com\/es\/wp-json\/wp\/v2\/pages\/5227\/revisions"}],"predecessor-version":[{"id":5228,"href":"https:\/\/tmeic.com\/es\/wp-json\/wp\/v2\/pages\/5227\/revisions\/5228"}],"wp:attachment":[{"href":"https:\/\/tmeic.com\/es\/wp-json\/wp\/v2\/media?parent=5227"}],"wp:term":[{"taxonomy":"groups","embeddable":true,"href":"https:\/\/tmeic.com\/es\/wp-json\/wp\/v2\/groups?post=5227"}],"curies":[{"name":"wp","href":"https:\/\/api.w.org\/{rel}","templated":true}]}}