  {"id":5511,"date":"2025-03-14T20:35:00","date_gmt":"2025-03-14T20:35:00","guid":{"rendered":"https:\/\/tmeic.com\/politica-de-privacidad\/"},"modified":"2025-05-21T01:55:54","modified_gmt":"2025-05-21T01:55:54","slug":"politica-de-privacidad","status":"publish","type":"page","link":"https:\/\/tmeic.com\/es\/politica-de-privacidad\/","title":{"rendered":"Pol\u00edtica de privacidad"},"content":{"rendered":"\n<div style=\"height:100px\" aria-hidden=\"true\" class=\"wp-block-spacer\"><\/div>\n\n<h2 class=\"wp-block-heading\">Pol\u00edtica de privacidad<\/h2>\n\n<p><strong>Compromiso con la privacidad en Internet<\/strong> <\/p>\n\n<p>TMEIC es sensible a las cuestiones de privacidad en Internet. Esta pol\u00edtica explica c\u00f3mo trata TMEIC la informaci\u00f3n sobre ti que recibimos en Internet. El prop\u00f3sito de esta pol\u00edtica de privacidad es informarte, como visitante de nuestro sitio web (el \u00abSitio\u00bb), qu\u00e9 tipo de informaci\u00f3n podemos recopilar sobre ti cuando visitas este Sitio, c\u00f3mo podemos utilizar esa informaci\u00f3n y si la revelamos a alguien.    <\/p>\n\n<p><strong>\u00c1mbito de aplicaci\u00f3n<\/strong> <\/p>\n\n<p>Esta declaraci\u00f3n de privacidad se aplica a TMEIC y al Sitio web global de TMEIC<a href=\"https:\/\/www.tmeic.com\/\" target=\"_blank\" rel=\"noreferrer noopener\">(https:\/\/www.tmeic.com\/)<\/a>. La declaraci\u00f3n no se aplica a los sitios web de otras empresas u organizaciones a los que enlace el Sitio.   <\/p>\n\n<p><strong>Informaci\u00f3n no personal<\/strong> <\/p>\n\n<p>En general, puedes visitar este Sitio sin decirnos qui\u00e9n eres ni revelar ninguna informaci\u00f3n sobre ti. Sin embargo, podemos recopilar autom\u00e1ticamente (es decir, no mediante registro) informaci\u00f3n que no sea personalmente identificable para ayudarnos a prestar un mejor servicio al cliente. Nuestro servicio recopila autom\u00e1ticamente cierta informaci\u00f3n, como el n\u00famero y la frecuencia de los visitantes del Sitio, pero lo hacemos de forma que esa informaci\u00f3n se mantenga an\u00f3nima. Esta informaci\u00f3n se agrega para medir el n\u00famero de visitas, el tiempo medio que pasas en el Sitio y qu\u00e9 parte del Sitio utilizas, de modo que podamos mejorar nuestro Sitio. No revisamos la informaci\u00f3n sobre los propios individuos. TMEIC puede utilizar una tecnolog\u00eda denominada \u00abcookies\u00bb que indica c\u00f3mo y cu\u00e1ndo se visitan las p\u00e1ginas del Sitio, y por cu\u00e1ntas personas. Una cookie es un elemento de datos que un sitio web puede enviar a tu navegador, que luego puede almacenarse en tu sistema, pero que no recoge informaci\u00f3n personal identificable. Puedes configurar tu navegador para que te avise antes de recibir una cookie, d\u00e1ndote la oportunidad de decidir si la aceptas o no. Tambi\u00e9n puedes configurar tu navegador para que desactive las cookies. Sin embargo, si lo haces, es posible que algunas \u00e1reas de algunos sitios no funcionen correctamente.           <\/p>\n\n<p><strong>Informaci\u00f3n personal<\/strong> <\/p>\n\n<p>TMEIC cumple plenamente las leyes y reglamentos de Jap\u00f3n, las pol\u00edticas nacionales y otras normas relativas a la protecci\u00f3n de la informaci\u00f3n personal.  <\/p>\n\n<p>La informaci\u00f3n personal puede definirse como cualquier informaci\u00f3n que pueda utilizarse para identificar a una persona, incluidos, entre otros, un nombre y apellidos, una direcci\u00f3n particular u otra direcci\u00f3n f\u00edsica, una direcci\u00f3n de correo electr\u00f3nico u otra informaci\u00f3n de contacto.  <\/p>\n\n<p>En ocasiones, TMEIC recopila informaci\u00f3n personal de sus clientes mientras lleva a cabo actividades comerciales. En el Sitio Web Global, la informaci\u00f3n personal se recoge predominantemente a trav\u00e9s de los distintos formularios de contacto\/consulta.   <\/p>\n\n<p>Cuando te solicitemos directamente informaci\u00f3n personal por escrito, especificaremos c\u00f3mo pretendemos utilizar la informaci\u00f3n y te pediremos tu consentimiento. Cuando recojamos informaci\u00f3n personal por otros medios, anunciaremos en nuestro sitio web c\u00f3mo pretendemos utilizarla.   <\/p>\n\n<p>Cuando nos proporcionas informaci\u00f3n personal, la utilizamos para responder a tu consulta y confirmarla, y podemos conservar un registro de la consulta con los mismos fines. Adem\u00e1s, para apoyar nuestra relaci\u00f3n con el cliente, podemos almacenar y procesar informaci\u00f3n personal y compartirla con nuestras subsidiarias y filiales en todo el mundo para comprender mejor tus necesidades y c\u00f3mo podemos mejorar nuestros productos y servicios.   <\/p>\n\n<p>En ocasiones, TMEIC puede realizar encuestas en l\u00ednea para comprender mejor las necesidades y el perfil de nuestros visitantes. Cuando llevemos a cabo una encuesta, haremos todo lo posible para informarte de c\u00f3mo utilizaremos la informaci\u00f3n que recojamos de ti. Nuestro sitio puede ofrecer concursos, sorteos u otras promociones que pueden pedirte que introduzcas tus datos personales. Utilizaremos la informaci\u00f3n que nos proporciones con el fin de llevar a cabo la promoci\u00f3n, como proporcionar asistencia al cliente o ponernos en contacto contigo si resultas ganador.     <\/p>\n\n<p>TMEIC no utiliza ni divulga la informaci\u00f3n recopilada de las visitas individuales al Sitio ni la informaci\u00f3n que puedas facilitarnos a terceros con la intenci\u00f3n de vender, alquilar o comercializar de otro modo tu informaci\u00f3n personal. En ocasiones podemos emplear a un proveedor de servicios externo para que realice o nos ayude en las encuestas, concursos, sorteos u otras promociones en l\u00ednea. Por ejemplo, administrando la encuesta o promoci\u00f3n, recopilando los datos o proporcionando asistencia al cliente. Estas partes habr\u00e1n firmado un Acuerdo de confidencialidad antes de que iniciemos cualquier servicio con ellas. No revelar\u00e1n ninguna informaci\u00f3n personal que reciban de ti y s\u00f3lo la utilizar\u00e1n para iniciar y\/o continuar los servicios que nos prestan.      <\/p>\n\n<p>Tienes la opci\u00f3n de no proporcionar informaci\u00f3n personal a TMEIC. Si decides no proporcionar la informaci\u00f3n personal que solicitamos, podr\u00e1s seguir visitando la mayor parte del Sitio, pero es posible que no puedas acceder a determinadas opciones, ofertas y servicios que implican nuestra interacci\u00f3n contigo.   <\/p>\n\n<p>Haz clic aqu\u00ed para <a href=\"https:\/\/tmeic.com\/es\/manejo-de-informacion-personal\/\" data-type=\"page\" data-id=\"2952\" target=\"_blank\" rel=\"noreferrer noopener\">obtener m\u00e1s informaci\u00f3n sobre c\u00f3mo gestionamos la informaci\u00f3n personal<\/a>.  <\/p>\n\n<p><strong>Ni\u00f1os<\/strong> <\/p>\n\n<p>Los menores que no cuenten con el consentimiento de sus padres o tutores no deben enviar Informaci\u00f3n personal al Sitio. Aunque pocos, o ninguno, de los materiales de los Sitios est\u00e1n dirigidos a los ni\u00f1os, TMEIC anima a todos los padres o tutores a instruir a sus hijos en el uso seguro y responsable de su informaci\u00f3n personal mientras utilizan Internet.   <\/p>\n\n<p><strong>Notificaci\u00f3n de cambios<\/strong> <\/p>\n\n<p>Si TMEIC decide cambiar nuestra declaraci\u00f3n de privacidad, publicaremos esos cambios en esta secci\u00f3n para que siempre sepas qu\u00e9 informaci\u00f3n recopilamos, c\u00f3mo podr\u00edamos utilizar esa informaci\u00f3n y si la revelaremos a alguien.  <\/p>\n\n<p><strong>Preguntas o comentarios<\/strong> <\/p>\n\n<p>Para nosotros es importante conocer la opini\u00f3n de los visitantes sobre nuestros servicios y nuestras pol\u00edticas. Si tienes alguna pregunta o duda sobre esta declaraci\u00f3n de privacidad, o sobre nuestros productos y servicios off-line y on-line, ponte <a href=\"https:\/\/tmeic.com\/es\/contact\/\" data-type=\"page\" data-id=\"42\" target=\"_blank\" rel=\"noreferrer noopener\">en contacto con el Webmaster en Contacto<\/a>.   <\/p>\n\n<p><strong>Tu consentimiento<\/strong> <\/p>\n\n<p>Al utilizar este Sitio, aceptas los t\u00e9rminos de nuestra declaraci\u00f3n de privacidad y que recopilemos y procesemos informaci\u00f3n personal para los fines indicados anteriormente.<\/p>\n\n<div style=\"height:100px\" aria-hidden=\"true\" class=\"wp-block-spacer\"><\/div>\n\n<p><\/p>\n","protected":false},"excerpt":{"rendered":"<p>Pol\u00edtica de privacidad Compromiso con la privacidad en Internet TMEIC es sensible a las cuestiones de privacidad en Internet. Esta pol\u00edtica explica c\u00f3mo trata TMEIC la informaci\u00f3n sobre ti que recibimos en Internet. El prop\u00f3sito de esta pol\u00edtica de privacidad es informarte, como visitante de nuestro sitio web (el \u00abSitio\u00bb), qu\u00e9 tipo de informaci\u00f3n podemos [&hellip;]<\/p>\n","protected":false},"author":1,"featured_media":0,"parent":0,"menu_order":0,"comment_status":"closed","ping_status":"open","template":"","meta":{"_acf_changed":false,"footnotes":""},"groups":[],"class_list":["post-5511","page","type-page","status-publish","hentry"],"acf":[],"yoast_head":"<!-- This site is optimized with the Yoast SEO plugin v25.7 - https:\/\/yoast.com\/wordpress\/plugins\/seo\/ -->\n<title>Pol\u00edtica de privacidad - TMEIC<\/title>\n<meta name=\"robots\" content=\"index, follow, max-snippet:-1, max-image-preview:large, max-video-preview:-1\" \/>\n<link rel=\"canonical\" href=\"https:\/\/tmeic.com\/es\/politica-de-privacidad\/\" \/>\n<meta property=\"og:locale\" content=\"es_ES\" \/>\n<meta property=\"og:type\" content=\"article\" \/>\n<meta property=\"og:title\" content=\"Pol\u00edtica de privacidad - TMEIC\" \/>\n<meta property=\"og:description\" content=\"Pol\u00edtica de privacidad Compromiso con la privacidad en Internet TMEIC es sensible a las cuestiones de privacidad en Internet. Esta pol\u00edtica explica c\u00f3mo trata TMEIC la informaci\u00f3n sobre ti que recibimos en Internet. El prop\u00f3sito de esta pol\u00edtica de privacidad es informarte, como visitante de nuestro sitio web (el \u00abSitio\u00bb), qu\u00e9 tipo de informaci\u00f3n podemos [&hellip;]\" \/>\n<meta property=\"og:url\" content=\"https:\/\/tmeic.com\/es\/politica-de-privacidad\/\" \/>\n<meta property=\"og:site_name\" content=\"TMEIC\" \/>\n<meta property=\"article:modified_time\" content=\"2025-05-21T01:55:54+00:00\" \/>\n<meta name=\"twitter:card\" content=\"summary_large_image\" \/>\n<meta name=\"twitter:label1\" content=\"Est. reading time\" \/>\n\t<meta name=\"twitter:data1\" content=\"5 minutos\" \/>\n<script type=\"application\/ld+json\" class=\"yoast-schema-graph\">{\"@context\":\"https:\/\/schema.org\",\"@graph\":[{\"@type\":\"WebPage\",\"@id\":\"https:\/\/tmeic.com\/es\/politica-de-privacidad\/\",\"url\":\"https:\/\/tmeic.com\/es\/politica-de-privacidad\/\",\"name\":\"Pol\u00edtica de privacidad - TMEIC\",\"isPartOf\":{\"@id\":\"https:\/\/www.tmeic.com\/zh-hans\/#website\"},\"datePublished\":\"2025-03-14T20:35:00+00:00\",\"dateModified\":\"2025-05-21T01:55:54+00:00\",\"breadcrumb\":{\"@id\":\"https:\/\/tmeic.com\/es\/politica-de-privacidad\/#breadcrumb\"},\"inLanguage\":\"es\",\"potentialAction\":[{\"@type\":\"ReadAction\",\"target\":[\"https:\/\/tmeic.com\/es\/politica-de-privacidad\/\"]}]},{\"@type\":\"BreadcrumbList\",\"@id\":\"https:\/\/tmeic.com\/es\/politica-de-privacidad\/#breadcrumb\",\"itemListElement\":[{\"@type\":\"ListItem\",\"position\":1,\"name\":\"Home\",\"item\":\"https:\/\/tmeic.com\/es\/\"},{\"@type\":\"ListItem\",\"position\":2,\"name\":\"Pol\u00edtica de privacidad\"}]},{\"@type\":\"WebSite\",\"@id\":\"https:\/\/www.tmeic.com\/zh-hans\/#website\",\"url\":\"https:\/\/www.tmeic.com\/zh-hans\/\",\"name\":\"TMEIC\",\"description\":\"\",\"potentialAction\":[{\"@type\":\"SearchAction\",\"target\":{\"@type\":\"EntryPoint\",\"urlTemplate\":\"https:\/\/www.tmeic.com\/zh-hans\/?s={search_term_string}\"},\"query-input\":{\"@type\":\"PropertyValueSpecification\",\"valueRequired\":true,\"valueName\":\"search_term_string\"}}],\"inLanguage\":\"es\"}]}<\/script>\n<!-- \/ Yoast SEO plugin. -->","yoast_head_json":{"title":"Pol\u00edtica de privacidad - TMEIC","robots":{"index":"index","follow":"follow","max-snippet":"max-snippet:-1","max-image-preview":"max-image-preview:large","max-video-preview":"max-video-preview:-1"},"canonical":"https:\/\/tmeic.com\/es\/politica-de-privacidad\/","og_locale":"es_ES","og_type":"article","og_title":"Pol\u00edtica de privacidad - TMEIC","og_description":"Pol\u00edtica de privacidad Compromiso con la privacidad en Internet TMEIC es sensible a las cuestiones de privacidad en Internet. Esta pol\u00edtica explica c\u00f3mo trata TMEIC la informaci\u00f3n sobre ti que recibimos en Internet. El prop\u00f3sito de esta pol\u00edtica de privacidad es informarte, como visitante de nuestro sitio web (el \u00abSitio\u00bb), qu\u00e9 tipo de informaci\u00f3n podemos [&hellip;]","og_url":"https:\/\/tmeic.com\/es\/politica-de-privacidad\/","og_site_name":"TMEIC","article_modified_time":"2025-05-21T01:55:54+00:00","twitter_card":"summary_large_image","twitter_misc":{"Est. reading time":"5 minutos"},"schema":{"@context":"https:\/\/schema.org","@graph":[{"@type":"WebPage","@id":"https:\/\/tmeic.com\/es\/politica-de-privacidad\/","url":"https:\/\/tmeic.com\/es\/politica-de-privacidad\/","name":"Pol\u00edtica de privacidad - TMEIC","isPartOf":{"@id":"https:\/\/www.tmeic.com\/zh-hans\/#website"},"datePublished":"2025-03-14T20:35:00+00:00","dateModified":"2025-05-21T01:55:54+00:00","breadcrumb":{"@id":"https:\/\/tmeic.com\/es\/politica-de-privacidad\/#breadcrumb"},"inLanguage":"es","potentialAction":[{"@type":"ReadAction","target":["https:\/\/tmeic.com\/es\/politica-de-privacidad\/"]}]},{"@type":"BreadcrumbList","@id":"https:\/\/tmeic.com\/es\/politica-de-privacidad\/#breadcrumb","itemListElement":[{"@type":"ListItem","position":1,"name":"Home","item":"https:\/\/tmeic.com\/es\/"},{"@type":"ListItem","position":2,"name":"Pol\u00edtica de privacidad"}]},{"@type":"WebSite","@id":"https:\/\/www.tmeic.com\/zh-hans\/#website","url":"https:\/\/www.tmeic.com\/zh-hans\/","name":"TMEIC","description":"","potentialAction":[{"@type":"SearchAction","target":{"@type":"EntryPoint","urlTemplate":"https:\/\/www.tmeic.com\/zh-hans\/?s={search_term_string}"},"query-input":{"@type":"PropertyValueSpecification","valueRequired":true,"valueName":"search_term_string"}}],"inLanguage":"es"}]}},"_links":{"self":[{"href":"https:\/\/tmeic.com\/es\/wp-json\/wp\/v2\/pages\/5511","targetHints":{"allow":["GET"]}}],"collection":[{"href":"https:\/\/tmeic.com\/es\/wp-json\/wp\/v2\/pages"}],"about":[{"href":"https:\/\/tmeic.com\/es\/wp-json\/wp\/v2\/types\/page"}],"author":[{"embeddable":true,"href":"https:\/\/tmeic.com\/es\/wp-json\/wp\/v2\/users\/1"}],"replies":[{"embeddable":true,"href":"https:\/\/tmeic.com\/es\/wp-json\/wp\/v2\/comments?post=5511"}],"version-history":[{"count":4,"href":"https:\/\/tmeic.com\/es\/wp-json\/wp\/v2\/pages\/5511\/revisions"}],"predecessor-version":[{"id":5861,"href":"https:\/\/tmeic.com\/es\/wp-json\/wp\/v2\/pages\/5511\/revisions\/5861"}],"wp:attachment":[{"href":"https:\/\/tmeic.com\/es\/wp-json\/wp\/v2\/media?parent=5511"}],"wp:term":[{"taxonomy":"groups","embeddable":true,"href":"https:\/\/tmeic.com\/es\/wp-json\/wp\/v2\/groups?post=5511"}],"curies":[{"name":"wp","href":"https:\/\/api.w.org\/{rel}","templated":true}]}}