  {"id":5409,"date":"2025-05-15T17:22:51","date_gmt":"2025-05-15T17:22:51","guid":{"rendered":"https:\/\/tmeic.com\/products\/trafico\/"},"modified":"2025-05-27T13:54:05","modified_gmt":"2025-05-27T13:54:05","slug":"trafico","status":"publish","type":"product","link":"https:\/\/tmeic.com\/es\/products\/trafico\/","title":{"rendered":"Tr\u00e1fico"},"content":{"rendered":"<p>El sistema de automatizaci\u00f3n del tr\u00e1fico de carriles de TMEIC es estandarizado, modular y adaptable. Integra elementos como barreras de entrada y salida, sem\u00e1foros, paneles informativos y sensores. <\/p>\n","protected":false},"featured_media":3479,"parent":0,"menu_order":0,"template":"","meta":{"_acf_changed":false,"footnotes":""},"product_category":[],"product_region":[28,27,26],"class_list":["post-5409","product","type-product","status-publish","has-post-thumbnail","hentry","product_region-china","product_region-europe","product_region-india"],"acf":{"hero_type":"simple","theme":"dark","subheading":"Gesti\u00f3n automatizada del tr\u00e1fico para un flujo de veh\u00edculos m\u00e1s r\u00e1pido y seguro","certifications":null,"downloadable_resources":null},"yoast_head":"<!-- This site is optimized with the Yoast SEO plugin v25.7 - https:\/\/yoast.com\/wordpress\/plugins\/seo\/ -->\n<title>Tr\u00e1fico - TMEIC<\/title>\n<meta name=\"robots\" content=\"index, follow, max-snippet:-1, max-image-preview:large, max-video-preview:-1\" \/>\n<link rel=\"canonical\" href=\"https:\/\/tmeic.com\/es\/products\/trafico\/\" \/>\n<meta property=\"og:locale\" content=\"es_ES\" \/>\n<meta property=\"og:type\" content=\"article\" \/>\n<meta property=\"og:title\" content=\"Tr\u00e1fico - TMEIC\" \/>\n<meta property=\"og:description\" content=\"El sistema de automatizaci\u00f3n del tr\u00e1fico de carriles de TMEIC es estandarizado, modular y adaptable. Integra elementos como barreras de entrada y salida, sem\u00e1foros, paneles informativos y sensores.\" \/>\n<meta property=\"og:url\" content=\"https:\/\/tmeic.com\/es\/products\/trafico\/\" \/>\n<meta property=\"og:site_name\" content=\"TMEIC\" \/>\n<meta property=\"article:modified_time\" content=\"2025-05-27T13:54:05+00:00\" \/>\n<meta property=\"og:image\" content=\"https:\/\/tmeic.com\/wp-content\/uploads\/2025\/05\/gate-suite_gate-traffic_01-2.jpg\" \/>\n\t<meta property=\"og:image:width\" content=\"1920\" \/>\n\t<meta property=\"og:image:height\" content=\"1088\" \/>\n\t<meta property=\"og:image:type\" content=\"image\/jpeg\" \/>\n<meta name=\"twitter:card\" content=\"summary_large_image\" \/>\n<script type=\"application\/ld+json\" class=\"yoast-schema-graph\">{\"@context\":\"https:\/\/schema.org\",\"@graph\":[{\"@type\":\"WebPage\",\"@id\":\"https:\/\/tmeic.com\/es\/products\/trafico\/\",\"url\":\"https:\/\/tmeic.com\/es\/products\/trafico\/\",\"name\":\"Tr\u00e1fico - TMEIC\",\"isPartOf\":{\"@id\":\"https:\/\/www.tmeic.com\/zh-hans\/#website\"},\"primaryImageOfPage\":{\"@id\":\"https:\/\/tmeic.com\/es\/products\/trafico\/#primaryimage\"},\"image\":{\"@id\":\"https:\/\/tmeic.com\/es\/products\/trafico\/#primaryimage\"},\"thumbnailUrl\":\"https:\/\/tmeic.com\/wp-content\/uploads\/2025\/05\/gate-suite_gate-traffic_01-2.jpg\",\"datePublished\":\"2025-05-15T17:22:51+00:00\",\"dateModified\":\"2025-05-27T13:54:05+00:00\",\"breadcrumb\":{\"@id\":\"https:\/\/tmeic.com\/es\/products\/trafico\/#breadcrumb\"},\"inLanguage\":\"es\",\"potentialAction\":[{\"@type\":\"ReadAction\",\"target\":[\"https:\/\/tmeic.com\/es\/products\/trafico\/\"]}]},{\"@type\":\"ImageObject\",\"inLanguage\":\"es\",\"@id\":\"https:\/\/tmeic.com\/es\/products\/trafico\/#primaryimage\",\"url\":\"https:\/\/tmeic.com\/wp-content\/uploads\/2025\/05\/gate-suite_gate-traffic_01-2.jpg\",\"contentUrl\":\"https:\/\/tmeic.com\/wp-content\/uploads\/2025\/05\/gate-suite_gate-traffic_01-2.jpg\",\"width\":1920,\"height\":1088},{\"@type\":\"BreadcrumbList\",\"@id\":\"https:\/\/tmeic.com\/es\/products\/trafico\/#breadcrumb\",\"itemListElement\":[{\"@type\":\"ListItem\",\"position\":1,\"name\":\"Home\",\"item\":\"https:\/\/tmeic.com\/es\/\"},{\"@type\":\"ListItem\",\"position\":2,\"name\":\"Products\",\"item\":\"https:\/\/www.tmeic.com\/products\/\"},{\"@type\":\"ListItem\",\"position\":3,\"name\":\"Tr\u00e1fico\"}]},{\"@type\":\"WebSite\",\"@id\":\"https:\/\/www.tmeic.com\/zh-hans\/#website\",\"url\":\"https:\/\/www.tmeic.com\/zh-hans\/\",\"name\":\"TMEIC\",\"description\":\"\",\"potentialAction\":[{\"@type\":\"SearchAction\",\"target\":{\"@type\":\"EntryPoint\",\"urlTemplate\":\"https:\/\/www.tmeic.com\/zh-hans\/?s={search_term_string}\"},\"query-input\":{\"@type\":\"PropertyValueSpecification\",\"valueRequired\":true,\"valueName\":\"search_term_string\"}}],\"inLanguage\":\"es\"}]}<\/script>\n<!-- \/ Yoast SEO plugin. -->","yoast_head_json":{"title":"Tr\u00e1fico - TMEIC","robots":{"index":"index","follow":"follow","max-snippet":"max-snippet:-1","max-image-preview":"max-image-preview:large","max-video-preview":"max-video-preview:-1"},"canonical":"https:\/\/tmeic.com\/es\/products\/trafico\/","og_locale":"es_ES","og_type":"article","og_title":"Tr\u00e1fico - TMEIC","og_description":"El sistema de automatizaci\u00f3n del tr\u00e1fico de carriles de TMEIC es estandarizado, modular y adaptable. Integra elementos como barreras de entrada y salida, sem\u00e1foros, paneles informativos y sensores.","og_url":"https:\/\/tmeic.com\/es\/products\/trafico\/","og_site_name":"TMEIC","article_modified_time":"2025-05-27T13:54:05+00:00","og_image":[{"width":1920,"height":1088,"url":"https:\/\/tmeic.com\/wp-content\/uploads\/2025\/05\/gate-suite_gate-traffic_01-2.jpg","type":"image\/jpeg"}],"twitter_card":"summary_large_image","schema":{"@context":"https:\/\/schema.org","@graph":[{"@type":"WebPage","@id":"https:\/\/tmeic.com\/es\/products\/trafico\/","url":"https:\/\/tmeic.com\/es\/products\/trafico\/","name":"Tr\u00e1fico - TMEIC","isPartOf":{"@id":"https:\/\/www.tmeic.com\/zh-hans\/#website"},"primaryImageOfPage":{"@id":"https:\/\/tmeic.com\/es\/products\/trafico\/#primaryimage"},"image":{"@id":"https:\/\/tmeic.com\/es\/products\/trafico\/#primaryimage"},"thumbnailUrl":"https:\/\/tmeic.com\/wp-content\/uploads\/2025\/05\/gate-suite_gate-traffic_01-2.jpg","datePublished":"2025-05-15T17:22:51+00:00","dateModified":"2025-05-27T13:54:05+00:00","breadcrumb":{"@id":"https:\/\/tmeic.com\/es\/products\/trafico\/#breadcrumb"},"inLanguage":"es","potentialAction":[{"@type":"ReadAction","target":["https:\/\/tmeic.com\/es\/products\/trafico\/"]}]},{"@type":"ImageObject","inLanguage":"es","@id":"https:\/\/tmeic.com\/es\/products\/trafico\/#primaryimage","url":"https:\/\/tmeic.com\/wp-content\/uploads\/2025\/05\/gate-suite_gate-traffic_01-2.jpg","contentUrl":"https:\/\/tmeic.com\/wp-content\/uploads\/2025\/05\/gate-suite_gate-traffic_01-2.jpg","width":1920,"height":1088},{"@type":"BreadcrumbList","@id":"https:\/\/tmeic.com\/es\/products\/trafico\/#breadcrumb","itemListElement":[{"@type":"ListItem","position":1,"name":"Home","item":"https:\/\/tmeic.com\/es\/"},{"@type":"ListItem","position":2,"name":"Products","item":"https:\/\/www.tmeic.com\/products\/"},{"@type":"ListItem","position":3,"name":"Tr\u00e1fico"}]},{"@type":"WebSite","@id":"https:\/\/www.tmeic.com\/zh-hans\/#website","url":"https:\/\/www.tmeic.com\/zh-hans\/","name":"TMEIC","description":"","potentialAction":[{"@type":"SearchAction","target":{"@type":"EntryPoint","urlTemplate":"https:\/\/www.tmeic.com\/zh-hans\/?s={search_term_string}"},"query-input":{"@type":"PropertyValueSpecification","valueRequired":true,"valueName":"search_term_string"}}],"inLanguage":"es"}]}},"_links":{"self":[{"href":"https:\/\/tmeic.com\/es\/wp-json\/wp\/v2\/product\/5409","targetHints":{"allow":["GET"]}}],"collection":[{"href":"https:\/\/tmeic.com\/es\/wp-json\/wp\/v2\/product"}],"about":[{"href":"https:\/\/tmeic.com\/es\/wp-json\/wp\/v2\/types\/product"}],"version-history":[{"count":1,"href":"https:\/\/tmeic.com\/es\/wp-json\/wp\/v2\/product\/5409\/revisions"}],"predecessor-version":[{"id":5578,"href":"https:\/\/tmeic.com\/es\/wp-json\/wp\/v2\/product\/5409\/revisions\/5578"}],"wp:featuredmedia":[{"embeddable":true,"href":"https:\/\/tmeic.com\/es\/wp-json\/wp\/v2\/media\/3479"}],"wp:attachment":[{"href":"https:\/\/tmeic.com\/es\/wp-json\/wp\/v2\/media?parent=5409"}],"wp:term":[{"taxonomy":"product_category","embeddable":true,"href":"https:\/\/tmeic.com\/es\/wp-json\/wp\/v2\/product_category?post=5409"},{"taxonomy":"product_region","embeddable":true,"href":"https:\/\/tmeic.com\/es\/wp-json\/wp\/v2\/product_region?post=5409"}],"curies":[{"name":"wp","href":"https:\/\/api.w.org\/{rel}","templated":true}]}}