  {"id":5439,"date":"2025-05-10T01:28:14","date_gmt":"2025-05-10T01:28:14","guid":{"rendered":"https:\/\/tmeic.com\/products\/solar-ware-1000\/"},"modified":"2025-05-27T14:03:59","modified_gmt":"2025-05-27T14:03:59","slug":"solar-ware-1000","status":"publish","type":"product","link":"https:\/\/tmeic.com\/es\/products\/solar-ware-1000\/","title":{"rendered":"Solar Ware 1000"},"content":{"rendered":"<p>&nbsp;<\/p>\n<p>&nbsp;<\/p>\n<p style=\"font-weight: 400;\">SOLAR WARE 1000 redefine la soluci\u00f3n de inversor solar PV para red el\u00e9ctrica en cuanto a confiabilidad, eficiencia y productividad. TMEIC establece el est\u00e1ndar para instalaciones en red el\u00e9ctrica con el sistema inversor multinivel patentado m\u00e1s avanzado, que ofrece caracter\u00edsticas de eficacia fija, lo que proporciona un gran beneficio al alto \u00edndice DC\/AC. <\/p>\n<p>&nbsp;<\/p>\n<p style=\"font-weight: 400;\">SOLAR WARE 1000E(J) es un inversor PV de 1000 V, con una fabricaci\u00f3n de alta calidad, adecuado para la implementaci\u00f3n de una planta de energ\u00eda solar de gran tama\u00f1o. La topolog\u00eda de 3 niveles de propiedad de TMEIC redefine el sistema PV para red el\u00e9ctrica con el m\u00e1s alto nivel de eficiencia de la industria y el tama\u00f1o m\u00e1s reducido. <\/p>\n","protected":false},"featured_media":8639,"parent":0,"menu_order":0,"template":"","meta":{"_acf_changed":false,"footnotes":""},"product_category":[161],"product_region":[28],"class_list":["post-5439","product","type-product","status-publish","has-post-thumbnail","hentry","product_category-pv-inverters-es","product_region-china"],"acf":{"hero_type":"standard","theme":"dark","subheading":"","certifications":[4886,1938,1969],"downloadable_resources":null},"yoast_head":"<!-- This site is optimized with the Yoast SEO plugin v25.7 - https:\/\/yoast.com\/wordpress\/plugins\/seo\/ -->\n<title>Solar Ware 1000 - TMEIC<\/title>\n<meta name=\"robots\" content=\"index, follow, max-snippet:-1, max-image-preview:large, max-video-preview:-1\" \/>\n<link rel=\"canonical\" href=\"https:\/\/tmeic.com\/es\/products\/solar-ware-1000\/\" \/>\n<meta property=\"og:locale\" content=\"es_ES\" \/>\n<meta property=\"og:type\" content=\"article\" \/>\n<meta property=\"og:title\" content=\"Solar Ware 1000 - TMEIC\" \/>\n<meta property=\"og:description\" content=\"&nbsp; &nbsp; SOLAR WARE 1000 redefine la soluci\u00f3n de inversor solar PV para red el\u00e9ctrica en cuanto a confiabilidad, eficiencia y productividad. TMEIC establece el est\u00e1ndar para instalaciones en red el\u00e9ctrica con el sistema inversor multinivel patentado m\u00e1s avanzado, que ofrece caracter\u00edsticas de eficacia fija, lo que proporciona un gran beneficio al alto \u00edndice DC\/AC. [&hellip;]\" \/>\n<meta property=\"og:url\" content=\"https:\/\/tmeic.com\/es\/products\/solar-ware-1000\/\" \/>\n<meta property=\"og:site_name\" content=\"TMEIC\" \/>\n<meta property=\"article:modified_time\" content=\"2025-05-27T14:03:59+00:00\" \/>\n<meta property=\"og:image\" content=\"https:\/\/tmeic.com\/wp-content\/uploads\/2025\/10\/Solar-Ware-1000-PVL-L1000E.png\" \/>\n\t<meta property=\"og:image:width\" content=\"691\" \/>\n\t<meta property=\"og:image:height\" content=\"657\" \/>\n\t<meta property=\"og:image:type\" content=\"image\/png\" \/>\n<meta name=\"twitter:card\" content=\"summary_large_image\" \/>\n<meta name=\"twitter:label1\" content=\"Est. reading time\" \/>\n\t<meta name=\"twitter:data1\" content=\"1 minuto\" \/>\n<script type=\"application\/ld+json\" class=\"yoast-schema-graph\">{\"@context\":\"https:\/\/schema.org\",\"@graph\":[{\"@type\":\"WebPage\",\"@id\":\"https:\/\/tmeic.com\/es\/products\/solar-ware-1000\/\",\"url\":\"https:\/\/tmeic.com\/es\/products\/solar-ware-1000\/\",\"name\":\"Solar Ware 1000 - TMEIC\",\"isPartOf\":{\"@id\":\"https:\/\/www.tmeic.com\/zh-hans\/#website\"},\"primaryImageOfPage\":{\"@id\":\"https:\/\/tmeic.com\/es\/products\/solar-ware-1000\/#primaryimage\"},\"image\":{\"@id\":\"https:\/\/tmeic.com\/es\/products\/solar-ware-1000\/#primaryimage\"},\"thumbnailUrl\":\"https:\/\/tmeic.com\/wp-content\/uploads\/2025\/10\/Solar-Ware-1000-PVL-L1000E.png\",\"datePublished\":\"2025-05-10T01:28:14+00:00\",\"dateModified\":\"2025-05-27T14:03:59+00:00\",\"breadcrumb\":{\"@id\":\"https:\/\/tmeic.com\/es\/products\/solar-ware-1000\/#breadcrumb\"},\"inLanguage\":\"es\",\"potentialAction\":[{\"@type\":\"ReadAction\",\"target\":[\"https:\/\/tmeic.com\/es\/products\/solar-ware-1000\/\"]}]},{\"@type\":\"ImageObject\",\"inLanguage\":\"es\",\"@id\":\"https:\/\/tmeic.com\/es\/products\/solar-ware-1000\/#primaryimage\",\"url\":\"https:\/\/tmeic.com\/wp-content\/uploads\/2025\/10\/Solar-Ware-1000-PVL-L1000E.png\",\"contentUrl\":\"https:\/\/tmeic.com\/wp-content\/uploads\/2025\/10\/Solar-Ware-1000-PVL-L1000E.png\",\"width\":691,\"height\":657,\"caption\":\"Solar Ware 100 PV inverter\"},{\"@type\":\"BreadcrumbList\",\"@id\":\"https:\/\/tmeic.com\/es\/products\/solar-ware-1000\/#breadcrumb\",\"itemListElement\":[{\"@type\":\"ListItem\",\"position\":1,\"name\":\"Home\",\"item\":\"https:\/\/tmeic.com\/es\/\"},{\"@type\":\"ListItem\",\"position\":2,\"name\":\"Products\",\"item\":\"https:\/\/www.tmeic.com\/products\/\"},{\"@type\":\"ListItem\",\"position\":3,\"name\":\"Solar Ware 1000\"}]},{\"@type\":\"WebSite\",\"@id\":\"https:\/\/www.tmeic.com\/zh-hans\/#website\",\"url\":\"https:\/\/www.tmeic.com\/zh-hans\/\",\"name\":\"TMEIC\",\"description\":\"\",\"potentialAction\":[{\"@type\":\"SearchAction\",\"target\":{\"@type\":\"EntryPoint\",\"urlTemplate\":\"https:\/\/www.tmeic.com\/zh-hans\/?s={search_term_string}\"},\"query-input\":{\"@type\":\"PropertyValueSpecification\",\"valueRequired\":true,\"valueName\":\"search_term_string\"}}],\"inLanguage\":\"es\"}]}<\/script>\n<!-- \/ Yoast SEO plugin. -->","yoast_head_json":{"title":"Solar Ware 1000 - TMEIC","robots":{"index":"index","follow":"follow","max-snippet":"max-snippet:-1","max-image-preview":"max-image-preview:large","max-video-preview":"max-video-preview:-1"},"canonical":"https:\/\/tmeic.com\/es\/products\/solar-ware-1000\/","og_locale":"es_ES","og_type":"article","og_title":"Solar Ware 1000 - TMEIC","og_description":"&nbsp; &nbsp; SOLAR WARE 1000 redefine la soluci\u00f3n de inversor solar PV para red el\u00e9ctrica en cuanto a confiabilidad, eficiencia y productividad. TMEIC establece el est\u00e1ndar para instalaciones en red el\u00e9ctrica con el sistema inversor multinivel patentado m\u00e1s avanzado, que ofrece caracter\u00edsticas de eficacia fija, lo que proporciona un gran beneficio al alto \u00edndice DC\/AC. [&hellip;]","og_url":"https:\/\/tmeic.com\/es\/products\/solar-ware-1000\/","og_site_name":"TMEIC","article_modified_time":"2025-05-27T14:03:59+00:00","og_image":[{"width":691,"height":657,"url":"https:\/\/tmeic.com\/wp-content\/uploads\/2025\/10\/Solar-Ware-1000-PVL-L1000E.png","type":"image\/png"}],"twitter_card":"summary_large_image","twitter_misc":{"Est. reading time":"1 minuto"},"schema":{"@context":"https:\/\/schema.org","@graph":[{"@type":"WebPage","@id":"https:\/\/tmeic.com\/es\/products\/solar-ware-1000\/","url":"https:\/\/tmeic.com\/es\/products\/solar-ware-1000\/","name":"Solar Ware 1000 - TMEIC","isPartOf":{"@id":"https:\/\/www.tmeic.com\/zh-hans\/#website"},"primaryImageOfPage":{"@id":"https:\/\/tmeic.com\/es\/products\/solar-ware-1000\/#primaryimage"},"image":{"@id":"https:\/\/tmeic.com\/es\/products\/solar-ware-1000\/#primaryimage"},"thumbnailUrl":"https:\/\/tmeic.com\/wp-content\/uploads\/2025\/10\/Solar-Ware-1000-PVL-L1000E.png","datePublished":"2025-05-10T01:28:14+00:00","dateModified":"2025-05-27T14:03:59+00:00","breadcrumb":{"@id":"https:\/\/tmeic.com\/es\/products\/solar-ware-1000\/#breadcrumb"},"inLanguage":"es","potentialAction":[{"@type":"ReadAction","target":["https:\/\/tmeic.com\/es\/products\/solar-ware-1000\/"]}]},{"@type":"ImageObject","inLanguage":"es","@id":"https:\/\/tmeic.com\/es\/products\/solar-ware-1000\/#primaryimage","url":"https:\/\/tmeic.com\/wp-content\/uploads\/2025\/10\/Solar-Ware-1000-PVL-L1000E.png","contentUrl":"https:\/\/tmeic.com\/wp-content\/uploads\/2025\/10\/Solar-Ware-1000-PVL-L1000E.png","width":691,"height":657,"caption":"Solar Ware 100 PV inverter"},{"@type":"BreadcrumbList","@id":"https:\/\/tmeic.com\/es\/products\/solar-ware-1000\/#breadcrumb","itemListElement":[{"@type":"ListItem","position":1,"name":"Home","item":"https:\/\/tmeic.com\/es\/"},{"@type":"ListItem","position":2,"name":"Products","item":"https:\/\/www.tmeic.com\/products\/"},{"@type":"ListItem","position":3,"name":"Solar Ware 1000"}]},{"@type":"WebSite","@id":"https:\/\/www.tmeic.com\/zh-hans\/#website","url":"https:\/\/www.tmeic.com\/zh-hans\/","name":"TMEIC","description":"","potentialAction":[{"@type":"SearchAction","target":{"@type":"EntryPoint","urlTemplate":"https:\/\/www.tmeic.com\/zh-hans\/?s={search_term_string}"},"query-input":{"@type":"PropertyValueSpecification","valueRequired":true,"valueName":"search_term_string"}}],"inLanguage":"es"}]}},"_links":{"self":[{"href":"https:\/\/tmeic.com\/es\/wp-json\/wp\/v2\/product\/5439","targetHints":{"allow":["GET"]}}],"collection":[{"href":"https:\/\/tmeic.com\/es\/wp-json\/wp\/v2\/product"}],"about":[{"href":"https:\/\/tmeic.com\/es\/wp-json\/wp\/v2\/types\/product"}],"version-history":[{"count":1,"href":"https:\/\/tmeic.com\/es\/wp-json\/wp\/v2\/product\/5439\/revisions"}],"predecessor-version":[{"id":6541,"href":"https:\/\/tmeic.com\/es\/wp-json\/wp\/v2\/product\/5439\/revisions\/6541"}],"acf:post":[{"embeddable":true,"href":"https:\/\/tmeic.com\/es\/wp-json\/wp\/v2\/certifications\/1969"},{"embeddable":true,"href":"https:\/\/tmeic.com\/es\/wp-json\/wp\/v2\/certifications\/1938"},{"embeddable":true,"href":"https:\/\/tmeic.com\/es\/wp-json\/wp\/v2\/certifications\/4886"}],"wp:featuredmedia":[{"embeddable":true,"href":"https:\/\/tmeic.com\/es\/wp-json\/wp\/v2\/media\/8639"}],"wp:attachment":[{"href":"https:\/\/tmeic.com\/es\/wp-json\/wp\/v2\/media?parent=5439"}],"wp:term":[{"taxonomy":"product_category","embeddable":true,"href":"https:\/\/tmeic.com\/es\/wp-json\/wp\/v2\/product_category?post=5439"},{"taxonomy":"product_region","embeddable":true,"href":"https:\/\/tmeic.com\/es\/wp-json\/wp\/v2\/product_region?post=5439"}],"curies":[{"name":"wp","href":"https:\/\/api.w.org\/{rel}","templated":true}]}}