  {"id":5441,"date":"2025-05-16T22:45:12","date_gmt":"2025-05-16T22:45:12","guid":{"rendered":"https:\/\/tmeic.com\/products\/solar-ware-1667\/"},"modified":"2025-05-27T14:04:21","modified_gmt":"2025-05-27T14:04:21","slug":"solar-ware-1667","status":"publish","type":"product","link":"https:\/\/tmeic.com\/es\/products\/solar-ware-1667\/","title":{"rendered":"Solar Ware 1667"},"content":{"rendered":"<p>&nbsp;<\/p>\n<p style=\"font-weight: 400;\">SOLAR WARE 1833GRQ\/Solar Ware 1667ER(J) es uno de los m\u00e1s grandes inversores PV centrales en la clase de potencia de 1000 V. La primera tecnolog\u00eda de enfriamiento h\u00edbrida mediante tubos isot\u00e9rmicos implementada en soluciones de inversor PV para red el\u00e9ctrica que proporciona un modelo opex \u00f3ptimo. <\/p>\n<p>&nbsp;<\/p>\n","protected":false},"featured_media":8636,"parent":0,"menu_order":0,"template":"","meta":{"_acf_changed":false,"footnotes":""},"product_category":[161],"product_region":[28],"class_list":["post-5441","product","type-product","status-publish","has-post-thumbnail","hentry","product_category-pv-inverters-es","product_region-china"],"acf":{"hero_type":"standard","theme":"light","subheading":"","certifications":[426,1969],"downloadable_resources":null},"yoast_head":"<!-- This site is optimized with the Yoast SEO plugin v25.7 - https:\/\/yoast.com\/wordpress\/plugins\/seo\/ -->\n<title>Solar Ware 1667 - TMEIC<\/title>\n<meta name=\"robots\" content=\"index, follow, max-snippet:-1, max-image-preview:large, max-video-preview:-1\" \/>\n<link rel=\"canonical\" href=\"https:\/\/tmeic.com\/es\/products\/solar-ware-1667\/\" \/>\n<meta property=\"og:locale\" content=\"es_ES\" \/>\n<meta property=\"og:type\" content=\"article\" \/>\n<meta property=\"og:title\" content=\"Solar Ware 1667 - TMEIC\" \/>\n<meta property=\"og:description\" content=\"&nbsp; SOLAR WARE 1833GRQ\/Solar Ware 1667ER(J) es uno de los m\u00e1s grandes inversores PV centrales en la clase de potencia de 1000 V. La primera tecnolog\u00eda de enfriamiento h\u00edbrida mediante tubos isot\u00e9rmicos implementada en soluciones de inversor PV para red el\u00e9ctrica que proporciona un modelo opex \u00f3ptimo. &nbsp;\" \/>\n<meta property=\"og:url\" content=\"https:\/\/tmeic.com\/es\/products\/solar-ware-1667\/\" \/>\n<meta property=\"og:site_name\" content=\"TMEIC\" \/>\n<meta property=\"article:modified_time\" content=\"2025-05-27T14:04:21+00:00\" \/>\n<meta property=\"og:image\" content=\"https:\/\/tmeic.com\/wp-content\/uploads\/2025\/10\/Solar-Ware-1667ER-J.png\" \/>\n\t<meta property=\"og:image:width\" content=\"937\" \/>\n\t<meta property=\"og:image:height\" content=\"729\" \/>\n\t<meta property=\"og:image:type\" content=\"image\/png\" \/>\n<meta name=\"twitter:card\" content=\"summary_large_image\" \/>\n<script type=\"application\/ld+json\" class=\"yoast-schema-graph\">{\"@context\":\"https:\/\/schema.org\",\"@graph\":[{\"@type\":\"WebPage\",\"@id\":\"https:\/\/tmeic.com\/es\/products\/solar-ware-1667\/\",\"url\":\"https:\/\/tmeic.com\/es\/products\/solar-ware-1667\/\",\"name\":\"Solar Ware 1667 - TMEIC\",\"isPartOf\":{\"@id\":\"https:\/\/www.tmeic.com\/zh-hans\/#website\"},\"primaryImageOfPage\":{\"@id\":\"https:\/\/tmeic.com\/es\/products\/solar-ware-1667\/#primaryimage\"},\"image\":{\"@id\":\"https:\/\/tmeic.com\/es\/products\/solar-ware-1667\/#primaryimage\"},\"thumbnailUrl\":\"https:\/\/tmeic.com\/wp-content\/uploads\/2025\/10\/Solar-Ware-1667ER-J.png\",\"datePublished\":\"2025-05-16T22:45:12+00:00\",\"dateModified\":\"2025-05-27T14:04:21+00:00\",\"breadcrumb\":{\"@id\":\"https:\/\/tmeic.com\/es\/products\/solar-ware-1667\/#breadcrumb\"},\"inLanguage\":\"es\",\"potentialAction\":[{\"@type\":\"ReadAction\",\"target\":[\"https:\/\/tmeic.com\/es\/products\/solar-ware-1667\/\"]}]},{\"@type\":\"ImageObject\",\"inLanguage\":\"es\",\"@id\":\"https:\/\/tmeic.com\/es\/products\/solar-ware-1667\/#primaryimage\",\"url\":\"https:\/\/tmeic.com\/wp-content\/uploads\/2025\/10\/Solar-Ware-1667ER-J.png\",\"contentUrl\":\"https:\/\/tmeic.com\/wp-content\/uploads\/2025\/10\/Solar-Ware-1667ER-J.png\",\"width\":937,\"height\":729,\"caption\":\"Solar Ware 1667 PV inverter\"},{\"@type\":\"BreadcrumbList\",\"@id\":\"https:\/\/tmeic.com\/es\/products\/solar-ware-1667\/#breadcrumb\",\"itemListElement\":[{\"@type\":\"ListItem\",\"position\":1,\"name\":\"Home\",\"item\":\"https:\/\/tmeic.com\/es\/\"},{\"@type\":\"ListItem\",\"position\":2,\"name\":\"Products\",\"item\":\"https:\/\/www.tmeic.com\/products\/\"},{\"@type\":\"ListItem\",\"position\":3,\"name\":\"Solar Ware 1667\"}]},{\"@type\":\"WebSite\",\"@id\":\"https:\/\/www.tmeic.com\/zh-hans\/#website\",\"url\":\"https:\/\/www.tmeic.com\/zh-hans\/\",\"name\":\"TMEIC\",\"description\":\"\",\"potentialAction\":[{\"@type\":\"SearchAction\",\"target\":{\"@type\":\"EntryPoint\",\"urlTemplate\":\"https:\/\/www.tmeic.com\/zh-hans\/?s={search_term_string}\"},\"query-input\":{\"@type\":\"PropertyValueSpecification\",\"valueRequired\":true,\"valueName\":\"search_term_string\"}}],\"inLanguage\":\"es\"}]}<\/script>\n<!-- \/ Yoast SEO plugin. -->","yoast_head_json":{"title":"Solar Ware 1667 - TMEIC","robots":{"index":"index","follow":"follow","max-snippet":"max-snippet:-1","max-image-preview":"max-image-preview:large","max-video-preview":"max-video-preview:-1"},"canonical":"https:\/\/tmeic.com\/es\/products\/solar-ware-1667\/","og_locale":"es_ES","og_type":"article","og_title":"Solar Ware 1667 - TMEIC","og_description":"&nbsp; SOLAR WARE 1833GRQ\/Solar Ware 1667ER(J) es uno de los m\u00e1s grandes inversores PV centrales en la clase de potencia de 1000 V. La primera tecnolog\u00eda de enfriamiento h\u00edbrida mediante tubos isot\u00e9rmicos implementada en soluciones de inversor PV para red el\u00e9ctrica que proporciona un modelo opex \u00f3ptimo. &nbsp;","og_url":"https:\/\/tmeic.com\/es\/products\/solar-ware-1667\/","og_site_name":"TMEIC","article_modified_time":"2025-05-27T14:04:21+00:00","og_image":[{"width":937,"height":729,"url":"https:\/\/tmeic.com\/wp-content\/uploads\/2025\/10\/Solar-Ware-1667ER-J.png","type":"image\/png"}],"twitter_card":"summary_large_image","schema":{"@context":"https:\/\/schema.org","@graph":[{"@type":"WebPage","@id":"https:\/\/tmeic.com\/es\/products\/solar-ware-1667\/","url":"https:\/\/tmeic.com\/es\/products\/solar-ware-1667\/","name":"Solar Ware 1667 - TMEIC","isPartOf":{"@id":"https:\/\/www.tmeic.com\/zh-hans\/#website"},"primaryImageOfPage":{"@id":"https:\/\/tmeic.com\/es\/products\/solar-ware-1667\/#primaryimage"},"image":{"@id":"https:\/\/tmeic.com\/es\/products\/solar-ware-1667\/#primaryimage"},"thumbnailUrl":"https:\/\/tmeic.com\/wp-content\/uploads\/2025\/10\/Solar-Ware-1667ER-J.png","datePublished":"2025-05-16T22:45:12+00:00","dateModified":"2025-05-27T14:04:21+00:00","breadcrumb":{"@id":"https:\/\/tmeic.com\/es\/products\/solar-ware-1667\/#breadcrumb"},"inLanguage":"es","potentialAction":[{"@type":"ReadAction","target":["https:\/\/tmeic.com\/es\/products\/solar-ware-1667\/"]}]},{"@type":"ImageObject","inLanguage":"es","@id":"https:\/\/tmeic.com\/es\/products\/solar-ware-1667\/#primaryimage","url":"https:\/\/tmeic.com\/wp-content\/uploads\/2025\/10\/Solar-Ware-1667ER-J.png","contentUrl":"https:\/\/tmeic.com\/wp-content\/uploads\/2025\/10\/Solar-Ware-1667ER-J.png","width":937,"height":729,"caption":"Solar Ware 1667 PV inverter"},{"@type":"BreadcrumbList","@id":"https:\/\/tmeic.com\/es\/products\/solar-ware-1667\/#breadcrumb","itemListElement":[{"@type":"ListItem","position":1,"name":"Home","item":"https:\/\/tmeic.com\/es\/"},{"@type":"ListItem","position":2,"name":"Products","item":"https:\/\/www.tmeic.com\/products\/"},{"@type":"ListItem","position":3,"name":"Solar Ware 1667"}]},{"@type":"WebSite","@id":"https:\/\/www.tmeic.com\/zh-hans\/#website","url":"https:\/\/www.tmeic.com\/zh-hans\/","name":"TMEIC","description":"","potentialAction":[{"@type":"SearchAction","target":{"@type":"EntryPoint","urlTemplate":"https:\/\/www.tmeic.com\/zh-hans\/?s={search_term_string}"},"query-input":{"@type":"PropertyValueSpecification","valueRequired":true,"valueName":"search_term_string"}}],"inLanguage":"es"}]}},"_links":{"self":[{"href":"https:\/\/tmeic.com\/es\/wp-json\/wp\/v2\/product\/5441","targetHints":{"allow":["GET"]}}],"collection":[{"href":"https:\/\/tmeic.com\/es\/wp-json\/wp\/v2\/product"}],"about":[{"href":"https:\/\/tmeic.com\/es\/wp-json\/wp\/v2\/types\/product"}],"version-history":[{"count":1,"href":"https:\/\/tmeic.com\/es\/wp-json\/wp\/v2\/product\/5441\/revisions"}],"predecessor-version":[{"id":6543,"href":"https:\/\/tmeic.com\/es\/wp-json\/wp\/v2\/product\/5441\/revisions\/6543"}],"acf:post":[{"embeddable":true,"href":"https:\/\/tmeic.com\/es\/wp-json\/wp\/v2\/certifications\/1969"},{"embeddable":true,"href":"https:\/\/tmeic.com\/es\/wp-json\/wp\/v2\/certifications\/426"}],"wp:featuredmedia":[{"embeddable":true,"href":"https:\/\/tmeic.com\/es\/wp-json\/wp\/v2\/media\/8636"}],"wp:attachment":[{"href":"https:\/\/tmeic.com\/es\/wp-json\/wp\/v2\/media?parent=5441"}],"wp:term":[{"taxonomy":"product_category","embeddable":true,"href":"https:\/\/tmeic.com\/es\/wp-json\/wp\/v2\/product_category?post=5441"},{"taxonomy":"product_region","embeddable":true,"href":"https:\/\/tmeic.com\/es\/wp-json\/wp\/v2\/product_region?post=5441"}],"curies":[{"name":"wp","href":"https:\/\/api.w.org\/{rel}","templated":true}]}}