  {"id":5540,"date":"2025-05-08T15:05:40","date_gmt":"2025-05-08T15:05:40","guid":{"rendered":"https:\/\/tmeic.com\/products\/21-serie-l-vertical\/"},"modified":"2025-05-27T13:14:14","modified_gmt":"2025-05-27T13:14:14","slug":"21-serie-l-vertical","status":"publish","type":"product","link":"https:\/\/tmeic.com\/es\/products\/21-serie-l-vertical\/","title":{"rendered":"21- Serie L Vertical"},"content":{"rendered":"<p>Los motores trif\u00e1sicos de alta tensi\u00f3n de la serie 21-L ofrecen hasta 6.300 kW con una robusta construcci\u00f3n de acero, rotores de barras de cobre y una gama de opciones de refrigeraci\u00f3n, dise\u00f1ados para cumplir las normas mundiales e integrarse perfectamente con los sistemas de accionamiento de frecuencia variable.<\/p>\n","protected":false},"featured_media":804,"parent":0,"menu_order":0,"template":"","meta":{"_acf_changed":false,"footnotes":""},"product_category":[142,146],"product_region":[28,26],"class_list":["post-5540","product","type-product","status-publish","has-post-thumbnail","hentry","product_category-motors-es","product_category-induction-motors-es","product_region-china","product_region-india"],"acf":{"hero_type":"standard","theme":"light","subheading":"","certifications":[4871,4533,426,4231,1938,4897],"downloadable_resources":[{"resource_title":"Folleto Motores de Media Tensi\u00f3n Serie 21-L","resource_file":3322},{"resource_title":"Motor trif\u00e1sico de inducci\u00f3n de jaula de ardilla de alta tensi\u00f3n TM21-L Horizontal","resource_file":4022},{"resource_title":"Motores verticales de media tensi\u00f3n de la serie TM21-L tama\u00f1o carta","resource_file":4026}]},"yoast_head":"<!-- This site is optimized with the Yoast SEO plugin v25.7 - https:\/\/yoast.com\/wordpress\/plugins\/seo\/ -->\n<title>21- Serie L Vertical - TMEIC<\/title>\n<meta name=\"robots\" content=\"index, follow, max-snippet:-1, max-image-preview:large, max-video-preview:-1\" \/>\n<link rel=\"canonical\" href=\"https:\/\/tmeic.com\/es\/products\/21-serie-l-vertical\/\" \/>\n<meta property=\"og:locale\" content=\"es_ES\" \/>\n<meta property=\"og:type\" content=\"article\" \/>\n<meta property=\"og:title\" content=\"21- Serie L Vertical - TMEIC\" \/>\n<meta property=\"og:description\" content=\"Los motores trif\u00e1sicos de alta tensi\u00f3n de la serie 21-L ofrecen hasta 6.300 kW con una robusta construcci\u00f3n de acero, rotores de barras de cobre y una gama de opciones de refrigeraci\u00f3n, dise\u00f1ados para cumplir las normas mundiales e integrarse perfectamente con los sistemas de accionamiento de frecuencia variable.\" \/>\n<meta property=\"og:url\" content=\"https:\/\/tmeic.com\/es\/products\/21-serie-l-vertical\/\" \/>\n<meta property=\"og:site_name\" content=\"TMEIC\" \/>\n<meta property=\"article:modified_time\" content=\"2025-05-27T13:14:14+00:00\" \/>\n<meta property=\"og:image\" content=\"https:\/\/tmeic.com\/wp-content\/uploads\/2025\/04\/product-motor-21-L-vertical.png\" \/>\n\t<meta property=\"og:image:width\" content=\"281\" \/>\n\t<meta property=\"og:image:height\" content=\"363\" \/>\n\t<meta property=\"og:image:type\" content=\"image\/png\" \/>\n<meta name=\"twitter:card\" content=\"summary_large_image\" \/>\n<script type=\"application\/ld+json\" class=\"yoast-schema-graph\">{\"@context\":\"https:\/\/schema.org\",\"@graph\":[{\"@type\":\"WebPage\",\"@id\":\"https:\/\/tmeic.com\/es\/products\/21-serie-l-vertical\/\",\"url\":\"https:\/\/tmeic.com\/es\/products\/21-serie-l-vertical\/\",\"name\":\"21- Serie L Vertical - TMEIC\",\"isPartOf\":{\"@id\":\"https:\/\/www.tmeic.com\/zh-hans\/#website\"},\"primaryImageOfPage\":{\"@id\":\"https:\/\/tmeic.com\/es\/products\/21-serie-l-vertical\/#primaryimage\"},\"image\":{\"@id\":\"https:\/\/tmeic.com\/es\/products\/21-serie-l-vertical\/#primaryimage\"},\"thumbnailUrl\":\"https:\/\/tmeic.com\/wp-content\/uploads\/2025\/04\/product-motor-21-L-vertical.png\",\"datePublished\":\"2025-05-08T15:05:40+00:00\",\"dateModified\":\"2025-05-27T13:14:14+00:00\",\"breadcrumb\":{\"@id\":\"https:\/\/tmeic.com\/es\/products\/21-serie-l-vertical\/#breadcrumb\"},\"inLanguage\":\"es\",\"potentialAction\":[{\"@type\":\"ReadAction\",\"target\":[\"https:\/\/tmeic.com\/es\/products\/21-serie-l-vertical\/\"]}]},{\"@type\":\"ImageObject\",\"inLanguage\":\"es\",\"@id\":\"https:\/\/tmeic.com\/es\/products\/21-serie-l-vertical\/#primaryimage\",\"url\":\"https:\/\/tmeic.com\/wp-content\/uploads\/2025\/04\/product-motor-21-L-vertical.png\",\"contentUrl\":\"https:\/\/tmeic.com\/wp-content\/uploads\/2025\/04\/product-motor-21-L-vertical.png\",\"width\":281,\"height\":363},{\"@type\":\"BreadcrumbList\",\"@id\":\"https:\/\/tmeic.com\/es\/products\/21-serie-l-vertical\/#breadcrumb\",\"itemListElement\":[{\"@type\":\"ListItem\",\"position\":1,\"name\":\"Home\",\"item\":\"https:\/\/tmeic.com\/es\/\"},{\"@type\":\"ListItem\",\"position\":2,\"name\":\"Products\",\"item\":\"https:\/\/www.tmeic.com\/products\/\"},{\"@type\":\"ListItem\",\"position\":3,\"name\":\"21- Serie L Vertical\"}]},{\"@type\":\"WebSite\",\"@id\":\"https:\/\/www.tmeic.com\/zh-hans\/#website\",\"url\":\"https:\/\/www.tmeic.com\/zh-hans\/\",\"name\":\"TMEIC\",\"description\":\"\",\"potentialAction\":[{\"@type\":\"SearchAction\",\"target\":{\"@type\":\"EntryPoint\",\"urlTemplate\":\"https:\/\/www.tmeic.com\/zh-hans\/?s={search_term_string}\"},\"query-input\":{\"@type\":\"PropertyValueSpecification\",\"valueRequired\":true,\"valueName\":\"search_term_string\"}}],\"inLanguage\":\"es\"}]}<\/script>\n<!-- \/ Yoast SEO plugin. -->","yoast_head_json":{"title":"21- Serie L Vertical - TMEIC","robots":{"index":"index","follow":"follow","max-snippet":"max-snippet:-1","max-image-preview":"max-image-preview:large","max-video-preview":"max-video-preview:-1"},"canonical":"https:\/\/tmeic.com\/es\/products\/21-serie-l-vertical\/","og_locale":"es_ES","og_type":"article","og_title":"21- Serie L Vertical - TMEIC","og_description":"Los motores trif\u00e1sicos de alta tensi\u00f3n de la serie 21-L ofrecen hasta 6.300 kW con una robusta construcci\u00f3n de acero, rotores de barras de cobre y una gama de opciones de refrigeraci\u00f3n, dise\u00f1ados para cumplir las normas mundiales e integrarse perfectamente con los sistemas de accionamiento de frecuencia variable.","og_url":"https:\/\/tmeic.com\/es\/products\/21-serie-l-vertical\/","og_site_name":"TMEIC","article_modified_time":"2025-05-27T13:14:14+00:00","og_image":[{"width":281,"height":363,"url":"https:\/\/tmeic.com\/wp-content\/uploads\/2025\/04\/product-motor-21-L-vertical.png","type":"image\/png"}],"twitter_card":"summary_large_image","schema":{"@context":"https:\/\/schema.org","@graph":[{"@type":"WebPage","@id":"https:\/\/tmeic.com\/es\/products\/21-serie-l-vertical\/","url":"https:\/\/tmeic.com\/es\/products\/21-serie-l-vertical\/","name":"21- Serie L Vertical - TMEIC","isPartOf":{"@id":"https:\/\/www.tmeic.com\/zh-hans\/#website"},"primaryImageOfPage":{"@id":"https:\/\/tmeic.com\/es\/products\/21-serie-l-vertical\/#primaryimage"},"image":{"@id":"https:\/\/tmeic.com\/es\/products\/21-serie-l-vertical\/#primaryimage"},"thumbnailUrl":"https:\/\/tmeic.com\/wp-content\/uploads\/2025\/04\/product-motor-21-L-vertical.png","datePublished":"2025-05-08T15:05:40+00:00","dateModified":"2025-05-27T13:14:14+00:00","breadcrumb":{"@id":"https:\/\/tmeic.com\/es\/products\/21-serie-l-vertical\/#breadcrumb"},"inLanguage":"es","potentialAction":[{"@type":"ReadAction","target":["https:\/\/tmeic.com\/es\/products\/21-serie-l-vertical\/"]}]},{"@type":"ImageObject","inLanguage":"es","@id":"https:\/\/tmeic.com\/es\/products\/21-serie-l-vertical\/#primaryimage","url":"https:\/\/tmeic.com\/wp-content\/uploads\/2025\/04\/product-motor-21-L-vertical.png","contentUrl":"https:\/\/tmeic.com\/wp-content\/uploads\/2025\/04\/product-motor-21-L-vertical.png","width":281,"height":363},{"@type":"BreadcrumbList","@id":"https:\/\/tmeic.com\/es\/products\/21-serie-l-vertical\/#breadcrumb","itemListElement":[{"@type":"ListItem","position":1,"name":"Home","item":"https:\/\/tmeic.com\/es\/"},{"@type":"ListItem","position":2,"name":"Products","item":"https:\/\/www.tmeic.com\/products\/"},{"@type":"ListItem","position":3,"name":"21- Serie L Vertical"}]},{"@type":"WebSite","@id":"https:\/\/www.tmeic.com\/zh-hans\/#website","url":"https:\/\/www.tmeic.com\/zh-hans\/","name":"TMEIC","description":"","potentialAction":[{"@type":"SearchAction","target":{"@type":"EntryPoint","urlTemplate":"https:\/\/www.tmeic.com\/zh-hans\/?s={search_term_string}"},"query-input":{"@type":"PropertyValueSpecification","valueRequired":true,"valueName":"search_term_string"}}],"inLanguage":"es"}]}},"_links":{"self":[{"href":"https:\/\/tmeic.com\/es\/wp-json\/wp\/v2\/product\/5540","targetHints":{"allow":["GET"]}}],"collection":[{"href":"https:\/\/tmeic.com\/es\/wp-json\/wp\/v2\/product"}],"about":[{"href":"https:\/\/tmeic.com\/es\/wp-json\/wp\/v2\/types\/product"}],"version-history":[{"count":1,"href":"https:\/\/tmeic.com\/es\/wp-json\/wp\/v2\/product\/5540\/revisions"}],"predecessor-version":[{"id":6491,"href":"https:\/\/tmeic.com\/es\/wp-json\/wp\/v2\/product\/5540\/revisions\/6491"}],"acf:post":[{"embeddable":true,"href":"https:\/\/tmeic.com\/es\/wp-json\/wp\/v2\/certifications\/4897"},{"embeddable":true,"href":"https:\/\/tmeic.com\/es\/wp-json\/wp\/v2\/certifications\/1938"},{"embeddable":true,"href":"https:\/\/tmeic.com\/es\/wp-json\/wp\/v2\/certifications\/4231"},{"embeddable":true,"href":"https:\/\/tmeic.com\/es\/wp-json\/wp\/v2\/certifications\/426"},{"embeddable":true,"href":"https:\/\/tmeic.com\/es\/wp-json\/wp\/v2\/certifications\/4533"},{"embeddable":true,"href":"https:\/\/tmeic.com\/es\/wp-json\/wp\/v2\/certifications\/4871"}],"wp:featuredmedia":[{"embeddable":true,"href":"https:\/\/tmeic.com\/es\/wp-json\/wp\/v2\/media\/804"}],"wp:attachment":[{"href":"https:\/\/tmeic.com\/es\/wp-json\/wp\/v2\/media?parent=5540"}],"wp:term":[{"taxonomy":"product_category","embeddable":true,"href":"https:\/\/tmeic.com\/es\/wp-json\/wp\/v2\/product_category?post=5540"},{"taxonomy":"product_region","embeddable":true,"href":"https:\/\/tmeic.com\/es\/wp-json\/wp\/v2\/product_region?post=5540"}],"curies":[{"name":"wp","href":"https:\/\/api.w.org\/{rel}","templated":true}]}}