  {"id":5560,"date":"2025-05-08T15:05:41","date_gmt":"2025-05-08T15:05:41","guid":{"rendered":"https:\/\/tmeic.com\/products\/motores-sincronos-disenados-a-medida\/"},"modified":"2025-05-27T13:50:37","modified_gmt":"2025-05-27T13:50:37","slug":"motores-sincronos-disenados-a-medida","status":"publish","type":"product","link":"https:\/\/tmeic.com\/es\/products\/motores-sincronos-disenados-a-medida\/","title":{"rendered":"Motores s\u00edncronos dise\u00f1ados a medida"},"content":{"rendered":"<p>Los motores s\u00edncronos dise\u00f1ados a medida proporcionan unos costes de funcionamiento excepcionalmente bajos y un ahorro de energ\u00eda gracias a un funcionamiento fiable de alto rendimiento, un mantenimiento m\u00ednimo y una eficacia superior.<\/p>\n","protected":false},"featured_media":4595,"parent":0,"menu_order":0,"template":"","meta":{"_acf_changed":false,"footnotes":""},"product_category":[142,148],"product_region":[26],"class_list":["post-5560","product","type-product","status-publish","has-post-thumbnail","hentry","product_category-motors-es","product_category-synchronous-motors-es","product_region-india"],"acf":{"hero_type":"standard","theme":"light","subheading":"","certifications":[1938,4533,4871,426,4231,4897],"downloadable_resources":null},"yoast_head":"<!-- This site is optimized with the Yoast SEO plugin v25.7 - https:\/\/yoast.com\/wordpress\/plugins\/seo\/ -->\n<title>Motores s\u00edncronos dise\u00f1ados a medida - TMEIC<\/title>\n<meta name=\"robots\" content=\"index, follow, max-snippet:-1, max-image-preview:large, max-video-preview:-1\" \/>\n<link rel=\"canonical\" href=\"https:\/\/tmeic.com\/es\/products\/motores-sincronos-disenados-a-medida\/\" \/>\n<meta property=\"og:locale\" content=\"es_ES\" \/>\n<meta property=\"og:type\" content=\"article\" \/>\n<meta property=\"og:title\" content=\"Motores s\u00edncronos dise\u00f1ados a medida - TMEIC\" \/>\n<meta property=\"og:description\" content=\"Los motores s\u00edncronos dise\u00f1ados a medida proporcionan unos costes de funcionamiento excepcionalmente bajos y un ahorro de energ\u00eda gracias a un funcionamiento fiable de alto rendimiento, un mantenimiento m\u00ednimo y una eficacia superior.\" \/>\n<meta property=\"og:url\" content=\"https:\/\/tmeic.com\/es\/products\/motores-sincronos-disenados-a-medida\/\" \/>\n<meta property=\"og:site_name\" content=\"TMEIC\" \/>\n<meta property=\"article:modified_time\" content=\"2025-05-27T13:50:37+00:00\" \/>\n<meta property=\"og:image\" content=\"https:\/\/tmeic.com\/wp-content\/uploads\/2025\/05\/product-motor-custom-designed-synchronous_0.jpg\" \/>\n\t<meta property=\"og:image:width\" content=\"633\" \/>\n\t<meta property=\"og:image:height\" content=\"445\" \/>\n\t<meta property=\"og:image:type\" content=\"image\/jpeg\" \/>\n<meta name=\"twitter:card\" content=\"summary_large_image\" \/>\n<script type=\"application\/ld+json\" class=\"yoast-schema-graph\">{\"@context\":\"https:\/\/schema.org\",\"@graph\":[{\"@type\":\"WebPage\",\"@id\":\"https:\/\/tmeic.com\/es\/products\/motores-sincronos-disenados-a-medida\/\",\"url\":\"https:\/\/tmeic.com\/es\/products\/motores-sincronos-disenados-a-medida\/\",\"name\":\"Motores s\u00edncronos dise\u00f1ados a medida - TMEIC\",\"isPartOf\":{\"@id\":\"https:\/\/www.tmeic.com\/zh-hans\/#website\"},\"primaryImageOfPage\":{\"@id\":\"https:\/\/tmeic.com\/es\/products\/motores-sincronos-disenados-a-medida\/#primaryimage\"},\"image\":{\"@id\":\"https:\/\/tmeic.com\/es\/products\/motores-sincronos-disenados-a-medida\/#primaryimage\"},\"thumbnailUrl\":\"https:\/\/tmeic.com\/wp-content\/uploads\/2025\/05\/product-motor-custom-designed-synchronous_0.jpg\",\"datePublished\":\"2025-05-08T15:05:41+00:00\",\"dateModified\":\"2025-05-27T13:50:37+00:00\",\"breadcrumb\":{\"@id\":\"https:\/\/tmeic.com\/es\/products\/motores-sincronos-disenados-a-medida\/#breadcrumb\"},\"inLanguage\":\"es\",\"potentialAction\":[{\"@type\":\"ReadAction\",\"target\":[\"https:\/\/tmeic.com\/es\/products\/motores-sincronos-disenados-a-medida\/\"]}]},{\"@type\":\"ImageObject\",\"inLanguage\":\"es\",\"@id\":\"https:\/\/tmeic.com\/es\/products\/motores-sincronos-disenados-a-medida\/#primaryimage\",\"url\":\"https:\/\/tmeic.com\/wp-content\/uploads\/2025\/05\/product-motor-custom-designed-synchronous_0.jpg\",\"contentUrl\":\"https:\/\/tmeic.com\/wp-content\/uploads\/2025\/05\/product-motor-custom-designed-synchronous_0.jpg\",\"width\":633,\"height\":445},{\"@type\":\"BreadcrumbList\",\"@id\":\"https:\/\/tmeic.com\/es\/products\/motores-sincronos-disenados-a-medida\/#breadcrumb\",\"itemListElement\":[{\"@type\":\"ListItem\",\"position\":1,\"name\":\"Home\",\"item\":\"https:\/\/tmeic.com\/es\/\"},{\"@type\":\"ListItem\",\"position\":2,\"name\":\"Products\",\"item\":\"https:\/\/www.tmeic.com\/products\/\"},{\"@type\":\"ListItem\",\"position\":3,\"name\":\"Motores s\u00edncronos dise\u00f1ados a medida\"}]},{\"@type\":\"WebSite\",\"@id\":\"https:\/\/www.tmeic.com\/zh-hans\/#website\",\"url\":\"https:\/\/www.tmeic.com\/zh-hans\/\",\"name\":\"TMEIC\",\"description\":\"\",\"potentialAction\":[{\"@type\":\"SearchAction\",\"target\":{\"@type\":\"EntryPoint\",\"urlTemplate\":\"https:\/\/www.tmeic.com\/zh-hans\/?s={search_term_string}\"},\"query-input\":{\"@type\":\"PropertyValueSpecification\",\"valueRequired\":true,\"valueName\":\"search_term_string\"}}],\"inLanguage\":\"es\"}]}<\/script>\n<!-- \/ Yoast SEO plugin. -->","yoast_head_json":{"title":"Motores s\u00edncronos dise\u00f1ados a medida - TMEIC","robots":{"index":"index","follow":"follow","max-snippet":"max-snippet:-1","max-image-preview":"max-image-preview:large","max-video-preview":"max-video-preview:-1"},"canonical":"https:\/\/tmeic.com\/es\/products\/motores-sincronos-disenados-a-medida\/","og_locale":"es_ES","og_type":"article","og_title":"Motores s\u00edncronos dise\u00f1ados a medida - TMEIC","og_description":"Los motores s\u00edncronos dise\u00f1ados a medida proporcionan unos costes de funcionamiento excepcionalmente bajos y un ahorro de energ\u00eda gracias a un funcionamiento fiable de alto rendimiento, un mantenimiento m\u00ednimo y una eficacia superior.","og_url":"https:\/\/tmeic.com\/es\/products\/motores-sincronos-disenados-a-medida\/","og_site_name":"TMEIC","article_modified_time":"2025-05-27T13:50:37+00:00","og_image":[{"width":633,"height":445,"url":"https:\/\/tmeic.com\/wp-content\/uploads\/2025\/05\/product-motor-custom-designed-synchronous_0.jpg","type":"image\/jpeg"}],"twitter_card":"summary_large_image","schema":{"@context":"https:\/\/schema.org","@graph":[{"@type":"WebPage","@id":"https:\/\/tmeic.com\/es\/products\/motores-sincronos-disenados-a-medida\/","url":"https:\/\/tmeic.com\/es\/products\/motores-sincronos-disenados-a-medida\/","name":"Motores s\u00edncronos dise\u00f1ados a medida - TMEIC","isPartOf":{"@id":"https:\/\/www.tmeic.com\/zh-hans\/#website"},"primaryImageOfPage":{"@id":"https:\/\/tmeic.com\/es\/products\/motores-sincronos-disenados-a-medida\/#primaryimage"},"image":{"@id":"https:\/\/tmeic.com\/es\/products\/motores-sincronos-disenados-a-medida\/#primaryimage"},"thumbnailUrl":"https:\/\/tmeic.com\/wp-content\/uploads\/2025\/05\/product-motor-custom-designed-synchronous_0.jpg","datePublished":"2025-05-08T15:05:41+00:00","dateModified":"2025-05-27T13:50:37+00:00","breadcrumb":{"@id":"https:\/\/tmeic.com\/es\/products\/motores-sincronos-disenados-a-medida\/#breadcrumb"},"inLanguage":"es","potentialAction":[{"@type":"ReadAction","target":["https:\/\/tmeic.com\/es\/products\/motores-sincronos-disenados-a-medida\/"]}]},{"@type":"ImageObject","inLanguage":"es","@id":"https:\/\/tmeic.com\/es\/products\/motores-sincronos-disenados-a-medida\/#primaryimage","url":"https:\/\/tmeic.com\/wp-content\/uploads\/2025\/05\/product-motor-custom-designed-synchronous_0.jpg","contentUrl":"https:\/\/tmeic.com\/wp-content\/uploads\/2025\/05\/product-motor-custom-designed-synchronous_0.jpg","width":633,"height":445},{"@type":"BreadcrumbList","@id":"https:\/\/tmeic.com\/es\/products\/motores-sincronos-disenados-a-medida\/#breadcrumb","itemListElement":[{"@type":"ListItem","position":1,"name":"Home","item":"https:\/\/tmeic.com\/es\/"},{"@type":"ListItem","position":2,"name":"Products","item":"https:\/\/www.tmeic.com\/products\/"},{"@type":"ListItem","position":3,"name":"Motores s\u00edncronos dise\u00f1ados a medida"}]},{"@type":"WebSite","@id":"https:\/\/www.tmeic.com\/zh-hans\/#website","url":"https:\/\/www.tmeic.com\/zh-hans\/","name":"TMEIC","description":"","potentialAction":[{"@type":"SearchAction","target":{"@type":"EntryPoint","urlTemplate":"https:\/\/www.tmeic.com\/zh-hans\/?s={search_term_string}"},"query-input":{"@type":"PropertyValueSpecification","valueRequired":true,"valueName":"search_term_string"}}],"inLanguage":"es"}]}},"_links":{"self":[{"href":"https:\/\/tmeic.com\/es\/wp-json\/wp\/v2\/product\/5560","targetHints":{"allow":["GET"]}}],"collection":[{"href":"https:\/\/tmeic.com\/es\/wp-json\/wp\/v2\/product"}],"about":[{"href":"https:\/\/tmeic.com\/es\/wp-json\/wp\/v2\/types\/product"}],"version-history":[{"count":1,"href":"https:\/\/tmeic.com\/es\/wp-json\/wp\/v2\/product\/5560\/revisions"}],"predecessor-version":[{"id":6510,"href":"https:\/\/tmeic.com\/es\/wp-json\/wp\/v2\/product\/5560\/revisions\/6510"}],"acf:post":[{"embeddable":true,"href":"https:\/\/tmeic.com\/es\/wp-json\/wp\/v2\/certifications\/4897"},{"embeddable":true,"href":"https:\/\/tmeic.com\/es\/wp-json\/wp\/v2\/certifications\/4231"},{"embeddable":true,"href":"https:\/\/tmeic.com\/es\/wp-json\/wp\/v2\/certifications\/426"},{"embeddable":true,"href":"https:\/\/tmeic.com\/es\/wp-json\/wp\/v2\/certifications\/4871"},{"embeddable":true,"href":"https:\/\/tmeic.com\/es\/wp-json\/wp\/v2\/certifications\/4533"},{"embeddable":true,"href":"https:\/\/tmeic.com\/es\/wp-json\/wp\/v2\/certifications\/1938"}],"wp:featuredmedia":[{"embeddable":true,"href":"https:\/\/tmeic.com\/es\/wp-json\/wp\/v2\/media\/4595"}],"wp:attachment":[{"href":"https:\/\/tmeic.com\/es\/wp-json\/wp\/v2\/media?parent=5560"}],"wp:term":[{"taxonomy":"product_category","embeddable":true,"href":"https:\/\/tmeic.com\/es\/wp-json\/wp\/v2\/product_category?post=5560"},{"taxonomy":"product_region","embeddable":true,"href":"https:\/\/tmeic.com\/es\/wp-json\/wp\/v2\/product_region?post=5560"}],"curies":[{"name":"wp","href":"https:\/\/api.w.org\/{rel}","templated":true}]}}