  {"id":5566,"date":"2025-05-18T14:09:40","date_gmt":"2025-05-18T14:09:40","guid":{"rendered":"https:\/\/tmeic.com\/products\/almacenamiento-de-energia\/"},"modified":"2025-05-27T13:52:06","modified_gmt":"2025-05-27T13:52:06","slug":"almacenamiento-de-energia","status":"publish","type":"product","link":"https:\/\/tmeic.com\/es\/products\/almacenamiento-de-energia\/","title":{"rendered":"Almacenamiento de energ\u00eda"},"content":{"rendered":"<p>El Sistema de Almacenamiento de Energ\u00eda en Bater\u00eda (BESS) de TMEIC proporciona hasta \u00b12500 kW de potencia bidireccional de alta eficiencia con refrigeraci\u00f3n avanzada y dise\u00f1o preparado para la red, para una gesti\u00f3n y estabilizaci\u00f3n fiables de la energ\u00eda.<\/p>\n","protected":false},"featured_media":4602,"parent":0,"menu_order":0,"template":"","meta":{"_acf_changed":false,"footnotes":""},"product_category":[161],"product_region":[28,27,26],"class_list":["post-5566","product","type-product","status-publish","has-post-thumbnail","hentry","product_category-pv-inverters-es","product_region-china","product_region-europe","product_region-india"],"acf":{"hero_type":"standard","theme":"dark","subheading":"","certifications":"","downloadable_resources":null},"yoast_head":"<!-- This site is optimized with the Yoast SEO plugin v25.7 - https:\/\/yoast.com\/wordpress\/plugins\/seo\/ -->\n<title>Almacenamiento de energ\u00eda - TMEIC<\/title>\n<meta name=\"robots\" content=\"index, follow, max-snippet:-1, max-image-preview:large, max-video-preview:-1\" \/>\n<link rel=\"canonical\" href=\"https:\/\/tmeic.com\/es\/products\/almacenamiento-de-energia\/\" \/>\n<meta property=\"og:locale\" content=\"es_ES\" \/>\n<meta property=\"og:type\" content=\"article\" \/>\n<meta property=\"og:title\" content=\"Almacenamiento de energ\u00eda - TMEIC\" \/>\n<meta property=\"og:description\" content=\"El Sistema de Almacenamiento de Energ\u00eda en Bater\u00eda (BESS) de TMEIC proporciona hasta \u00b12500 kW de potencia bidireccional de alta eficiencia con refrigeraci\u00f3n avanzada y dise\u00f1o preparado para la red, para una gesti\u00f3n y estabilizaci\u00f3n fiables de la energ\u00eda.\" \/>\n<meta property=\"og:url\" content=\"https:\/\/tmeic.com\/es\/products\/almacenamiento-de-energia\/\" \/>\n<meta property=\"og:site_name\" content=\"TMEIC\" \/>\n<meta property=\"article:modified_time\" content=\"2025-05-27T13:52:06+00:00\" \/>\n<meta property=\"og:image\" content=\"https:\/\/tmeic.com\/wp-content\/uploads\/2025\/05\/solarware_universal_pcs-2.png\" \/>\n\t<meta property=\"og:image:width\" content=\"391\" \/>\n\t<meta property=\"og:image:height\" content=\"447\" \/>\n\t<meta property=\"og:image:type\" content=\"image\/png\" \/>\n<meta name=\"twitter:card\" content=\"summary_large_image\" \/>\n<script type=\"application\/ld+json\" class=\"yoast-schema-graph\">{\"@context\":\"https:\/\/schema.org\",\"@graph\":[{\"@type\":\"WebPage\",\"@id\":\"https:\/\/tmeic.com\/es\/products\/almacenamiento-de-energia\/\",\"url\":\"https:\/\/tmeic.com\/es\/products\/almacenamiento-de-energia\/\",\"name\":\"Almacenamiento de energ\u00eda - TMEIC\",\"isPartOf\":{\"@id\":\"https:\/\/www.tmeic.com\/zh-hans\/#website\"},\"primaryImageOfPage\":{\"@id\":\"https:\/\/tmeic.com\/es\/products\/almacenamiento-de-energia\/#primaryimage\"},\"image\":{\"@id\":\"https:\/\/tmeic.com\/es\/products\/almacenamiento-de-energia\/#primaryimage\"},\"thumbnailUrl\":\"https:\/\/tmeic.com\/wp-content\/uploads\/2025\/05\/solarware_universal_pcs-2.png\",\"datePublished\":\"2025-05-18T14:09:40+00:00\",\"dateModified\":\"2025-05-27T13:52:06+00:00\",\"breadcrumb\":{\"@id\":\"https:\/\/tmeic.com\/es\/products\/almacenamiento-de-energia\/#breadcrumb\"},\"inLanguage\":\"es\",\"potentialAction\":[{\"@type\":\"ReadAction\",\"target\":[\"https:\/\/tmeic.com\/es\/products\/almacenamiento-de-energia\/\"]}]},{\"@type\":\"ImageObject\",\"inLanguage\":\"es\",\"@id\":\"https:\/\/tmeic.com\/es\/products\/almacenamiento-de-energia\/#primaryimage\",\"url\":\"https:\/\/tmeic.com\/wp-content\/uploads\/2025\/05\/solarware_universal_pcs-2.png\",\"contentUrl\":\"https:\/\/tmeic.com\/wp-content\/uploads\/2025\/05\/solarware_universal_pcs-2.png\",\"width\":391,\"height\":447},{\"@type\":\"BreadcrumbList\",\"@id\":\"https:\/\/tmeic.com\/es\/products\/almacenamiento-de-energia\/#breadcrumb\",\"itemListElement\":[{\"@type\":\"ListItem\",\"position\":1,\"name\":\"Home\",\"item\":\"https:\/\/tmeic.com\/es\/\"},{\"@type\":\"ListItem\",\"position\":2,\"name\":\"Products\",\"item\":\"https:\/\/www.tmeic.com\/products\/\"},{\"@type\":\"ListItem\",\"position\":3,\"name\":\"Almacenamiento de energ\u00eda\"}]},{\"@type\":\"WebSite\",\"@id\":\"https:\/\/www.tmeic.com\/zh-hans\/#website\",\"url\":\"https:\/\/www.tmeic.com\/zh-hans\/\",\"name\":\"TMEIC\",\"description\":\"\",\"potentialAction\":[{\"@type\":\"SearchAction\",\"target\":{\"@type\":\"EntryPoint\",\"urlTemplate\":\"https:\/\/www.tmeic.com\/zh-hans\/?s={search_term_string}\"},\"query-input\":{\"@type\":\"PropertyValueSpecification\",\"valueRequired\":true,\"valueName\":\"search_term_string\"}}],\"inLanguage\":\"es\"}]}<\/script>\n<!-- \/ Yoast SEO plugin. -->","yoast_head_json":{"title":"Almacenamiento de energ\u00eda - TMEIC","robots":{"index":"index","follow":"follow","max-snippet":"max-snippet:-1","max-image-preview":"max-image-preview:large","max-video-preview":"max-video-preview:-1"},"canonical":"https:\/\/tmeic.com\/es\/products\/almacenamiento-de-energia\/","og_locale":"es_ES","og_type":"article","og_title":"Almacenamiento de energ\u00eda - TMEIC","og_description":"El Sistema de Almacenamiento de Energ\u00eda en Bater\u00eda (BESS) de TMEIC proporciona hasta \u00b12500 kW de potencia bidireccional de alta eficiencia con refrigeraci\u00f3n avanzada y dise\u00f1o preparado para la red, para una gesti\u00f3n y estabilizaci\u00f3n fiables de la energ\u00eda.","og_url":"https:\/\/tmeic.com\/es\/products\/almacenamiento-de-energia\/","og_site_name":"TMEIC","article_modified_time":"2025-05-27T13:52:06+00:00","og_image":[{"width":391,"height":447,"url":"https:\/\/tmeic.com\/wp-content\/uploads\/2025\/05\/solarware_universal_pcs-2.png","type":"image\/png"}],"twitter_card":"summary_large_image","schema":{"@context":"https:\/\/schema.org","@graph":[{"@type":"WebPage","@id":"https:\/\/tmeic.com\/es\/products\/almacenamiento-de-energia\/","url":"https:\/\/tmeic.com\/es\/products\/almacenamiento-de-energia\/","name":"Almacenamiento de energ\u00eda - TMEIC","isPartOf":{"@id":"https:\/\/www.tmeic.com\/zh-hans\/#website"},"primaryImageOfPage":{"@id":"https:\/\/tmeic.com\/es\/products\/almacenamiento-de-energia\/#primaryimage"},"image":{"@id":"https:\/\/tmeic.com\/es\/products\/almacenamiento-de-energia\/#primaryimage"},"thumbnailUrl":"https:\/\/tmeic.com\/wp-content\/uploads\/2025\/05\/solarware_universal_pcs-2.png","datePublished":"2025-05-18T14:09:40+00:00","dateModified":"2025-05-27T13:52:06+00:00","breadcrumb":{"@id":"https:\/\/tmeic.com\/es\/products\/almacenamiento-de-energia\/#breadcrumb"},"inLanguage":"es","potentialAction":[{"@type":"ReadAction","target":["https:\/\/tmeic.com\/es\/products\/almacenamiento-de-energia\/"]}]},{"@type":"ImageObject","inLanguage":"es","@id":"https:\/\/tmeic.com\/es\/products\/almacenamiento-de-energia\/#primaryimage","url":"https:\/\/tmeic.com\/wp-content\/uploads\/2025\/05\/solarware_universal_pcs-2.png","contentUrl":"https:\/\/tmeic.com\/wp-content\/uploads\/2025\/05\/solarware_universal_pcs-2.png","width":391,"height":447},{"@type":"BreadcrumbList","@id":"https:\/\/tmeic.com\/es\/products\/almacenamiento-de-energia\/#breadcrumb","itemListElement":[{"@type":"ListItem","position":1,"name":"Home","item":"https:\/\/tmeic.com\/es\/"},{"@type":"ListItem","position":2,"name":"Products","item":"https:\/\/www.tmeic.com\/products\/"},{"@type":"ListItem","position":3,"name":"Almacenamiento de energ\u00eda"}]},{"@type":"WebSite","@id":"https:\/\/www.tmeic.com\/zh-hans\/#website","url":"https:\/\/www.tmeic.com\/zh-hans\/","name":"TMEIC","description":"","potentialAction":[{"@type":"SearchAction","target":{"@type":"EntryPoint","urlTemplate":"https:\/\/www.tmeic.com\/zh-hans\/?s={search_term_string}"},"query-input":{"@type":"PropertyValueSpecification","valueRequired":true,"valueName":"search_term_string"}}],"inLanguage":"es"}]}},"_links":{"self":[{"href":"https:\/\/tmeic.com\/es\/wp-json\/wp\/v2\/product\/5566","targetHints":{"allow":["GET"]}}],"collection":[{"href":"https:\/\/tmeic.com\/es\/wp-json\/wp\/v2\/product"}],"about":[{"href":"https:\/\/tmeic.com\/es\/wp-json\/wp\/v2\/types\/product"}],"version-history":[{"count":1,"href":"https:\/\/tmeic.com\/es\/wp-json\/wp\/v2\/product\/5566\/revisions"}],"predecessor-version":[{"id":6515,"href":"https:\/\/tmeic.com\/es\/wp-json\/wp\/v2\/product\/5566\/revisions\/6515"}],"wp:featuredmedia":[{"embeddable":true,"href":"https:\/\/tmeic.com\/es\/wp-json\/wp\/v2\/media\/4602"}],"wp:attachment":[{"href":"https:\/\/tmeic.com\/es\/wp-json\/wp\/v2\/media?parent=5566"}],"wp:term":[{"taxonomy":"product_category","embeddable":true,"href":"https:\/\/tmeic.com\/es\/wp-json\/wp\/v2\/product_category?post=5566"},{"taxonomy":"product_region","embeddable":true,"href":"https:\/\/tmeic.com\/es\/wp-json\/wp\/v2\/product_region?post=5566"}],"curies":[{"name":"wp","href":"https:\/\/api.w.org\/{rel}","templated":true}]}}