  {"id":5572,"date":"2025-05-06T18:47:25","date_gmt":"2025-05-06T18:47:25","guid":{"rendered":"https:\/\/tmeic.com\/products\/quiosco-de-la-puerta\/"},"modified":"2025-05-27T13:53:04","modified_gmt":"2025-05-27T13:53:04","slug":"quiosco-de-la-puerta","status":"publish","type":"product","link":"https:\/\/tmeic.com\/es\/products\/quiosco-de-la-puerta\/","title":{"rendered":"Quiosco de la Puerta"},"content":{"rendered":"<p class=\"vc_custom_heading vc_custom_1525701506071\"><span style=\"font-size: 16px;\">TMEIC GateKiosk is a modular, customisable control cabinet providing a wide range of driver interfaces for managing facility entry and exit. TMEIC GateKiosk es un armario de control modular personalizable que ofrece una amplia gama de interfaces del conductor para gestionar la entrada y salida de las instalaciones. Esto incluye \u00f3rdenes de trabajo, comunicaci\u00f3n entre el conductor y el personal de la terminal, impresi\u00f3n de documentos y otras funciones relacionadas con el proceso de admisi\u00f3n y salida de instalaciones controladas. <\/span><\/p>\n","protected":false},"featured_media":1798,"parent":0,"menu_order":0,"template":"","meta":{"_acf_changed":false,"footnotes":""},"product_category":[],"product_region":[28,27,26],"class_list":["post-5572","product","type-product","status-publish","has-post-thumbnail","hentry","product_region-china","product_region-europe","product_region-india"],"acf":{"hero_type":"simple","theme":"dark","subheading":"Una interfaz de acceso de conductores totalmente configurable","certifications":null,"downloadable_resources":null},"yoast_head":"<!-- This site is optimized with the Yoast SEO plugin v25.7 - https:\/\/yoast.com\/wordpress\/plugins\/seo\/ -->\n<title>Quiosco de la Puerta - TMEIC<\/title>\n<meta name=\"robots\" content=\"index, follow, max-snippet:-1, max-image-preview:large, max-video-preview:-1\" \/>\n<link rel=\"canonical\" href=\"https:\/\/tmeic.com\/es\/products\/quiosco-de-la-puerta\/\" \/>\n<meta property=\"og:locale\" content=\"es_ES\" \/>\n<meta property=\"og:type\" content=\"article\" \/>\n<meta property=\"og:title\" content=\"Quiosco de la Puerta - TMEIC\" \/>\n<meta property=\"og:description\" content=\"TMEIC GateKiosk is a modular, customisable control cabinet providing a wide range of driver interfaces for managing facility entry and exit. TMEIC GateKiosk es un armario de control modular personalizable que ofrece una amplia gama de interfaces del conductor para gestionar la entrada y salida de las instalaciones. Esto incluye \u00f3rdenes de trabajo, comunicaci\u00f3n entre [&hellip;]\" \/>\n<meta property=\"og:url\" content=\"https:\/\/tmeic.com\/es\/products\/quiosco-de-la-puerta\/\" \/>\n<meta property=\"og:site_name\" content=\"TMEIC\" \/>\n<meta property=\"article:modified_time\" content=\"2025-05-27T13:53:04+00:00\" \/>\n<meta property=\"og:image\" content=\"https:\/\/tmeic.com\/wp-content\/uploads\/2025\/05\/gate-suite_gate-kiosk_01-2.jpg\" \/>\n\t<meta property=\"og:image:width\" content=\"1920\" \/>\n\t<meta property=\"og:image:height\" content=\"1088\" \/>\n\t<meta property=\"og:image:type\" content=\"image\/jpeg\" \/>\n<meta name=\"twitter:card\" content=\"summary_large_image\" \/>\n<script type=\"application\/ld+json\" class=\"yoast-schema-graph\">{\"@context\":\"https:\/\/schema.org\",\"@graph\":[{\"@type\":\"WebPage\",\"@id\":\"https:\/\/tmeic.com\/es\/products\/quiosco-de-la-puerta\/\",\"url\":\"https:\/\/tmeic.com\/es\/products\/quiosco-de-la-puerta\/\",\"name\":\"Quiosco de la Puerta - TMEIC\",\"isPartOf\":{\"@id\":\"https:\/\/www.tmeic.com\/zh-hans\/#website\"},\"primaryImageOfPage\":{\"@id\":\"https:\/\/tmeic.com\/es\/products\/quiosco-de-la-puerta\/#primaryimage\"},\"image\":{\"@id\":\"https:\/\/tmeic.com\/es\/products\/quiosco-de-la-puerta\/#primaryimage\"},\"thumbnailUrl\":\"https:\/\/tmeic.com\/wp-content\/uploads\/2025\/05\/gate-suite_gate-kiosk_01-2.jpg\",\"datePublished\":\"2025-05-06T18:47:25+00:00\",\"dateModified\":\"2025-05-27T13:53:04+00:00\",\"breadcrumb\":{\"@id\":\"https:\/\/tmeic.com\/es\/products\/quiosco-de-la-puerta\/#breadcrumb\"},\"inLanguage\":\"es\",\"potentialAction\":[{\"@type\":\"ReadAction\",\"target\":[\"https:\/\/tmeic.com\/es\/products\/quiosco-de-la-puerta\/\"]}]},{\"@type\":\"ImageObject\",\"inLanguage\":\"es\",\"@id\":\"https:\/\/tmeic.com\/es\/products\/quiosco-de-la-puerta\/#primaryimage\",\"url\":\"https:\/\/tmeic.com\/wp-content\/uploads\/2025\/05\/gate-suite_gate-kiosk_01-2.jpg\",\"contentUrl\":\"https:\/\/tmeic.com\/wp-content\/uploads\/2025\/05\/gate-suite_gate-kiosk_01-2.jpg\",\"width\":1920,\"height\":1088},{\"@type\":\"BreadcrumbList\",\"@id\":\"https:\/\/tmeic.com\/es\/products\/quiosco-de-la-puerta\/#breadcrumb\",\"itemListElement\":[{\"@type\":\"ListItem\",\"position\":1,\"name\":\"Home\",\"item\":\"https:\/\/tmeic.com\/es\/\"},{\"@type\":\"ListItem\",\"position\":2,\"name\":\"Products\",\"item\":\"https:\/\/www.tmeic.com\/products\/\"},{\"@type\":\"ListItem\",\"position\":3,\"name\":\"Quiosco de la Puerta\"}]},{\"@type\":\"WebSite\",\"@id\":\"https:\/\/www.tmeic.com\/zh-hans\/#website\",\"url\":\"https:\/\/www.tmeic.com\/zh-hans\/\",\"name\":\"TMEIC\",\"description\":\"\",\"potentialAction\":[{\"@type\":\"SearchAction\",\"target\":{\"@type\":\"EntryPoint\",\"urlTemplate\":\"https:\/\/www.tmeic.com\/zh-hans\/?s={search_term_string}\"},\"query-input\":{\"@type\":\"PropertyValueSpecification\",\"valueRequired\":true,\"valueName\":\"search_term_string\"}}],\"inLanguage\":\"es\"}]}<\/script>\n<!-- \/ Yoast SEO plugin. -->","yoast_head_json":{"title":"Quiosco de la Puerta - TMEIC","robots":{"index":"index","follow":"follow","max-snippet":"max-snippet:-1","max-image-preview":"max-image-preview:large","max-video-preview":"max-video-preview:-1"},"canonical":"https:\/\/tmeic.com\/es\/products\/quiosco-de-la-puerta\/","og_locale":"es_ES","og_type":"article","og_title":"Quiosco de la Puerta - TMEIC","og_description":"TMEIC GateKiosk is a modular, customisable control cabinet providing a wide range of driver interfaces for managing facility entry and exit. TMEIC GateKiosk es un armario de control modular personalizable que ofrece una amplia gama de interfaces del conductor para gestionar la entrada y salida de las instalaciones. Esto incluye \u00f3rdenes de trabajo, comunicaci\u00f3n entre [&hellip;]","og_url":"https:\/\/tmeic.com\/es\/products\/quiosco-de-la-puerta\/","og_site_name":"TMEIC","article_modified_time":"2025-05-27T13:53:04+00:00","og_image":[{"width":1920,"height":1088,"url":"https:\/\/tmeic.com\/wp-content\/uploads\/2025\/05\/gate-suite_gate-kiosk_01-2.jpg","type":"image\/jpeg"}],"twitter_card":"summary_large_image","schema":{"@context":"https:\/\/schema.org","@graph":[{"@type":"WebPage","@id":"https:\/\/tmeic.com\/es\/products\/quiosco-de-la-puerta\/","url":"https:\/\/tmeic.com\/es\/products\/quiosco-de-la-puerta\/","name":"Quiosco de la Puerta - TMEIC","isPartOf":{"@id":"https:\/\/www.tmeic.com\/zh-hans\/#website"},"primaryImageOfPage":{"@id":"https:\/\/tmeic.com\/es\/products\/quiosco-de-la-puerta\/#primaryimage"},"image":{"@id":"https:\/\/tmeic.com\/es\/products\/quiosco-de-la-puerta\/#primaryimage"},"thumbnailUrl":"https:\/\/tmeic.com\/wp-content\/uploads\/2025\/05\/gate-suite_gate-kiosk_01-2.jpg","datePublished":"2025-05-06T18:47:25+00:00","dateModified":"2025-05-27T13:53:04+00:00","breadcrumb":{"@id":"https:\/\/tmeic.com\/es\/products\/quiosco-de-la-puerta\/#breadcrumb"},"inLanguage":"es","potentialAction":[{"@type":"ReadAction","target":["https:\/\/tmeic.com\/es\/products\/quiosco-de-la-puerta\/"]}]},{"@type":"ImageObject","inLanguage":"es","@id":"https:\/\/tmeic.com\/es\/products\/quiosco-de-la-puerta\/#primaryimage","url":"https:\/\/tmeic.com\/wp-content\/uploads\/2025\/05\/gate-suite_gate-kiosk_01-2.jpg","contentUrl":"https:\/\/tmeic.com\/wp-content\/uploads\/2025\/05\/gate-suite_gate-kiosk_01-2.jpg","width":1920,"height":1088},{"@type":"BreadcrumbList","@id":"https:\/\/tmeic.com\/es\/products\/quiosco-de-la-puerta\/#breadcrumb","itemListElement":[{"@type":"ListItem","position":1,"name":"Home","item":"https:\/\/tmeic.com\/es\/"},{"@type":"ListItem","position":2,"name":"Products","item":"https:\/\/www.tmeic.com\/products\/"},{"@type":"ListItem","position":3,"name":"Quiosco de la Puerta"}]},{"@type":"WebSite","@id":"https:\/\/www.tmeic.com\/zh-hans\/#website","url":"https:\/\/www.tmeic.com\/zh-hans\/","name":"TMEIC","description":"","potentialAction":[{"@type":"SearchAction","target":{"@type":"EntryPoint","urlTemplate":"https:\/\/www.tmeic.com\/zh-hans\/?s={search_term_string}"},"query-input":{"@type":"PropertyValueSpecification","valueRequired":true,"valueName":"search_term_string"}}],"inLanguage":"es"}]}},"_links":{"self":[{"href":"https:\/\/tmeic.com\/es\/wp-json\/wp\/v2\/product\/5572","targetHints":{"allow":["GET"]}}],"collection":[{"href":"https:\/\/tmeic.com\/es\/wp-json\/wp\/v2\/product"}],"about":[{"href":"https:\/\/tmeic.com\/es\/wp-json\/wp\/v2\/types\/product"}],"version-history":[{"count":1,"href":"https:\/\/tmeic.com\/es\/wp-json\/wp\/v2\/product\/5572\/revisions"}],"predecessor-version":[{"id":6521,"href":"https:\/\/tmeic.com\/es\/wp-json\/wp\/v2\/product\/5572\/revisions\/6521"}],"wp:featuredmedia":[{"embeddable":true,"href":"https:\/\/tmeic.com\/es\/wp-json\/wp\/v2\/media\/1798"}],"wp:attachment":[{"href":"https:\/\/tmeic.com\/es\/wp-json\/wp\/v2\/media?parent=5572"}],"wp:term":[{"taxonomy":"product_category","embeddable":true,"href":"https:\/\/tmeic.com\/es\/wp-json\/wp\/v2\/product_category?post=5572"},{"taxonomy":"product_region","embeddable":true,"href":"https:\/\/tmeic.com\/es\/wp-json\/wp\/v2\/product_region?post=5572"}],"curies":[{"name":"wp","href":"https:\/\/api.w.org\/{rel}","templated":true}]}}