  {"id":5574,"date":"2025-05-06T19:25:05","date_gmt":"2025-05-06T19:25:05","guid":{"rendered":"https:\/\/tmeic.com\/products\/puerta-lpr\/"},"modified":"2025-05-27T13:53:23","modified_gmt":"2025-05-27T13:53:23","slug":"puerta-lpr","status":"publish","type":"product","link":"https:\/\/tmeic.com\/es\/products\/puerta-lpr\/","title":{"rendered":"Puerta LPR"},"content":{"rendered":"<p class=\"vc_custom_heading vc_custom_1525702699251\"><span style=\"font-size: 16px;\">El m\u00f3dulo GateLPR lee autom\u00e1ticamente las placas de matr\u00edcula de los veh\u00edculos. Se utiliza con frecuencia como herramienta de control de acceso en zonas de estacionamiento, operaciones de peaje, sistemas de puertas y otras zonas restringidas, como las requeridas normalmente en las operaciones de las terminales de contenedores. <\/span><\/p>\n","protected":false},"featured_media":4700,"parent":0,"menu_order":0,"template":"","meta":{"_acf_changed":false,"footnotes":""},"product_category":[],"product_region":[28,27,26],"class_list":["post-5574","product","type-product","status-publish","has-post-thumbnail","hentry","product_region-china","product_region-europe","product_region-india"],"acf":{"hero_type":"simple","theme":"dark","subheading":"Reconocimiento fiable de placas de matr\u00edcula de camiones a trav\u00e9s de PC","certifications":"","downloadable_resources":null},"yoast_head":"<!-- This site is optimized with the Yoast SEO plugin v25.7 - https:\/\/yoast.com\/wordpress\/plugins\/seo\/ -->\n<title>Puerta LPR - TMEIC<\/title>\n<meta name=\"robots\" content=\"index, follow, max-snippet:-1, max-image-preview:large, max-video-preview:-1\" \/>\n<link rel=\"canonical\" href=\"https:\/\/www.tmeic.com\/es\/products\/puerta-lpr\/\" \/>\n<meta property=\"og:locale\" content=\"es_ES\" \/>\n<meta property=\"og:type\" content=\"article\" \/>\n<meta property=\"og:title\" content=\"Puerta LPR - TMEIC\" \/>\n<meta property=\"og:description\" content=\"El m\u00f3dulo GateLPR lee autom\u00e1ticamente las placas de matr\u00edcula de los veh\u00edculos. Se utiliza con frecuencia como herramienta de control de acceso en zonas de estacionamiento, operaciones de peaje, sistemas de puertas y otras zonas restringidas, como las requeridas normalmente en las operaciones de las terminales de contenedores.\" \/>\n<meta property=\"og:url\" content=\"https:\/\/www.tmeic.com\/es\/products\/puerta-lpr\/\" \/>\n<meta property=\"og:site_name\" content=\"TMEIC\" \/>\n<meta property=\"article:modified_time\" content=\"2025-05-27T13:53:23+00:00\" \/>\n<meta property=\"og:image\" content=\"https:\/\/www.tmeic.com\/wp-content\/uploads\/2025\/05\/gate-suite_gate-lpr_03-1.jpg\" \/>\n\t<meta property=\"og:image:width\" content=\"1920\" \/>\n\t<meta property=\"og:image:height\" content=\"1080\" \/>\n\t<meta property=\"og:image:type\" content=\"image\/jpeg\" \/>\n<meta name=\"twitter:card\" content=\"summary_large_image\" \/>\n<script type=\"application\/ld+json\" class=\"yoast-schema-graph\">{\"@context\":\"https:\/\/schema.org\",\"@graph\":[{\"@type\":\"WebPage\",\"@id\":\"https:\/\/www.tmeic.com\/es\/products\/puerta-lpr\/\",\"url\":\"https:\/\/www.tmeic.com\/es\/products\/puerta-lpr\/\",\"name\":\"Puerta LPR - TMEIC\",\"isPartOf\":{\"@id\":\"https:\/\/www.tmeic.com\/zh-hans\/#website\"},\"primaryImageOfPage\":{\"@id\":\"https:\/\/www.tmeic.com\/es\/products\/puerta-lpr\/#primaryimage\"},\"image\":{\"@id\":\"https:\/\/www.tmeic.com\/es\/products\/puerta-lpr\/#primaryimage\"},\"thumbnailUrl\":\"https:\/\/tmeic.com\/wp-content\/uploads\/2025\/05\/gate-suite_gate-lpr_03-1.jpg\",\"datePublished\":\"2025-05-06T19:25:05+00:00\",\"dateModified\":\"2025-05-27T13:53:23+00:00\",\"breadcrumb\":{\"@id\":\"https:\/\/www.tmeic.com\/es\/products\/puerta-lpr\/#breadcrumb\"},\"inLanguage\":\"es\",\"potentialAction\":[{\"@type\":\"ReadAction\",\"target\":[\"https:\/\/www.tmeic.com\/es\/products\/puerta-lpr\/\"]}]},{\"@type\":\"ImageObject\",\"inLanguage\":\"es\",\"@id\":\"https:\/\/www.tmeic.com\/es\/products\/puerta-lpr\/#primaryimage\",\"url\":\"https:\/\/tmeic.com\/wp-content\/uploads\/2025\/05\/gate-suite_gate-lpr_03-1.jpg\",\"contentUrl\":\"https:\/\/tmeic.com\/wp-content\/uploads\/2025\/05\/gate-suite_gate-lpr_03-1.jpg\",\"width\":1920,\"height\":1080},{\"@type\":\"BreadcrumbList\",\"@id\":\"https:\/\/www.tmeic.com\/es\/products\/puerta-lpr\/#breadcrumb\",\"itemListElement\":[{\"@type\":\"ListItem\",\"position\":1,\"name\":\"Home\",\"item\":\"https:\/\/tmeic.com\/es\/\"},{\"@type\":\"ListItem\",\"position\":2,\"name\":\"Products\",\"item\":\"https:\/\/www.tmeic.com\/products\/\"},{\"@type\":\"ListItem\",\"position\":3,\"name\":\"Puerta LPR\"}]},{\"@type\":\"WebSite\",\"@id\":\"https:\/\/www.tmeic.com\/zh-hans\/#website\",\"url\":\"https:\/\/www.tmeic.com\/zh-hans\/\",\"name\":\"TMEIC\",\"description\":\"\",\"potentialAction\":[{\"@type\":\"SearchAction\",\"target\":{\"@type\":\"EntryPoint\",\"urlTemplate\":\"https:\/\/www.tmeic.com\/zh-hans\/?s={search_term_string}\"},\"query-input\":{\"@type\":\"PropertyValueSpecification\",\"valueRequired\":true,\"valueName\":\"search_term_string\"}}],\"inLanguage\":\"es\"}]}<\/script>\n<!-- \/ Yoast SEO plugin. -->","yoast_head_json":{"title":"Puerta LPR - TMEIC","robots":{"index":"index","follow":"follow","max-snippet":"max-snippet:-1","max-image-preview":"max-image-preview:large","max-video-preview":"max-video-preview:-1"},"canonical":"https:\/\/www.tmeic.com\/es\/products\/puerta-lpr\/","og_locale":"es_ES","og_type":"article","og_title":"Puerta LPR - TMEIC","og_description":"El m\u00f3dulo GateLPR lee autom\u00e1ticamente las placas de matr\u00edcula de los veh\u00edculos. Se utiliza con frecuencia como herramienta de control de acceso en zonas de estacionamiento, operaciones de peaje, sistemas de puertas y otras zonas restringidas, como las requeridas normalmente en las operaciones de las terminales de contenedores.","og_url":"https:\/\/www.tmeic.com\/es\/products\/puerta-lpr\/","og_site_name":"TMEIC","article_modified_time":"2025-05-27T13:53:23+00:00","og_image":[{"width":1920,"height":1080,"url":"https:\/\/www.tmeic.com\/wp-content\/uploads\/2025\/05\/gate-suite_gate-lpr_03-1.jpg","type":"image\/jpeg"}],"twitter_card":"summary_large_image","schema":{"@context":"https:\/\/schema.org","@graph":[{"@type":"WebPage","@id":"https:\/\/www.tmeic.com\/es\/products\/puerta-lpr\/","url":"https:\/\/www.tmeic.com\/es\/products\/puerta-lpr\/","name":"Puerta LPR - TMEIC","isPartOf":{"@id":"https:\/\/www.tmeic.com\/zh-hans\/#website"},"primaryImageOfPage":{"@id":"https:\/\/www.tmeic.com\/es\/products\/puerta-lpr\/#primaryimage"},"image":{"@id":"https:\/\/www.tmeic.com\/es\/products\/puerta-lpr\/#primaryimage"},"thumbnailUrl":"https:\/\/tmeic.com\/wp-content\/uploads\/2025\/05\/gate-suite_gate-lpr_03-1.jpg","datePublished":"2025-05-06T19:25:05+00:00","dateModified":"2025-05-27T13:53:23+00:00","breadcrumb":{"@id":"https:\/\/www.tmeic.com\/es\/products\/puerta-lpr\/#breadcrumb"},"inLanguage":"es","potentialAction":[{"@type":"ReadAction","target":["https:\/\/www.tmeic.com\/es\/products\/puerta-lpr\/"]}]},{"@type":"ImageObject","inLanguage":"es","@id":"https:\/\/www.tmeic.com\/es\/products\/puerta-lpr\/#primaryimage","url":"https:\/\/tmeic.com\/wp-content\/uploads\/2025\/05\/gate-suite_gate-lpr_03-1.jpg","contentUrl":"https:\/\/tmeic.com\/wp-content\/uploads\/2025\/05\/gate-suite_gate-lpr_03-1.jpg","width":1920,"height":1080},{"@type":"BreadcrumbList","@id":"https:\/\/www.tmeic.com\/es\/products\/puerta-lpr\/#breadcrumb","itemListElement":[{"@type":"ListItem","position":1,"name":"Home","item":"https:\/\/tmeic.com\/es\/"},{"@type":"ListItem","position":2,"name":"Products","item":"https:\/\/www.tmeic.com\/products\/"},{"@type":"ListItem","position":3,"name":"Puerta LPR"}]},{"@type":"WebSite","@id":"https:\/\/www.tmeic.com\/zh-hans\/#website","url":"https:\/\/www.tmeic.com\/zh-hans\/","name":"TMEIC","description":"","potentialAction":[{"@type":"SearchAction","target":{"@type":"EntryPoint","urlTemplate":"https:\/\/www.tmeic.com\/zh-hans\/?s={search_term_string}"},"query-input":{"@type":"PropertyValueSpecification","valueRequired":true,"valueName":"search_term_string"}}],"inLanguage":"es"}]}},"_links":{"self":[{"href":"https:\/\/tmeic.com\/es\/wp-json\/wp\/v2\/product\/5574","targetHints":{"allow":["GET"]}}],"collection":[{"href":"https:\/\/tmeic.com\/es\/wp-json\/wp\/v2\/product"}],"about":[{"href":"https:\/\/tmeic.com\/es\/wp-json\/wp\/v2\/types\/product"}],"version-history":[{"count":1,"href":"https:\/\/tmeic.com\/es\/wp-json\/wp\/v2\/product\/5574\/revisions"}],"predecessor-version":[{"id":6523,"href":"https:\/\/tmeic.com\/es\/wp-json\/wp\/v2\/product\/5574\/revisions\/6523"}],"wp:featuredmedia":[{"embeddable":true,"href":"https:\/\/tmeic.com\/es\/wp-json\/wp\/v2\/media\/4700"}],"wp:attachment":[{"href":"https:\/\/tmeic.com\/es\/wp-json\/wp\/v2\/media?parent=5574"}],"wp:term":[{"taxonomy":"product_category","embeddable":true,"href":"https:\/\/tmeic.com\/es\/wp-json\/wp\/v2\/product_category?post=5574"},{"taxonomy":"product_region","embeddable":true,"href":"https:\/\/tmeic.com\/es\/wp-json\/wp\/v2\/product_region?post=5574"}],"curies":[{"name":"wp","href":"https:\/\/api.w.org\/{rel}","templated":true}]}}