  {"id":5582,"date":"2025-05-16T22:36:52","date_gmt":"2025-05-16T22:36:52","guid":{"rendered":"https:\/\/tmeic.com\/products\/compensador-multiple-de-caida-de-tension-momentanea\/"},"modified":"2025-05-27T13:56:41","modified_gmt":"2025-05-27T13:56:41","slug":"compensador-multiple-de-caida-de-tension-momentanea","status":"publish","type":"product","link":"https:\/\/tmeic.com\/es\/products\/compensador-multiple-de-caida-de-tension-momentanea\/","title":{"rendered":"Compensador m\u00faltiple de ca\u00edda de tensi\u00f3n moment\u00e1nea"},"content":{"rendered":"<p>&nbsp;<\/p>\n<p style=\"font-weight: 400;\">El MPC es un convertidor bidireccional que utiliza un elemento de almacenamiento de energ\u00eda (como una bater\u00eda o un condensador) y un interruptor de alta velocidad (HSS) para eliminar las ca\u00eddas de tensi\u00f3n que experimenta una instalaci\u00f3n. El MPC es una fuente de energ\u00eda de reserva opcional. <\/p>\n<p>&nbsp;<\/p>\n<p style=\"font-weight: 400;\">Con el MPC, se suministrar\u00e1 la energ\u00eda correcta en todo momento, sin que se produzca la m\u00e1s m\u00ednima ca\u00edda de tensi\u00f3n. El MPC evita da\u00f1os en equipos cr\u00edticos y paradas de planta que pueden producirse por ca\u00eddas moment\u00e1neas de tensi\u00f3n. <\/p>\n","protected":false},"featured_media":475,"parent":0,"menu_order":0,"template":"","meta":{"_acf_changed":false,"footnotes":""},"product_category":[168],"product_region":[28,26],"class_list":["post-5582","product","type-product","status-publish","has-post-thumbnail","hentry","product_category-mpc-es","product_region-china","product_region-india"],"acf":{"hero_type":"standard","theme":"dark","subheading":"","certifications":"","downloadable_resources":null},"yoast_head":"<!-- This site is optimized with the Yoast SEO plugin v25.7 - https:\/\/yoast.com\/wordpress\/plugins\/seo\/ -->\n<title>Compensador m\u00faltiple de ca\u00edda de tensi\u00f3n moment\u00e1nea - TMEIC<\/title>\n<meta name=\"robots\" content=\"index, follow, max-snippet:-1, max-image-preview:large, max-video-preview:-1\" \/>\n<link rel=\"canonical\" href=\"https:\/\/tmeic.com\/es\/products\/compensador-multiple-de-caida-de-tension-momentanea\/\" \/>\n<meta property=\"og:locale\" content=\"es_ES\" \/>\n<meta property=\"og:type\" content=\"article\" \/>\n<meta property=\"og:title\" content=\"Compensador m\u00faltiple de ca\u00edda de tensi\u00f3n moment\u00e1nea - TMEIC\" \/>\n<meta property=\"og:description\" content=\"&nbsp; El MPC es un convertidor bidireccional que utiliza un elemento de almacenamiento de energ\u00eda (como una bater\u00eda o un condensador) y un interruptor de alta velocidad (HSS) para eliminar las ca\u00eddas de tensi\u00f3n que experimenta una instalaci\u00f3n. El MPC es una fuente de energ\u00eda de reserva opcional. &nbsp; Con el MPC, se suministrar\u00e1 la [&hellip;]\" \/>\n<meta property=\"og:url\" content=\"https:\/\/tmeic.com\/es\/products\/compensador-multiple-de-caida-de-tension-momentanea\/\" \/>\n<meta property=\"og:site_name\" content=\"TMEIC\" \/>\n<meta property=\"article:modified_time\" content=\"2025-05-27T13:56:41+00:00\" \/>\n<meta property=\"og:image\" content=\"https:\/\/tmeic.com\/wp-content\/uploads\/2025\/04\/banner_mpc-removebg.png\" \/>\n\t<meta property=\"og:image:width\" content=\"663\" \/>\n\t<meta property=\"og:image:height\" content=\"376\" \/>\n\t<meta property=\"og:image:type\" content=\"image\/png\" \/>\n<meta name=\"twitter:card\" content=\"summary_large_image\" \/>\n<meta name=\"twitter:label1\" content=\"Est. reading time\" \/>\n\t<meta name=\"twitter:data1\" content=\"1 minuto\" \/>\n<script type=\"application\/ld+json\" class=\"yoast-schema-graph\">{\"@context\":\"https:\/\/schema.org\",\"@graph\":[{\"@type\":\"WebPage\",\"@id\":\"https:\/\/tmeic.com\/es\/products\/compensador-multiple-de-caida-de-tension-momentanea\/\",\"url\":\"https:\/\/tmeic.com\/es\/products\/compensador-multiple-de-caida-de-tension-momentanea\/\",\"name\":\"Compensador m\u00faltiple de ca\u00edda de tensi\u00f3n moment\u00e1nea - TMEIC\",\"isPartOf\":{\"@id\":\"https:\/\/www.tmeic.com\/zh-hans\/#website\"},\"primaryImageOfPage\":{\"@id\":\"https:\/\/tmeic.com\/es\/products\/compensador-multiple-de-caida-de-tension-momentanea\/#primaryimage\"},\"image\":{\"@id\":\"https:\/\/tmeic.com\/es\/products\/compensador-multiple-de-caida-de-tension-momentanea\/#primaryimage\"},\"thumbnailUrl\":\"https:\/\/tmeic.com\/wp-content\/uploads\/2025\/04\/banner_mpc-removebg.png\",\"datePublished\":\"2025-05-16T22:36:52+00:00\",\"dateModified\":\"2025-05-27T13:56:41+00:00\",\"breadcrumb\":{\"@id\":\"https:\/\/tmeic.com\/es\/products\/compensador-multiple-de-caida-de-tension-momentanea\/#breadcrumb\"},\"inLanguage\":\"es\",\"potentialAction\":[{\"@type\":\"ReadAction\",\"target\":[\"https:\/\/tmeic.com\/es\/products\/compensador-multiple-de-caida-de-tension-momentanea\/\"]}]},{\"@type\":\"ImageObject\",\"inLanguage\":\"es\",\"@id\":\"https:\/\/tmeic.com\/es\/products\/compensador-multiple-de-caida-de-tension-momentanea\/#primaryimage\",\"url\":\"https:\/\/tmeic.com\/wp-content\/uploads\/2025\/04\/banner_mpc-removebg.png\",\"contentUrl\":\"https:\/\/tmeic.com\/wp-content\/uploads\/2025\/04\/banner_mpc-removebg.png\",\"width\":663,\"height\":376},{\"@type\":\"BreadcrumbList\",\"@id\":\"https:\/\/tmeic.com\/es\/products\/compensador-multiple-de-caida-de-tension-momentanea\/#breadcrumb\",\"itemListElement\":[{\"@type\":\"ListItem\",\"position\":1,\"name\":\"Home\",\"item\":\"https:\/\/tmeic.com\/es\/\"},{\"@type\":\"ListItem\",\"position\":2,\"name\":\"Products\",\"item\":\"https:\/\/www.tmeic.com\/products\/\"},{\"@type\":\"ListItem\",\"position\":3,\"name\":\"Compensador m\u00faltiple de ca\u00edda de tensi\u00f3n moment\u00e1nea\"}]},{\"@type\":\"WebSite\",\"@id\":\"https:\/\/www.tmeic.com\/zh-hans\/#website\",\"url\":\"https:\/\/www.tmeic.com\/zh-hans\/\",\"name\":\"TMEIC\",\"description\":\"\",\"potentialAction\":[{\"@type\":\"SearchAction\",\"target\":{\"@type\":\"EntryPoint\",\"urlTemplate\":\"https:\/\/www.tmeic.com\/zh-hans\/?s={search_term_string}\"},\"query-input\":{\"@type\":\"PropertyValueSpecification\",\"valueRequired\":true,\"valueName\":\"search_term_string\"}}],\"inLanguage\":\"es\"}]}<\/script>\n<!-- \/ Yoast SEO plugin. -->","yoast_head_json":{"title":"Compensador m\u00faltiple de ca\u00edda de tensi\u00f3n moment\u00e1nea - TMEIC","robots":{"index":"index","follow":"follow","max-snippet":"max-snippet:-1","max-image-preview":"max-image-preview:large","max-video-preview":"max-video-preview:-1"},"canonical":"https:\/\/tmeic.com\/es\/products\/compensador-multiple-de-caida-de-tension-momentanea\/","og_locale":"es_ES","og_type":"article","og_title":"Compensador m\u00faltiple de ca\u00edda de tensi\u00f3n moment\u00e1nea - TMEIC","og_description":"&nbsp; El MPC es un convertidor bidireccional que utiliza un elemento de almacenamiento de energ\u00eda (como una bater\u00eda o un condensador) y un interruptor de alta velocidad (HSS) para eliminar las ca\u00eddas de tensi\u00f3n que experimenta una instalaci\u00f3n. El MPC es una fuente de energ\u00eda de reserva opcional. &nbsp; Con el MPC, se suministrar\u00e1 la [&hellip;]","og_url":"https:\/\/tmeic.com\/es\/products\/compensador-multiple-de-caida-de-tension-momentanea\/","og_site_name":"TMEIC","article_modified_time":"2025-05-27T13:56:41+00:00","og_image":[{"width":663,"height":376,"url":"https:\/\/tmeic.com\/wp-content\/uploads\/2025\/04\/banner_mpc-removebg.png","type":"image\/png"}],"twitter_card":"summary_large_image","twitter_misc":{"Est. reading time":"1 minuto"},"schema":{"@context":"https:\/\/schema.org","@graph":[{"@type":"WebPage","@id":"https:\/\/tmeic.com\/es\/products\/compensador-multiple-de-caida-de-tension-momentanea\/","url":"https:\/\/tmeic.com\/es\/products\/compensador-multiple-de-caida-de-tension-momentanea\/","name":"Compensador m\u00faltiple de ca\u00edda de tensi\u00f3n moment\u00e1nea - TMEIC","isPartOf":{"@id":"https:\/\/www.tmeic.com\/zh-hans\/#website"},"primaryImageOfPage":{"@id":"https:\/\/tmeic.com\/es\/products\/compensador-multiple-de-caida-de-tension-momentanea\/#primaryimage"},"image":{"@id":"https:\/\/tmeic.com\/es\/products\/compensador-multiple-de-caida-de-tension-momentanea\/#primaryimage"},"thumbnailUrl":"https:\/\/tmeic.com\/wp-content\/uploads\/2025\/04\/banner_mpc-removebg.png","datePublished":"2025-05-16T22:36:52+00:00","dateModified":"2025-05-27T13:56:41+00:00","breadcrumb":{"@id":"https:\/\/tmeic.com\/es\/products\/compensador-multiple-de-caida-de-tension-momentanea\/#breadcrumb"},"inLanguage":"es","potentialAction":[{"@type":"ReadAction","target":["https:\/\/tmeic.com\/es\/products\/compensador-multiple-de-caida-de-tension-momentanea\/"]}]},{"@type":"ImageObject","inLanguage":"es","@id":"https:\/\/tmeic.com\/es\/products\/compensador-multiple-de-caida-de-tension-momentanea\/#primaryimage","url":"https:\/\/tmeic.com\/wp-content\/uploads\/2025\/04\/banner_mpc-removebg.png","contentUrl":"https:\/\/tmeic.com\/wp-content\/uploads\/2025\/04\/banner_mpc-removebg.png","width":663,"height":376},{"@type":"BreadcrumbList","@id":"https:\/\/tmeic.com\/es\/products\/compensador-multiple-de-caida-de-tension-momentanea\/#breadcrumb","itemListElement":[{"@type":"ListItem","position":1,"name":"Home","item":"https:\/\/tmeic.com\/es\/"},{"@type":"ListItem","position":2,"name":"Products","item":"https:\/\/www.tmeic.com\/products\/"},{"@type":"ListItem","position":3,"name":"Compensador m\u00faltiple de ca\u00edda de tensi\u00f3n moment\u00e1nea"}]},{"@type":"WebSite","@id":"https:\/\/www.tmeic.com\/zh-hans\/#website","url":"https:\/\/www.tmeic.com\/zh-hans\/","name":"TMEIC","description":"","potentialAction":[{"@type":"SearchAction","target":{"@type":"EntryPoint","urlTemplate":"https:\/\/www.tmeic.com\/zh-hans\/?s={search_term_string}"},"query-input":{"@type":"PropertyValueSpecification","valueRequired":true,"valueName":"search_term_string"}}],"inLanguage":"es"}]}},"_links":{"self":[{"href":"https:\/\/tmeic.com\/es\/wp-json\/wp\/v2\/product\/5582","targetHints":{"allow":["GET"]}}],"collection":[{"href":"https:\/\/tmeic.com\/es\/wp-json\/wp\/v2\/product"}],"about":[{"href":"https:\/\/tmeic.com\/es\/wp-json\/wp\/v2\/types\/product"}],"version-history":[{"count":1,"href":"https:\/\/tmeic.com\/es\/wp-json\/wp\/v2\/product\/5582\/revisions"}],"predecessor-version":[{"id":6529,"href":"https:\/\/tmeic.com\/es\/wp-json\/wp\/v2\/product\/5582\/revisions\/6529"}],"wp:featuredmedia":[{"embeddable":true,"href":"https:\/\/tmeic.com\/es\/wp-json\/wp\/v2\/media\/475"}],"wp:attachment":[{"href":"https:\/\/tmeic.com\/es\/wp-json\/wp\/v2\/media?parent=5582"}],"wp:term":[{"taxonomy":"product_category","embeddable":true,"href":"https:\/\/tmeic.com\/es\/wp-json\/wp\/v2\/product_category?post=5582"},{"taxonomy":"product_region","embeddable":true,"href":"https:\/\/tmeic.com\/es\/wp-json\/wp\/v2\/product_region?post=5582"}],"curies":[{"name":"wp","href":"https:\/\/api.w.org\/{rel}","templated":true}]}}