  {"id":5600,"date":"2025-05-16T22:45:10","date_gmt":"2025-05-16T22:45:10","guid":{"rendered":"https:\/\/tmeic.com\/products\/trenes-de-laminacion\/"},"modified":"2025-05-27T14:03:36","modified_gmt":"2025-05-27T14:03:36","slug":"trenes-de-laminacion","status":"publish","type":"product","link":"https:\/\/tmeic.com\/es\/products\/trenes-de-laminacion\/","title":{"rendered":"Trenes de laminaci\u00f3n"},"content":{"rendered":"<p><span class=\"TextRun SCXW147387362 BCX0\" lang=\"EN-US\" data-contrast=\"none\" xml:lang=\"EN-US\"><span class=\"NormalTextRun SCXW147387362 BCX0\">Los sistemas de accionamiento de motor de velocidad regulable de CA son la tecnolog\u00eda preferida para las nuevas instalaciones de trenes de laminaci\u00f3n y los proyectos de modernizaci\u00f3n.<\/span><\/span><span class=\"EOP SCXW147387362 BCX0\" data-ccp-props=\"{\"201341983\":0,\"335559738\":80,\"335559739\":0,\"335559740\":288}\"> <\/span><\/p>\n","protected":false},"featured_media":816,"parent":0,"menu_order":0,"template":"","meta":{"_acf_changed":false,"footnotes":""},"product_category":[142,144],"product_region":[],"class_list":["post-5600","product","type-product","status-publish","has-post-thumbnail","hentry","product_category-motors-es","product_category-ac-motors-es"],"acf":{"hero_type":"standard","theme":"light","subheading":"","certifications":"","downloadable_resources":null},"yoast_head":"<!-- This site is optimized with the Yoast SEO plugin v25.7 - https:\/\/yoast.com\/wordpress\/plugins\/seo\/ -->\n<title>Trenes de laminaci\u00f3n - TMEIC<\/title>\n<meta name=\"robots\" content=\"index, follow, max-snippet:-1, max-image-preview:large, max-video-preview:-1\" \/>\n<link rel=\"canonical\" href=\"https:\/\/tmeic.com\/es\/products\/trenes-de-laminacion\/\" \/>\n<meta property=\"og:locale\" content=\"es_ES\" \/>\n<meta property=\"og:type\" content=\"article\" \/>\n<meta property=\"og:title\" content=\"Trenes de laminaci\u00f3n - TMEIC\" \/>\n<meta property=\"og:description\" content=\"Los sistemas de accionamiento de motor de velocidad regulable de CA son la tecnolog\u00eda preferida para las nuevas instalaciones de trenes de laminaci\u00f3n y los proyectos de modernizaci\u00f3n.\" \/>\n<meta property=\"og:url\" content=\"https:\/\/tmeic.com\/es\/products\/trenes-de-laminacion\/\" \/>\n<meta property=\"og:site_name\" content=\"TMEIC\" \/>\n<meta property=\"article:modified_time\" content=\"2025-05-27T14:03:36+00:00\" \/>\n<meta property=\"og:image\" content=\"https:\/\/tmeic.com\/wp-content\/uploads\/2025\/04\/product-motor-metals-rolling-mills.png\" \/>\n\t<meta property=\"og:image:width\" content=\"657\" \/>\n\t<meta property=\"og:image:height\" content=\"445\" \/>\n\t<meta property=\"og:image:type\" content=\"image\/png\" \/>\n<meta name=\"twitter:card\" content=\"summary_large_image\" \/>\n<script type=\"application\/ld+json\" class=\"yoast-schema-graph\">{\"@context\":\"https:\/\/schema.org\",\"@graph\":[{\"@type\":\"WebPage\",\"@id\":\"https:\/\/tmeic.com\/es\/products\/trenes-de-laminacion\/\",\"url\":\"https:\/\/tmeic.com\/es\/products\/trenes-de-laminacion\/\",\"name\":\"Trenes de laminaci\u00f3n - TMEIC\",\"isPartOf\":{\"@id\":\"https:\/\/www.tmeic.com\/zh-hans\/#website\"},\"primaryImageOfPage\":{\"@id\":\"https:\/\/tmeic.com\/es\/products\/trenes-de-laminacion\/#primaryimage\"},\"image\":{\"@id\":\"https:\/\/tmeic.com\/es\/products\/trenes-de-laminacion\/#primaryimage\"},\"thumbnailUrl\":\"https:\/\/tmeic.com\/wp-content\/uploads\/2025\/04\/product-motor-metals-rolling-mills.png\",\"datePublished\":\"2025-05-16T22:45:10+00:00\",\"dateModified\":\"2025-05-27T14:03:36+00:00\",\"breadcrumb\":{\"@id\":\"https:\/\/tmeic.com\/es\/products\/trenes-de-laminacion\/#breadcrumb\"},\"inLanguage\":\"es\",\"potentialAction\":[{\"@type\":\"ReadAction\",\"target\":[\"https:\/\/tmeic.com\/es\/products\/trenes-de-laminacion\/\"]}]},{\"@type\":\"ImageObject\",\"inLanguage\":\"es\",\"@id\":\"https:\/\/tmeic.com\/es\/products\/trenes-de-laminacion\/#primaryimage\",\"url\":\"https:\/\/tmeic.com\/wp-content\/uploads\/2025\/04\/product-motor-metals-rolling-mills.png\",\"contentUrl\":\"https:\/\/tmeic.com\/wp-content\/uploads\/2025\/04\/product-motor-metals-rolling-mills.png\",\"width\":657,\"height\":445},{\"@type\":\"BreadcrumbList\",\"@id\":\"https:\/\/tmeic.com\/es\/products\/trenes-de-laminacion\/#breadcrumb\",\"itemListElement\":[{\"@type\":\"ListItem\",\"position\":1,\"name\":\"Home\",\"item\":\"https:\/\/tmeic.com\/es\/\"},{\"@type\":\"ListItem\",\"position\":2,\"name\":\"Products\",\"item\":\"https:\/\/www.tmeic.com\/products\/\"},{\"@type\":\"ListItem\",\"position\":3,\"name\":\"Trenes de laminaci\u00f3n\"}]},{\"@type\":\"WebSite\",\"@id\":\"https:\/\/www.tmeic.com\/zh-hans\/#website\",\"url\":\"https:\/\/www.tmeic.com\/zh-hans\/\",\"name\":\"TMEIC\",\"description\":\"\",\"potentialAction\":[{\"@type\":\"SearchAction\",\"target\":{\"@type\":\"EntryPoint\",\"urlTemplate\":\"https:\/\/www.tmeic.com\/zh-hans\/?s={search_term_string}\"},\"query-input\":{\"@type\":\"PropertyValueSpecification\",\"valueRequired\":true,\"valueName\":\"search_term_string\"}}],\"inLanguage\":\"es\"}]}<\/script>\n<!-- \/ Yoast SEO plugin. -->","yoast_head_json":{"title":"Trenes de laminaci\u00f3n - TMEIC","robots":{"index":"index","follow":"follow","max-snippet":"max-snippet:-1","max-image-preview":"max-image-preview:large","max-video-preview":"max-video-preview:-1"},"canonical":"https:\/\/tmeic.com\/es\/products\/trenes-de-laminacion\/","og_locale":"es_ES","og_type":"article","og_title":"Trenes de laminaci\u00f3n - TMEIC","og_description":"Los sistemas de accionamiento de motor de velocidad regulable de CA son la tecnolog\u00eda preferida para las nuevas instalaciones de trenes de laminaci\u00f3n y los proyectos de modernizaci\u00f3n.","og_url":"https:\/\/tmeic.com\/es\/products\/trenes-de-laminacion\/","og_site_name":"TMEIC","article_modified_time":"2025-05-27T14:03:36+00:00","og_image":[{"width":657,"height":445,"url":"https:\/\/tmeic.com\/wp-content\/uploads\/2025\/04\/product-motor-metals-rolling-mills.png","type":"image\/png"}],"twitter_card":"summary_large_image","schema":{"@context":"https:\/\/schema.org","@graph":[{"@type":"WebPage","@id":"https:\/\/tmeic.com\/es\/products\/trenes-de-laminacion\/","url":"https:\/\/tmeic.com\/es\/products\/trenes-de-laminacion\/","name":"Trenes de laminaci\u00f3n - TMEIC","isPartOf":{"@id":"https:\/\/www.tmeic.com\/zh-hans\/#website"},"primaryImageOfPage":{"@id":"https:\/\/tmeic.com\/es\/products\/trenes-de-laminacion\/#primaryimage"},"image":{"@id":"https:\/\/tmeic.com\/es\/products\/trenes-de-laminacion\/#primaryimage"},"thumbnailUrl":"https:\/\/tmeic.com\/wp-content\/uploads\/2025\/04\/product-motor-metals-rolling-mills.png","datePublished":"2025-05-16T22:45:10+00:00","dateModified":"2025-05-27T14:03:36+00:00","breadcrumb":{"@id":"https:\/\/tmeic.com\/es\/products\/trenes-de-laminacion\/#breadcrumb"},"inLanguage":"es","potentialAction":[{"@type":"ReadAction","target":["https:\/\/tmeic.com\/es\/products\/trenes-de-laminacion\/"]}]},{"@type":"ImageObject","inLanguage":"es","@id":"https:\/\/tmeic.com\/es\/products\/trenes-de-laminacion\/#primaryimage","url":"https:\/\/tmeic.com\/wp-content\/uploads\/2025\/04\/product-motor-metals-rolling-mills.png","contentUrl":"https:\/\/tmeic.com\/wp-content\/uploads\/2025\/04\/product-motor-metals-rolling-mills.png","width":657,"height":445},{"@type":"BreadcrumbList","@id":"https:\/\/tmeic.com\/es\/products\/trenes-de-laminacion\/#breadcrumb","itemListElement":[{"@type":"ListItem","position":1,"name":"Home","item":"https:\/\/tmeic.com\/es\/"},{"@type":"ListItem","position":2,"name":"Products","item":"https:\/\/www.tmeic.com\/products\/"},{"@type":"ListItem","position":3,"name":"Trenes de laminaci\u00f3n"}]},{"@type":"WebSite","@id":"https:\/\/www.tmeic.com\/zh-hans\/#website","url":"https:\/\/www.tmeic.com\/zh-hans\/","name":"TMEIC","description":"","potentialAction":[{"@type":"SearchAction","target":{"@type":"EntryPoint","urlTemplate":"https:\/\/www.tmeic.com\/zh-hans\/?s={search_term_string}"},"query-input":{"@type":"PropertyValueSpecification","valueRequired":true,"valueName":"search_term_string"}}],"inLanguage":"es"}]}},"_links":{"self":[{"href":"https:\/\/tmeic.com\/es\/wp-json\/wp\/v2\/product\/5600","targetHints":{"allow":["GET"]}}],"collection":[{"href":"https:\/\/tmeic.com\/es\/wp-json\/wp\/v2\/product"}],"about":[{"href":"https:\/\/tmeic.com\/es\/wp-json\/wp\/v2\/types\/product"}],"version-history":[{"count":1,"href":"https:\/\/tmeic.com\/es\/wp-json\/wp\/v2\/product\/5600\/revisions"}],"predecessor-version":[{"id":6539,"href":"https:\/\/tmeic.com\/es\/wp-json\/wp\/v2\/product\/5600\/revisions\/6539"}],"wp:featuredmedia":[{"embeddable":true,"href":"https:\/\/tmeic.com\/es\/wp-json\/wp\/v2\/media\/816"}],"wp:attachment":[{"href":"https:\/\/tmeic.com\/es\/wp-json\/wp\/v2\/media?parent=5600"}],"wp:term":[{"taxonomy":"product_category","embeddable":true,"href":"https:\/\/tmeic.com\/es\/wp-json\/wp\/v2\/product_category?post=5600"},{"taxonomy":"product_region","embeddable":true,"href":"https:\/\/tmeic.com\/es\/wp-json\/wp\/v2\/product_region?post=5600"}],"curies":[{"name":"wp","href":"https:\/\/api.w.org\/{rel}","templated":true}]}}