  {"id":5602,"date":"2025-05-16T22:45:17","date_gmt":"2025-05-16T22:45:17","guid":{"rendered":"https:\/\/tmeic.com\/products\/solar-ware-2700\/"},"modified":"2025-05-27T14:07:00","modified_gmt":"2025-05-27T14:07:00","slug":"solar-ware-2700","status":"publish","type":"product","link":"https:\/\/tmeic.com\/es\/products\/solar-ware-2700\/","title":{"rendered":"Solar Ware 2700"},"content":{"rendered":"<p>&nbsp;<\/p>\n<p>&nbsp;<\/p>\n<p style=\"font-weight: 400;\">SOLAR WARE 2700 es uno de los mayores inversores fotovoltaicos centrales de la clase de potencia de 1500 V. La primera tecnolog\u00eda de refrigeraci\u00f3n h\u00edbrida basada en tubos de calor implementada en una soluci\u00f3n de inversor fotovoltaico a escala de servicio p\u00fablico que proporciona un modelo opex \u00f3ptimo. <\/p>\n","protected":false},"featured_media":8630,"parent":0,"menu_order":0,"template":"","meta":{"_acf_changed":false,"footnotes":""},"product_category":[161],"product_region":[31,29,28,27,25],"class_list":["post-5602","product","type-product","status-publish","has-post-thumbnail","hentry","product_category-pv-inverters-es","product_region-africa","product_region-australia","product_region-china","product_region-europe","product_region-middle-east"],"acf":{"hero_type":"standard","theme":"dark","subheading":"","certifications":[426,1938],"downloadable_resources":null},"yoast_head":"<!-- This site is optimized with the Yoast SEO plugin v25.7 - https:\/\/yoast.com\/wordpress\/plugins\/seo\/ -->\n<title>Solar Ware 2700 - TMEIC<\/title>\n<meta name=\"robots\" content=\"index, follow, max-snippet:-1, max-image-preview:large, max-video-preview:-1\" \/>\n<link rel=\"canonical\" href=\"https:\/\/tmeic.com\/es\/products\/solar-ware-2700\/\" \/>\n<meta property=\"og:locale\" content=\"es_ES\" \/>\n<meta property=\"og:type\" content=\"article\" \/>\n<meta property=\"og:title\" content=\"Solar Ware 2700 - TMEIC\" \/>\n<meta property=\"og:description\" content=\"&nbsp; &nbsp; SOLAR WARE 2700 es uno de los mayores inversores fotovoltaicos centrales de la clase de potencia de 1500 V. La primera tecnolog\u00eda de refrigeraci\u00f3n h\u00edbrida basada en tubos de calor implementada en una soluci\u00f3n de inversor fotovoltaico a escala de servicio p\u00fablico que proporciona un modelo opex \u00f3ptimo.\" \/>\n<meta property=\"og:url\" content=\"https:\/\/tmeic.com\/es\/products\/solar-ware-2700\/\" \/>\n<meta property=\"og:site_name\" content=\"TMEIC\" \/>\n<meta property=\"article:modified_time\" content=\"2025-05-27T14:07:00+00:00\" \/>\n<meta property=\"og:image\" content=\"https:\/\/tmeic.com\/wp-content\/uploads\/2025\/10\/solar-ware-2700-and-2500_1500v-1.png\" \/>\n\t<meta property=\"og:image:width\" content=\"922\" \/>\n\t<meta property=\"og:image:height\" content=\"707\" \/>\n\t<meta property=\"og:image:type\" content=\"image\/png\" \/>\n<meta name=\"twitter:card\" content=\"summary_large_image\" \/>\n<script type=\"application\/ld+json\" class=\"yoast-schema-graph\">{\"@context\":\"https:\/\/schema.org\",\"@graph\":[{\"@type\":\"WebPage\",\"@id\":\"https:\/\/tmeic.com\/es\/products\/solar-ware-2700\/\",\"url\":\"https:\/\/tmeic.com\/es\/products\/solar-ware-2700\/\",\"name\":\"Solar Ware 2700 - TMEIC\",\"isPartOf\":{\"@id\":\"https:\/\/www.tmeic.com\/zh-hans\/#website\"},\"primaryImageOfPage\":{\"@id\":\"https:\/\/tmeic.com\/es\/products\/solar-ware-2700\/#primaryimage\"},\"image\":{\"@id\":\"https:\/\/tmeic.com\/es\/products\/solar-ware-2700\/#primaryimage\"},\"thumbnailUrl\":\"https:\/\/tmeic.com\/wp-content\/uploads\/2025\/10\/solar-ware-2700-and-2500_1500v-1.png\",\"datePublished\":\"2025-05-16T22:45:17+00:00\",\"dateModified\":\"2025-05-27T14:07:00+00:00\",\"breadcrumb\":{\"@id\":\"https:\/\/tmeic.com\/es\/products\/solar-ware-2700\/#breadcrumb\"},\"inLanguage\":\"es\",\"potentialAction\":[{\"@type\":\"ReadAction\",\"target\":[\"https:\/\/tmeic.com\/es\/products\/solar-ware-2700\/\"]}]},{\"@type\":\"ImageObject\",\"inLanguage\":\"es\",\"@id\":\"https:\/\/tmeic.com\/es\/products\/solar-ware-2700\/#primaryimage\",\"url\":\"https:\/\/tmeic.com\/wp-content\/uploads\/2025\/10\/solar-ware-2700-and-2500_1500v-1.png\",\"contentUrl\":\"https:\/\/tmeic.com\/wp-content\/uploads\/2025\/10\/solar-ware-2700-and-2500_1500v-1.png\",\"width\":922,\"height\":707,\"caption\":\"Solar Ware 2700 PV inverter\"},{\"@type\":\"BreadcrumbList\",\"@id\":\"https:\/\/tmeic.com\/es\/products\/solar-ware-2700\/#breadcrumb\",\"itemListElement\":[{\"@type\":\"ListItem\",\"position\":1,\"name\":\"Home\",\"item\":\"https:\/\/tmeic.com\/es\/\"},{\"@type\":\"ListItem\",\"position\":2,\"name\":\"Products\",\"item\":\"https:\/\/www.tmeic.com\/products\/\"},{\"@type\":\"ListItem\",\"position\":3,\"name\":\"Solar Ware 2700\"}]},{\"@type\":\"WebSite\",\"@id\":\"https:\/\/www.tmeic.com\/zh-hans\/#website\",\"url\":\"https:\/\/www.tmeic.com\/zh-hans\/\",\"name\":\"TMEIC\",\"description\":\"\",\"potentialAction\":[{\"@type\":\"SearchAction\",\"target\":{\"@type\":\"EntryPoint\",\"urlTemplate\":\"https:\/\/www.tmeic.com\/zh-hans\/?s={search_term_string}\"},\"query-input\":{\"@type\":\"PropertyValueSpecification\",\"valueRequired\":true,\"valueName\":\"search_term_string\"}}],\"inLanguage\":\"es\"}]}<\/script>\n<!-- \/ Yoast SEO plugin. -->","yoast_head_json":{"title":"Solar Ware 2700 - TMEIC","robots":{"index":"index","follow":"follow","max-snippet":"max-snippet:-1","max-image-preview":"max-image-preview:large","max-video-preview":"max-video-preview:-1"},"canonical":"https:\/\/tmeic.com\/es\/products\/solar-ware-2700\/","og_locale":"es_ES","og_type":"article","og_title":"Solar Ware 2700 - TMEIC","og_description":"&nbsp; &nbsp; SOLAR WARE 2700 es uno de los mayores inversores fotovoltaicos centrales de la clase de potencia de 1500 V. La primera tecnolog\u00eda de refrigeraci\u00f3n h\u00edbrida basada en tubos de calor implementada en una soluci\u00f3n de inversor fotovoltaico a escala de servicio p\u00fablico que proporciona un modelo opex \u00f3ptimo.","og_url":"https:\/\/tmeic.com\/es\/products\/solar-ware-2700\/","og_site_name":"TMEIC","article_modified_time":"2025-05-27T14:07:00+00:00","og_image":[{"width":922,"height":707,"url":"https:\/\/tmeic.com\/wp-content\/uploads\/2025\/10\/solar-ware-2700-and-2500_1500v-1.png","type":"image\/png"}],"twitter_card":"summary_large_image","schema":{"@context":"https:\/\/schema.org","@graph":[{"@type":"WebPage","@id":"https:\/\/tmeic.com\/es\/products\/solar-ware-2700\/","url":"https:\/\/tmeic.com\/es\/products\/solar-ware-2700\/","name":"Solar Ware 2700 - TMEIC","isPartOf":{"@id":"https:\/\/www.tmeic.com\/zh-hans\/#website"},"primaryImageOfPage":{"@id":"https:\/\/tmeic.com\/es\/products\/solar-ware-2700\/#primaryimage"},"image":{"@id":"https:\/\/tmeic.com\/es\/products\/solar-ware-2700\/#primaryimage"},"thumbnailUrl":"https:\/\/tmeic.com\/wp-content\/uploads\/2025\/10\/solar-ware-2700-and-2500_1500v-1.png","datePublished":"2025-05-16T22:45:17+00:00","dateModified":"2025-05-27T14:07:00+00:00","breadcrumb":{"@id":"https:\/\/tmeic.com\/es\/products\/solar-ware-2700\/#breadcrumb"},"inLanguage":"es","potentialAction":[{"@type":"ReadAction","target":["https:\/\/tmeic.com\/es\/products\/solar-ware-2700\/"]}]},{"@type":"ImageObject","inLanguage":"es","@id":"https:\/\/tmeic.com\/es\/products\/solar-ware-2700\/#primaryimage","url":"https:\/\/tmeic.com\/wp-content\/uploads\/2025\/10\/solar-ware-2700-and-2500_1500v-1.png","contentUrl":"https:\/\/tmeic.com\/wp-content\/uploads\/2025\/10\/solar-ware-2700-and-2500_1500v-1.png","width":922,"height":707,"caption":"Solar Ware 2700 PV inverter"},{"@type":"BreadcrumbList","@id":"https:\/\/tmeic.com\/es\/products\/solar-ware-2700\/#breadcrumb","itemListElement":[{"@type":"ListItem","position":1,"name":"Home","item":"https:\/\/tmeic.com\/es\/"},{"@type":"ListItem","position":2,"name":"Products","item":"https:\/\/www.tmeic.com\/products\/"},{"@type":"ListItem","position":3,"name":"Solar Ware 2700"}]},{"@type":"WebSite","@id":"https:\/\/www.tmeic.com\/zh-hans\/#website","url":"https:\/\/www.tmeic.com\/zh-hans\/","name":"TMEIC","description":"","potentialAction":[{"@type":"SearchAction","target":{"@type":"EntryPoint","urlTemplate":"https:\/\/www.tmeic.com\/zh-hans\/?s={search_term_string}"},"query-input":{"@type":"PropertyValueSpecification","valueRequired":true,"valueName":"search_term_string"}}],"inLanguage":"es"}]}},"_links":{"self":[{"href":"https:\/\/tmeic.com\/es\/wp-json\/wp\/v2\/product\/5602","targetHints":{"allow":["GET"]}}],"collection":[{"href":"https:\/\/tmeic.com\/es\/wp-json\/wp\/v2\/product"}],"about":[{"href":"https:\/\/tmeic.com\/es\/wp-json\/wp\/v2\/types\/product"}],"version-history":[{"count":1,"href":"https:\/\/tmeic.com\/es\/wp-json\/wp\/v2\/product\/5602\/revisions"}],"predecessor-version":[{"id":5781,"href":"https:\/\/tmeic.com\/es\/wp-json\/wp\/v2\/product\/5602\/revisions\/5781"}],"acf:post":[{"embeddable":true,"href":"https:\/\/tmeic.com\/es\/wp-json\/wp\/v2\/certifications\/1938"},{"embeddable":true,"href":"https:\/\/tmeic.com\/es\/wp-json\/wp\/v2\/certifications\/426"}],"wp:featuredmedia":[{"embeddable":true,"href":"https:\/\/tmeic.com\/es\/wp-json\/wp\/v2\/media\/8630"}],"wp:attachment":[{"href":"https:\/\/tmeic.com\/es\/wp-json\/wp\/v2\/media?parent=5602"}],"wp:term":[{"taxonomy":"product_category","embeddable":true,"href":"https:\/\/tmeic.com\/es\/wp-json\/wp\/v2\/product_category?post=5602"},{"taxonomy":"product_region","embeddable":true,"href":"https:\/\/tmeic.com\/es\/wp-json\/wp\/v2\/product_region?post=5602"}],"curies":[{"name":"wp","href":"https:\/\/api.w.org\/{rel}","templated":true}]}}