  {"id":5608,"date":"2025-05-16T22:45:19","date_gmt":"2025-05-16T22:45:19","guid":{"rendered":"https:\/\/tmeic.com\/products\/solar-ware-500\/"},"modified":"2025-05-27T14:08:06","modified_gmt":"2025-05-27T14:08:06","slug":"solar-ware-500","status":"publish","type":"product","link":"https:\/\/tmeic.com\/es\/products\/solar-ware-500\/","title":{"rendered":"Solar Ware 500"},"content":{"rendered":"<p>&nbsp;<\/p>\n<p>&nbsp;<\/p>\n<p style=\"font-weight: 400;\">Los inversores a escala de servicios p\u00fablicos de TMEIC incluyen la \u00faltima tecnolog\u00eda de interconexi\u00f3n. El SOLAR WARE 500 es un avanzado sistema de inversores multinivel que ofrece hasta 500 kW, con un rango operativo de 320 ~ 600 V. <\/p>\n","protected":false},"featured_media":885,"parent":0,"menu_order":0,"template":"","meta":{"_acf_changed":false,"footnotes":""},"product_category":[161],"product_region":[31,29,28,27,25],"class_list":["post-5608","product","type-product","status-publish","has-post-thumbnail","hentry","product_category-pv-inverters-es","product_region-africa","product_region-australia","product_region-china","product_region-europe","product_region-middle-east"],"acf":{"hero_type":"standard","theme":"dark","subheading":"","certifications":[1969],"downloadable_resources":null},"yoast_head":"<!-- This site is optimized with the Yoast SEO plugin v25.7 - https:\/\/yoast.com\/wordpress\/plugins\/seo\/ -->\n<title>Solar Ware 500 - TMEIC<\/title>\n<meta name=\"robots\" content=\"index, follow, max-snippet:-1, max-image-preview:large, max-video-preview:-1\" \/>\n<link rel=\"canonical\" href=\"https:\/\/www.tmeic.com\/es\/products\/solar-ware-500\/\" \/>\n<meta property=\"og:locale\" content=\"es_ES\" \/>\n<meta property=\"og:type\" content=\"article\" \/>\n<meta property=\"og:title\" content=\"Solar Ware 500 - TMEIC\" \/>\n<meta property=\"og:description\" content=\"&nbsp; &nbsp; Los inversores a escala de servicios p\u00fablicos de TMEIC incluyen la \u00faltima tecnolog\u00eda de interconexi\u00f3n. El SOLAR WARE 500 es un avanzado sistema de inversores multinivel que ofrece hasta 500 kW, con un rango operativo de 320 ~ 600 V.\" \/>\n<meta property=\"og:url\" content=\"https:\/\/www.tmeic.com\/es\/products\/solar-ware-500\/\" \/>\n<meta property=\"og:site_name\" content=\"TMEIC\" \/>\n<meta property=\"article:modified_time\" content=\"2025-05-27T14:08:06+00:00\" \/>\n<meta property=\"og:image\" content=\"https:\/\/www.tmeic.com\/wp-content\/uploads\/2025\/04\/product-solar-ware-750-675-665-630-500-490-1.png\" \/>\n\t<meta property=\"og:image:width\" content=\"307\" \/>\n\t<meta property=\"og:image:height\" content=\"343\" \/>\n\t<meta property=\"og:image:type\" content=\"image\/png\" \/>\n<meta name=\"twitter:card\" content=\"summary_large_image\" \/>\n<script type=\"application\/ld+json\" class=\"yoast-schema-graph\">{\"@context\":\"https:\/\/schema.org\",\"@graph\":[{\"@type\":\"WebPage\",\"@id\":\"https:\/\/www.tmeic.com\/es\/products\/solar-ware-500\/\",\"url\":\"https:\/\/www.tmeic.com\/es\/products\/solar-ware-500\/\",\"name\":\"Solar Ware 500 - TMEIC\",\"isPartOf\":{\"@id\":\"https:\/\/www.tmeic.com\/zh-hans\/#website\"},\"primaryImageOfPage\":{\"@id\":\"https:\/\/www.tmeic.com\/es\/products\/solar-ware-500\/#primaryimage\"},\"image\":{\"@id\":\"https:\/\/www.tmeic.com\/es\/products\/solar-ware-500\/#primaryimage\"},\"thumbnailUrl\":\"https:\/\/tmeic.com\/wp-content\/uploads\/2025\/04\/product-solar-ware-750-675-665-630-500-490-1.png\",\"datePublished\":\"2025-05-16T22:45:19+00:00\",\"dateModified\":\"2025-05-27T14:08:06+00:00\",\"breadcrumb\":{\"@id\":\"https:\/\/www.tmeic.com\/es\/products\/solar-ware-500\/#breadcrumb\"},\"inLanguage\":\"es\",\"potentialAction\":[{\"@type\":\"ReadAction\",\"target\":[\"https:\/\/www.tmeic.com\/es\/products\/solar-ware-500\/\"]}]},{\"@type\":\"ImageObject\",\"inLanguage\":\"es\",\"@id\":\"https:\/\/www.tmeic.com\/es\/products\/solar-ware-500\/#primaryimage\",\"url\":\"https:\/\/tmeic.com\/wp-content\/uploads\/2025\/04\/product-solar-ware-750-675-665-630-500-490-1.png\",\"contentUrl\":\"https:\/\/tmeic.com\/wp-content\/uploads\/2025\/04\/product-solar-ware-750-675-665-630-500-490-1.png\",\"width\":307,\"height\":343},{\"@type\":\"BreadcrumbList\",\"@id\":\"https:\/\/www.tmeic.com\/es\/products\/solar-ware-500\/#breadcrumb\",\"itemListElement\":[{\"@type\":\"ListItem\",\"position\":1,\"name\":\"Home\",\"item\":\"https:\/\/tmeic.com\/es\/\"},{\"@type\":\"ListItem\",\"position\":2,\"name\":\"Products\",\"item\":\"https:\/\/www.tmeic.com\/products\/\"},{\"@type\":\"ListItem\",\"position\":3,\"name\":\"Solar Ware 500\"}]},{\"@type\":\"WebSite\",\"@id\":\"https:\/\/www.tmeic.com\/zh-hans\/#website\",\"url\":\"https:\/\/www.tmeic.com\/zh-hans\/\",\"name\":\"TMEIC\",\"description\":\"\",\"potentialAction\":[{\"@type\":\"SearchAction\",\"target\":{\"@type\":\"EntryPoint\",\"urlTemplate\":\"https:\/\/www.tmeic.com\/zh-hans\/?s={search_term_string}\"},\"query-input\":{\"@type\":\"PropertyValueSpecification\",\"valueRequired\":true,\"valueName\":\"search_term_string\"}}],\"inLanguage\":\"es\"}]}<\/script>\n<!-- \/ Yoast SEO plugin. -->","yoast_head_json":{"title":"Solar Ware 500 - TMEIC","robots":{"index":"index","follow":"follow","max-snippet":"max-snippet:-1","max-image-preview":"max-image-preview:large","max-video-preview":"max-video-preview:-1"},"canonical":"https:\/\/www.tmeic.com\/es\/products\/solar-ware-500\/","og_locale":"es_ES","og_type":"article","og_title":"Solar Ware 500 - TMEIC","og_description":"&nbsp; &nbsp; Los inversores a escala de servicios p\u00fablicos de TMEIC incluyen la \u00faltima tecnolog\u00eda de interconexi\u00f3n. El SOLAR WARE 500 es un avanzado sistema de inversores multinivel que ofrece hasta 500 kW, con un rango operativo de 320 ~ 600 V.","og_url":"https:\/\/www.tmeic.com\/es\/products\/solar-ware-500\/","og_site_name":"TMEIC","article_modified_time":"2025-05-27T14:08:06+00:00","og_image":[{"width":307,"height":343,"url":"https:\/\/www.tmeic.com\/wp-content\/uploads\/2025\/04\/product-solar-ware-750-675-665-630-500-490-1.png","type":"image\/png"}],"twitter_card":"summary_large_image","schema":{"@context":"https:\/\/schema.org","@graph":[{"@type":"WebPage","@id":"https:\/\/www.tmeic.com\/es\/products\/solar-ware-500\/","url":"https:\/\/www.tmeic.com\/es\/products\/solar-ware-500\/","name":"Solar Ware 500 - TMEIC","isPartOf":{"@id":"https:\/\/www.tmeic.com\/zh-hans\/#website"},"primaryImageOfPage":{"@id":"https:\/\/www.tmeic.com\/es\/products\/solar-ware-500\/#primaryimage"},"image":{"@id":"https:\/\/www.tmeic.com\/es\/products\/solar-ware-500\/#primaryimage"},"thumbnailUrl":"https:\/\/tmeic.com\/wp-content\/uploads\/2025\/04\/product-solar-ware-750-675-665-630-500-490-1.png","datePublished":"2025-05-16T22:45:19+00:00","dateModified":"2025-05-27T14:08:06+00:00","breadcrumb":{"@id":"https:\/\/www.tmeic.com\/es\/products\/solar-ware-500\/#breadcrumb"},"inLanguage":"es","potentialAction":[{"@type":"ReadAction","target":["https:\/\/www.tmeic.com\/es\/products\/solar-ware-500\/"]}]},{"@type":"ImageObject","inLanguage":"es","@id":"https:\/\/www.tmeic.com\/es\/products\/solar-ware-500\/#primaryimage","url":"https:\/\/tmeic.com\/wp-content\/uploads\/2025\/04\/product-solar-ware-750-675-665-630-500-490-1.png","contentUrl":"https:\/\/tmeic.com\/wp-content\/uploads\/2025\/04\/product-solar-ware-750-675-665-630-500-490-1.png","width":307,"height":343},{"@type":"BreadcrumbList","@id":"https:\/\/www.tmeic.com\/es\/products\/solar-ware-500\/#breadcrumb","itemListElement":[{"@type":"ListItem","position":1,"name":"Home","item":"https:\/\/tmeic.com\/es\/"},{"@type":"ListItem","position":2,"name":"Products","item":"https:\/\/www.tmeic.com\/products\/"},{"@type":"ListItem","position":3,"name":"Solar Ware 500"}]},{"@type":"WebSite","@id":"https:\/\/www.tmeic.com\/zh-hans\/#website","url":"https:\/\/www.tmeic.com\/zh-hans\/","name":"TMEIC","description":"","potentialAction":[{"@type":"SearchAction","target":{"@type":"EntryPoint","urlTemplate":"https:\/\/www.tmeic.com\/zh-hans\/?s={search_term_string}"},"query-input":{"@type":"PropertyValueSpecification","valueRequired":true,"valueName":"search_term_string"}}],"inLanguage":"es"}]}},"_links":{"self":[{"href":"https:\/\/tmeic.com\/es\/wp-json\/wp\/v2\/product\/5608","targetHints":{"allow":["GET"]}}],"collection":[{"href":"https:\/\/tmeic.com\/es\/wp-json\/wp\/v2\/product"}],"about":[{"href":"https:\/\/tmeic.com\/es\/wp-json\/wp\/v2\/types\/product"}],"version-history":[{"count":1,"href":"https:\/\/tmeic.com\/es\/wp-json\/wp\/v2\/product\/5608\/revisions"}],"predecessor-version":[{"id":5922,"href":"https:\/\/tmeic.com\/es\/wp-json\/wp\/v2\/product\/5608\/revisions\/5922"}],"acf:post":[{"embeddable":true,"href":"https:\/\/tmeic.com\/es\/wp-json\/wp\/v2\/certifications\/1969"}],"wp:featuredmedia":[{"embeddable":true,"href":"https:\/\/tmeic.com\/es\/wp-json\/wp\/v2\/media\/885"}],"wp:attachment":[{"href":"https:\/\/tmeic.com\/es\/wp-json\/wp\/v2\/media?parent=5608"}],"wp:term":[{"taxonomy":"product_category","embeddable":true,"href":"https:\/\/tmeic.com\/es\/wp-json\/wp\/v2\/product_category?post=5608"},{"taxonomy":"product_region","embeddable":true,"href":"https:\/\/tmeic.com\/es\/wp-json\/wp\/v2\/product_region?post=5608"}],"curies":[{"name":"wp","href":"https:\/\/api.w.org\/{rel}","templated":true}]}}