  {"id":5618,"date":"2025-05-16T22:46:12","date_gmt":"2025-05-16T22:46:12","guid":{"rendered":"https:\/\/tmeic.com\/products\/solar-ware-750\/"},"modified":"2025-05-27T14:09:51","modified_gmt":"2025-05-27T14:09:51","slug":"solar-ware-750","status":"publish","type":"product","link":"https:\/\/tmeic.com\/es\/products\/solar-ware-750\/","title":{"rendered":"Solar Ware 750"},"content":{"rendered":"<p>&nbsp;<\/p>\n<p>&nbsp;<\/p>\n<p style=\"font-weight: 400;\">SOLAR WARE 750 es un inversor fotovoltaico de 1000 V de alta ingenier\u00eda adecuado para el despliegue de megacentrales solares. La topolog\u00eda de 3 niveles patentada por TMEIC redefine el sistema fotovoltaico a escala de servicio p\u00fablico con el nivel de eficiencia l\u00edder del sector y el tama\u00f1o m\u00e1s peque\u00f1o. <\/p>\n","protected":false},"featured_media":885,"parent":0,"menu_order":0,"template":"","meta":{"_acf_changed":false,"footnotes":""},"product_category":[161],"product_region":[31,29,28,27,25],"class_list":["post-5618","product","type-product","status-publish","has-post-thumbnail","hentry","product_category-pv-inverters-es","product_region-africa","product_region-australia","product_region-china","product_region-europe","product_region-middle-east"],"acf":{"hero_type":"standard","theme":"dark","subheading":"","certifications":[1938,1969],"downloadable_resources":null},"yoast_head":"<!-- This site is optimized with the Yoast SEO plugin v25.7 - https:\/\/yoast.com\/wordpress\/plugins\/seo\/ -->\n<title>Solar Ware 750 - TMEIC<\/title>\n<meta name=\"robots\" content=\"index, follow, max-snippet:-1, max-image-preview:large, max-video-preview:-1\" \/>\n<link rel=\"canonical\" href=\"https:\/\/www.tmeic.com\/es\/products\/solar-ware-750\/\" \/>\n<meta property=\"og:locale\" content=\"es_ES\" \/>\n<meta property=\"og:type\" content=\"article\" \/>\n<meta property=\"og:title\" content=\"Solar Ware 750 - TMEIC\" \/>\n<meta property=\"og:description\" content=\"&nbsp; &nbsp; SOLAR WARE 750 es un inversor fotovoltaico de 1000 V de alta ingenier\u00eda adecuado para el despliegue de megacentrales solares. La topolog\u00eda de 3 niveles patentada por TMEIC redefine el sistema fotovoltaico a escala de servicio p\u00fablico con el nivel de eficiencia l\u00edder del sector y el tama\u00f1o m\u00e1s peque\u00f1o.\" \/>\n<meta property=\"og:url\" content=\"https:\/\/www.tmeic.com\/es\/products\/solar-ware-750\/\" \/>\n<meta property=\"og:site_name\" content=\"TMEIC\" \/>\n<meta property=\"article:modified_time\" content=\"2025-05-27T14:09:51+00:00\" \/>\n<meta property=\"og:image\" content=\"https:\/\/www.tmeic.com\/wp-content\/uploads\/2025\/04\/product-solar-ware-750-675-665-630-500-490-1.png\" \/>\n\t<meta property=\"og:image:width\" content=\"307\" \/>\n\t<meta property=\"og:image:height\" content=\"343\" \/>\n\t<meta property=\"og:image:type\" content=\"image\/png\" \/>\n<meta name=\"twitter:card\" content=\"summary_large_image\" \/>\n<script type=\"application\/ld+json\" class=\"yoast-schema-graph\">{\"@context\":\"https:\/\/schema.org\",\"@graph\":[{\"@type\":\"WebPage\",\"@id\":\"https:\/\/www.tmeic.com\/es\/products\/solar-ware-750\/\",\"url\":\"https:\/\/www.tmeic.com\/es\/products\/solar-ware-750\/\",\"name\":\"Solar Ware 750 - TMEIC\",\"isPartOf\":{\"@id\":\"https:\/\/www.tmeic.com\/zh-hans\/#website\"},\"primaryImageOfPage\":{\"@id\":\"https:\/\/www.tmeic.com\/es\/products\/solar-ware-750\/#primaryimage\"},\"image\":{\"@id\":\"https:\/\/www.tmeic.com\/es\/products\/solar-ware-750\/#primaryimage\"},\"thumbnailUrl\":\"https:\/\/tmeic.com\/wp-content\/uploads\/2025\/04\/product-solar-ware-750-675-665-630-500-490-1.png\",\"datePublished\":\"2025-05-16T22:46:12+00:00\",\"dateModified\":\"2025-05-27T14:09:51+00:00\",\"breadcrumb\":{\"@id\":\"https:\/\/www.tmeic.com\/es\/products\/solar-ware-750\/#breadcrumb\"},\"inLanguage\":\"es\",\"potentialAction\":[{\"@type\":\"ReadAction\",\"target\":[\"https:\/\/www.tmeic.com\/es\/products\/solar-ware-750\/\"]}]},{\"@type\":\"ImageObject\",\"inLanguage\":\"es\",\"@id\":\"https:\/\/www.tmeic.com\/es\/products\/solar-ware-750\/#primaryimage\",\"url\":\"https:\/\/tmeic.com\/wp-content\/uploads\/2025\/04\/product-solar-ware-750-675-665-630-500-490-1.png\",\"contentUrl\":\"https:\/\/tmeic.com\/wp-content\/uploads\/2025\/04\/product-solar-ware-750-675-665-630-500-490-1.png\",\"width\":307,\"height\":343},{\"@type\":\"BreadcrumbList\",\"@id\":\"https:\/\/www.tmeic.com\/es\/products\/solar-ware-750\/#breadcrumb\",\"itemListElement\":[{\"@type\":\"ListItem\",\"position\":1,\"name\":\"Home\",\"item\":\"https:\/\/tmeic.com\/es\/\"},{\"@type\":\"ListItem\",\"position\":2,\"name\":\"Products\",\"item\":\"https:\/\/www.tmeic.com\/products\/\"},{\"@type\":\"ListItem\",\"position\":3,\"name\":\"Solar Ware 750\"}]},{\"@type\":\"WebSite\",\"@id\":\"https:\/\/www.tmeic.com\/zh-hans\/#website\",\"url\":\"https:\/\/www.tmeic.com\/zh-hans\/\",\"name\":\"TMEIC\",\"description\":\"\",\"potentialAction\":[{\"@type\":\"SearchAction\",\"target\":{\"@type\":\"EntryPoint\",\"urlTemplate\":\"https:\/\/www.tmeic.com\/zh-hans\/?s={search_term_string}\"},\"query-input\":{\"@type\":\"PropertyValueSpecification\",\"valueRequired\":true,\"valueName\":\"search_term_string\"}}],\"inLanguage\":\"es\"}]}<\/script>\n<!-- \/ Yoast SEO plugin. -->","yoast_head_json":{"title":"Solar Ware 750 - TMEIC","robots":{"index":"index","follow":"follow","max-snippet":"max-snippet:-1","max-image-preview":"max-image-preview:large","max-video-preview":"max-video-preview:-1"},"canonical":"https:\/\/www.tmeic.com\/es\/products\/solar-ware-750\/","og_locale":"es_ES","og_type":"article","og_title":"Solar Ware 750 - TMEIC","og_description":"&nbsp; &nbsp; SOLAR WARE 750 es un inversor fotovoltaico de 1000 V de alta ingenier\u00eda adecuado para el despliegue de megacentrales solares. La topolog\u00eda de 3 niveles patentada por TMEIC redefine el sistema fotovoltaico a escala de servicio p\u00fablico con el nivel de eficiencia l\u00edder del sector y el tama\u00f1o m\u00e1s peque\u00f1o.","og_url":"https:\/\/www.tmeic.com\/es\/products\/solar-ware-750\/","og_site_name":"TMEIC","article_modified_time":"2025-05-27T14:09:51+00:00","og_image":[{"width":307,"height":343,"url":"https:\/\/www.tmeic.com\/wp-content\/uploads\/2025\/04\/product-solar-ware-750-675-665-630-500-490-1.png","type":"image\/png"}],"twitter_card":"summary_large_image","schema":{"@context":"https:\/\/schema.org","@graph":[{"@type":"WebPage","@id":"https:\/\/www.tmeic.com\/es\/products\/solar-ware-750\/","url":"https:\/\/www.tmeic.com\/es\/products\/solar-ware-750\/","name":"Solar Ware 750 - TMEIC","isPartOf":{"@id":"https:\/\/www.tmeic.com\/zh-hans\/#website"},"primaryImageOfPage":{"@id":"https:\/\/www.tmeic.com\/es\/products\/solar-ware-750\/#primaryimage"},"image":{"@id":"https:\/\/www.tmeic.com\/es\/products\/solar-ware-750\/#primaryimage"},"thumbnailUrl":"https:\/\/tmeic.com\/wp-content\/uploads\/2025\/04\/product-solar-ware-750-675-665-630-500-490-1.png","datePublished":"2025-05-16T22:46:12+00:00","dateModified":"2025-05-27T14:09:51+00:00","breadcrumb":{"@id":"https:\/\/www.tmeic.com\/es\/products\/solar-ware-750\/#breadcrumb"},"inLanguage":"es","potentialAction":[{"@type":"ReadAction","target":["https:\/\/www.tmeic.com\/es\/products\/solar-ware-750\/"]}]},{"@type":"ImageObject","inLanguage":"es","@id":"https:\/\/www.tmeic.com\/es\/products\/solar-ware-750\/#primaryimage","url":"https:\/\/tmeic.com\/wp-content\/uploads\/2025\/04\/product-solar-ware-750-675-665-630-500-490-1.png","contentUrl":"https:\/\/tmeic.com\/wp-content\/uploads\/2025\/04\/product-solar-ware-750-675-665-630-500-490-1.png","width":307,"height":343},{"@type":"BreadcrumbList","@id":"https:\/\/www.tmeic.com\/es\/products\/solar-ware-750\/#breadcrumb","itemListElement":[{"@type":"ListItem","position":1,"name":"Home","item":"https:\/\/tmeic.com\/es\/"},{"@type":"ListItem","position":2,"name":"Products","item":"https:\/\/www.tmeic.com\/products\/"},{"@type":"ListItem","position":3,"name":"Solar Ware 750"}]},{"@type":"WebSite","@id":"https:\/\/www.tmeic.com\/zh-hans\/#website","url":"https:\/\/www.tmeic.com\/zh-hans\/","name":"TMEIC","description":"","potentialAction":[{"@type":"SearchAction","target":{"@type":"EntryPoint","urlTemplate":"https:\/\/www.tmeic.com\/zh-hans\/?s={search_term_string}"},"query-input":{"@type":"PropertyValueSpecification","valueRequired":true,"valueName":"search_term_string"}}],"inLanguage":"es"}]}},"_links":{"self":[{"href":"https:\/\/tmeic.com\/es\/wp-json\/wp\/v2\/product\/5618","targetHints":{"allow":["GET"]}}],"collection":[{"href":"https:\/\/tmeic.com\/es\/wp-json\/wp\/v2\/product"}],"about":[{"href":"https:\/\/tmeic.com\/es\/wp-json\/wp\/v2\/types\/product"}],"version-history":[{"count":1,"href":"https:\/\/tmeic.com\/es\/wp-json\/wp\/v2\/product\/5618\/revisions"}],"predecessor-version":[{"id":5842,"href":"https:\/\/tmeic.com\/es\/wp-json\/wp\/v2\/product\/5618\/revisions\/5842"}],"acf:post":[{"embeddable":true,"href":"https:\/\/tmeic.com\/es\/wp-json\/wp\/v2\/certifications\/1969"},{"embeddable":true,"href":"https:\/\/tmeic.com\/es\/wp-json\/wp\/v2\/certifications\/1938"}],"wp:featuredmedia":[{"embeddable":true,"href":"https:\/\/tmeic.com\/es\/wp-json\/wp\/v2\/media\/885"}],"wp:attachment":[{"href":"https:\/\/tmeic.com\/es\/wp-json\/wp\/v2\/media?parent=5618"}],"wp:term":[{"taxonomy":"product_category","embeddable":true,"href":"https:\/\/tmeic.com\/es\/wp-json\/wp\/v2\/product_category?post=5618"},{"taxonomy":"product_region","embeddable":true,"href":"https:\/\/tmeic.com\/es\/wp-json\/wp\/v2\/product_region?post=5618"}],"curies":[{"name":"wp","href":"https:\/\/api.w.org\/{rel}","templated":true}]}}