  {"id":5637,"date":"2025-05-16T22:46:17","date_gmt":"2025-05-16T22:46:17","guid":{"rendered":"https:\/\/tmeic.com\/products\/tmdrive-10\/"},"modified":"2025-05-27T14:14:42","modified_gmt":"2025-05-27T14:14:42","slug":"tmdrive-10","status":"publish","type":"product","link":"https:\/\/tmeic.com\/es\/products\/tmdrive-10\/","title":{"rendered":"TMdrive-10"},"content":{"rendered":"<p><span class=\"TextRun SCXW113640423 BCX0\" lang=\"EN-US\" data-contrast=\"none\" xml:lang=\"EN-US\"><span class=\"NormalTextRun SCXW113640423 BCX0\">La familia TM-10 de accionamientos para sistemas de baja tensi\u00f3n de TMEIC se ha dise\u00f1ado para reducir tu coste de propiedad con <\/span><span class=\"NormalTextRun SCXW113640423 BCX0\">numerosas<\/span><span class=\"NormalTextRun SCXW113640423 BCX0\"> caracter\u00edsticas de ahorro de espacio y mantenimiento.<\/span><\/span><span class=\"EOP SCXW113640423 BCX0\" data-ccp-props=\"{\"201341983\":0,\"335559738\":80,\"335559739\":0,\"335559740\":288}\"> <\/span><\/p>\n","protected":false},"featured_media":909,"parent":0,"menu_order":0,"template":"","meta":{"_acf_changed":false,"footnotes":""},"product_category":[172,226],"product_region":[31,29,28,27,26,25],"class_list":["post-5637","product","type-product","status-publish","has-post-thumbnail","hentry","product_category-drives-es","product_category-variadores-de-ca-de-baja-tension","product_region-africa","product_region-australia","product_region-china","product_region-europe","product_region-india","product_region-middle-east"],"acf":{"hero_type":"standard","theme":"light","subheading":"","certifications":[416,4876,4902],"downloadable_resources":[{"resource_title":"Gu\u00eda de aplicaci\u00f3n del TMdrive-10","resource_file":3991}]},"yoast_head":"<!-- This site is optimized with the Yoast SEO plugin v25.7 - https:\/\/yoast.com\/wordpress\/plugins\/seo\/ -->\n<title>TMdrive-10 - TMEIC<\/title>\n<meta name=\"robots\" content=\"index, follow, max-snippet:-1, max-image-preview:large, max-video-preview:-1\" \/>\n<link rel=\"canonical\" href=\"https:\/\/tmeic.com\/es\/products\/tmdrive-10\/\" \/>\n<meta property=\"og:locale\" content=\"es_ES\" \/>\n<meta property=\"og:type\" content=\"article\" \/>\n<meta property=\"og:title\" content=\"TMdrive-10 - TMEIC\" \/>\n<meta property=\"og:description\" content=\"La familia TM-10 de accionamientos para sistemas de baja tensi\u00f3n de TMEIC se ha dise\u00f1ado para reducir tu coste de propiedad con numerosas caracter\u00edsticas de ahorro de espacio y mantenimiento.\" \/>\n<meta property=\"og:url\" content=\"https:\/\/tmeic.com\/es\/products\/tmdrive-10\/\" \/>\n<meta property=\"og:site_name\" content=\"TMEIC\" \/>\n<meta property=\"article:modified_time\" content=\"2025-05-27T14:14:42+00:00\" \/>\n<meta property=\"og:image\" content=\"https:\/\/tmeic.com\/wp-content\/uploads\/2025\/04\/TMdrive-10-angle.png\" \/>\n\t<meta property=\"og:image:width\" content=\"458\" \/>\n\t<meta property=\"og:image:height\" content=\"447\" \/>\n\t<meta property=\"og:image:type\" content=\"image\/png\" \/>\n<meta name=\"twitter:card\" content=\"summary_large_image\" \/>\n<script type=\"application\/ld+json\" class=\"yoast-schema-graph\">{\"@context\":\"https:\/\/schema.org\",\"@graph\":[{\"@type\":\"WebPage\",\"@id\":\"https:\/\/tmeic.com\/es\/products\/tmdrive-10\/\",\"url\":\"https:\/\/tmeic.com\/es\/products\/tmdrive-10\/\",\"name\":\"TMdrive-10 - TMEIC\",\"isPartOf\":{\"@id\":\"https:\/\/www.tmeic.com\/zh-hans\/#website\"},\"primaryImageOfPage\":{\"@id\":\"https:\/\/tmeic.com\/es\/products\/tmdrive-10\/#primaryimage\"},\"image\":{\"@id\":\"https:\/\/tmeic.com\/es\/products\/tmdrive-10\/#primaryimage\"},\"thumbnailUrl\":\"https:\/\/tmeic.com\/wp-content\/uploads\/2025\/04\/TMdrive-10-angle.png\",\"datePublished\":\"2025-05-16T22:46:17+00:00\",\"dateModified\":\"2025-05-27T14:14:42+00:00\",\"breadcrumb\":{\"@id\":\"https:\/\/tmeic.com\/es\/products\/tmdrive-10\/#breadcrumb\"},\"inLanguage\":\"es\",\"potentialAction\":[{\"@type\":\"ReadAction\",\"target\":[\"https:\/\/tmeic.com\/es\/products\/tmdrive-10\/\"]}]},{\"@type\":\"ImageObject\",\"inLanguage\":\"es\",\"@id\":\"https:\/\/tmeic.com\/es\/products\/tmdrive-10\/#primaryimage\",\"url\":\"https:\/\/tmeic.com\/wp-content\/uploads\/2025\/04\/TMdrive-10-angle.png\",\"contentUrl\":\"https:\/\/tmeic.com\/wp-content\/uploads\/2025\/04\/TMdrive-10-angle.png\",\"width\":458,\"height\":447},{\"@type\":\"BreadcrumbList\",\"@id\":\"https:\/\/tmeic.com\/es\/products\/tmdrive-10\/#breadcrumb\",\"itemListElement\":[{\"@type\":\"ListItem\",\"position\":1,\"name\":\"Home\",\"item\":\"https:\/\/tmeic.com\/es\/\"},{\"@type\":\"ListItem\",\"position\":2,\"name\":\"Products\",\"item\":\"https:\/\/www.tmeic.com\/products\/\"},{\"@type\":\"ListItem\",\"position\":3,\"name\":\"TMdrive-10\"}]},{\"@type\":\"WebSite\",\"@id\":\"https:\/\/www.tmeic.com\/zh-hans\/#website\",\"url\":\"https:\/\/www.tmeic.com\/zh-hans\/\",\"name\":\"TMEIC\",\"description\":\"\",\"potentialAction\":[{\"@type\":\"SearchAction\",\"target\":{\"@type\":\"EntryPoint\",\"urlTemplate\":\"https:\/\/www.tmeic.com\/zh-hans\/?s={search_term_string}\"},\"query-input\":{\"@type\":\"PropertyValueSpecification\",\"valueRequired\":true,\"valueName\":\"search_term_string\"}}],\"inLanguage\":\"es\"}]}<\/script>\n<!-- \/ Yoast SEO plugin. -->","yoast_head_json":{"title":"TMdrive-10 - TMEIC","robots":{"index":"index","follow":"follow","max-snippet":"max-snippet:-1","max-image-preview":"max-image-preview:large","max-video-preview":"max-video-preview:-1"},"canonical":"https:\/\/tmeic.com\/es\/products\/tmdrive-10\/","og_locale":"es_ES","og_type":"article","og_title":"TMdrive-10 - TMEIC","og_description":"La familia TM-10 de accionamientos para sistemas de baja tensi\u00f3n de TMEIC se ha dise\u00f1ado para reducir tu coste de propiedad con numerosas caracter\u00edsticas de ahorro de espacio y mantenimiento.","og_url":"https:\/\/tmeic.com\/es\/products\/tmdrive-10\/","og_site_name":"TMEIC","article_modified_time":"2025-05-27T14:14:42+00:00","og_image":[{"width":458,"height":447,"url":"https:\/\/tmeic.com\/wp-content\/uploads\/2025\/04\/TMdrive-10-angle.png","type":"image\/png"}],"twitter_card":"summary_large_image","schema":{"@context":"https:\/\/schema.org","@graph":[{"@type":"WebPage","@id":"https:\/\/tmeic.com\/es\/products\/tmdrive-10\/","url":"https:\/\/tmeic.com\/es\/products\/tmdrive-10\/","name":"TMdrive-10 - TMEIC","isPartOf":{"@id":"https:\/\/www.tmeic.com\/zh-hans\/#website"},"primaryImageOfPage":{"@id":"https:\/\/tmeic.com\/es\/products\/tmdrive-10\/#primaryimage"},"image":{"@id":"https:\/\/tmeic.com\/es\/products\/tmdrive-10\/#primaryimage"},"thumbnailUrl":"https:\/\/tmeic.com\/wp-content\/uploads\/2025\/04\/TMdrive-10-angle.png","datePublished":"2025-05-16T22:46:17+00:00","dateModified":"2025-05-27T14:14:42+00:00","breadcrumb":{"@id":"https:\/\/tmeic.com\/es\/products\/tmdrive-10\/#breadcrumb"},"inLanguage":"es","potentialAction":[{"@type":"ReadAction","target":["https:\/\/tmeic.com\/es\/products\/tmdrive-10\/"]}]},{"@type":"ImageObject","inLanguage":"es","@id":"https:\/\/tmeic.com\/es\/products\/tmdrive-10\/#primaryimage","url":"https:\/\/tmeic.com\/wp-content\/uploads\/2025\/04\/TMdrive-10-angle.png","contentUrl":"https:\/\/tmeic.com\/wp-content\/uploads\/2025\/04\/TMdrive-10-angle.png","width":458,"height":447},{"@type":"BreadcrumbList","@id":"https:\/\/tmeic.com\/es\/products\/tmdrive-10\/#breadcrumb","itemListElement":[{"@type":"ListItem","position":1,"name":"Home","item":"https:\/\/tmeic.com\/es\/"},{"@type":"ListItem","position":2,"name":"Products","item":"https:\/\/www.tmeic.com\/products\/"},{"@type":"ListItem","position":3,"name":"TMdrive-10"}]},{"@type":"WebSite","@id":"https:\/\/www.tmeic.com\/zh-hans\/#website","url":"https:\/\/www.tmeic.com\/zh-hans\/","name":"TMEIC","description":"","potentialAction":[{"@type":"SearchAction","target":{"@type":"EntryPoint","urlTemplate":"https:\/\/www.tmeic.com\/zh-hans\/?s={search_term_string}"},"query-input":{"@type":"PropertyValueSpecification","valueRequired":true,"valueName":"search_term_string"}}],"inLanguage":"es"}]}},"_links":{"self":[{"href":"https:\/\/tmeic.com\/es\/wp-json\/wp\/v2\/product\/5637","targetHints":{"allow":["GET"]}}],"collection":[{"href":"https:\/\/tmeic.com\/es\/wp-json\/wp\/v2\/product"}],"about":[{"href":"https:\/\/tmeic.com\/es\/wp-json\/wp\/v2\/types\/product"}],"version-history":[{"count":1,"href":"https:\/\/tmeic.com\/es\/wp-json\/wp\/v2\/product\/5637\/revisions"}],"predecessor-version":[{"id":6559,"href":"https:\/\/tmeic.com\/es\/wp-json\/wp\/v2\/product\/5637\/revisions\/6559"}],"acf:post":[{"embeddable":true,"href":"https:\/\/tmeic.com\/es\/wp-json\/wp\/v2\/certifications\/4902"},{"embeddable":true,"href":"https:\/\/tmeic.com\/es\/wp-json\/wp\/v2\/certifications\/4876"},{"embeddable":true,"href":"https:\/\/tmeic.com\/es\/wp-json\/wp\/v2\/certifications\/416"}],"wp:featuredmedia":[{"embeddable":true,"href":"https:\/\/tmeic.com\/es\/wp-json\/wp\/v2\/media\/909"}],"wp:attachment":[{"href":"https:\/\/tmeic.com\/es\/wp-json\/wp\/v2\/media?parent=5637"}],"wp:term":[{"taxonomy":"product_category","embeddable":true,"href":"https:\/\/tmeic.com\/es\/wp-json\/wp\/v2\/product_category?post=5637"},{"taxonomy":"product_region","embeddable":true,"href":"https:\/\/tmeic.com\/es\/wp-json\/wp\/v2\/product_region?post=5637"}],"curies":[{"name":"wp","href":"https:\/\/api.w.org\/{rel}","templated":true}]}}