  {"id":5659,"date":"2025-05-16T22:48:10","date_gmt":"2025-05-16T22:48:10","guid":{"rendered":"https:\/\/tmeic.com\/products\/tmdrive-mvg2\/"},"modified":"2025-05-27T14:21:38","modified_gmt":"2025-05-27T14:21:38","slug":"tmdrive-mvg2","status":"publish","type":"product","link":"https:\/\/tmeic.com\/es\/products\/tmdrive-mvg2\/","title":{"rendered":"TMdrive-MVG2"},"content":{"rendered":"<h3><b><span data-contrast=\"none\">De 3 a 11 kV, hasta 19.500 kVA<\/span><\/b><span data-ccp-props=\"{\"201341983\":0,\"335559738\":80,\"335559739\":0,\"335559740\":288}\"> <\/span><\/h3>\n<p>&nbsp;<\/p>\n<p><span data-contrast=\"none\">El TMdrive-MVG2 es un accionamiento de media tensi\u00f3n, alimentado por corriente alterna, dise\u00f1ado para un funcionamiento de alta eficacia y bajo consumo en una amplia gama de aplicaciones industriales.<\/span><span data-ccp-props=\"{\"201341983\":0,\"335559738\":80,\"335559739\":0,\"335559740\":288}\"> <\/span><\/p>\n<p>&nbsp;<\/p>\n<p><span data-contrast=\"none\">El accionamiento est\u00e1 dise\u00f1ado para ofrecer alta fiabilidad, baja distorsi\u00f3n arm\u00f3nica y alto factor de potencia.<\/span><span data-ccp-props=\"{\"201341983\":0,\"335559738\":80,\"335559739\":0,\"335559740\":288}\"> <\/span><\/p>\n<p>&nbsp;<\/p>\n<p>&nbsp;<\/p>\n","protected":false},"featured_media":8655,"parent":0,"menu_order":0,"template":"","meta":{"_acf_changed":false,"footnotes":""},"product_category":[172,174],"product_region":[],"class_list":["post-5659","product","type-product","status-publish","has-post-thumbnail","hentry","product_category-drives-es","product_category-medium-voltage-ac-drives-drives-es"],"acf":{"hero_type":"standard","theme":"dark","subheading":"","certifications":[416,1938,1969],"downloadable_resources":[{"resource_title":"Hoja de datos del TMdrive-MVG2","resource_file":3919},{"resource_title":"Gu\u00eda de aplicaci\u00f3n del producto TMdrive-MVG2","resource_file":3923},{"resource_title":"TMdrive-MVG2 5 ventajas principales","resource_file":3927}]},"yoast_head":"<!-- This site is optimized with the Yoast SEO plugin v25.7 - https:\/\/yoast.com\/wordpress\/plugins\/seo\/ -->\n<title>TMdrive-MVG2 - TMEIC<\/title>\n<meta name=\"robots\" content=\"index, follow, max-snippet:-1, max-image-preview:large, max-video-preview:-1\" \/>\n<link rel=\"canonical\" href=\"https:\/\/www.tmeic.com\/es\/products\/tmdrive-mvg2\/\" \/>\n<meta property=\"og:locale\" content=\"es_ES\" \/>\n<meta property=\"og:type\" content=\"article\" \/>\n<meta property=\"og:title\" content=\"TMdrive-MVG2 - TMEIC\" \/>\n<meta property=\"og:description\" content=\"De 3 a 11 kV, hasta 19.500 kVA &nbsp; El TMdrive-MVG2 es un accionamiento de media tensi\u00f3n, alimentado por corriente alterna, dise\u00f1ado para un funcionamiento de alta eficacia y bajo consumo en una amplia gama de aplicaciones industriales. &nbsp; El accionamiento est\u00e1 dise\u00f1ado para ofrecer alta fiabilidad, baja distorsi\u00f3n arm\u00f3nica y alto factor de potencia. [&hellip;]\" \/>\n<meta property=\"og:url\" content=\"https:\/\/www.tmeic.com\/es\/products\/tmdrive-mvg2\/\" \/>\n<meta property=\"og:site_name\" content=\"TMEIC\" \/>\n<meta property=\"article:modified_time\" content=\"2025-05-27T14:21:38+00:00\" \/>\n<meta property=\"og:image\" content=\"https:\/\/www.tmeic.com\/wp-content\/uploads\/2025\/05\/product-mvdrive-TMdrive-MVG2-1.png\" \/>\n\t<meta property=\"og:image:width\" content=\"733\" \/>\n\t<meta property=\"og:image:height\" content=\"663\" \/>\n\t<meta property=\"og:image:type\" content=\"image\/png\" \/>\n<meta name=\"twitter:card\" content=\"summary_large_image\" \/>\n<script type=\"application\/ld+json\" class=\"yoast-schema-graph\">{\"@context\":\"https:\/\/schema.org\",\"@graph\":[{\"@type\":\"WebPage\",\"@id\":\"https:\/\/www.tmeic.com\/es\/products\/tmdrive-mvg2\/\",\"url\":\"https:\/\/www.tmeic.com\/es\/products\/tmdrive-mvg2\/\",\"name\":\"TMdrive-MVG2 - TMEIC\",\"isPartOf\":{\"@id\":\"https:\/\/www.tmeic.com\/zh-hans\/#website\"},\"primaryImageOfPage\":{\"@id\":\"https:\/\/www.tmeic.com\/es\/products\/tmdrive-mvg2\/#primaryimage\"},\"image\":{\"@id\":\"https:\/\/www.tmeic.com\/es\/products\/tmdrive-mvg2\/#primaryimage\"},\"thumbnailUrl\":\"https:\/\/tmeic.com\/wp-content\/uploads\/2025\/05\/product-mvdrive-TMdrive-MVG2-1.png\",\"datePublished\":\"2025-05-16T22:48:10+00:00\",\"dateModified\":\"2025-05-27T14:21:38+00:00\",\"breadcrumb\":{\"@id\":\"https:\/\/www.tmeic.com\/es\/products\/tmdrive-mvg2\/#breadcrumb\"},\"inLanguage\":\"es\",\"potentialAction\":[{\"@type\":\"ReadAction\",\"target\":[\"https:\/\/www.tmeic.com\/es\/products\/tmdrive-mvg2\/\"]}]},{\"@type\":\"ImageObject\",\"inLanguage\":\"es\",\"@id\":\"https:\/\/www.tmeic.com\/es\/products\/tmdrive-mvg2\/#primaryimage\",\"url\":\"https:\/\/tmeic.com\/wp-content\/uploads\/2025\/05\/product-mvdrive-TMdrive-MVG2-1.png\",\"contentUrl\":\"https:\/\/tmeic.com\/wp-content\/uploads\/2025\/05\/product-mvdrive-TMdrive-MVG2-1.png\",\"width\":733,\"height\":663,\"caption\":\"TMdrive-MVG2\"},{\"@type\":\"BreadcrumbList\",\"@id\":\"https:\/\/www.tmeic.com\/es\/products\/tmdrive-mvg2\/#breadcrumb\",\"itemListElement\":[{\"@type\":\"ListItem\",\"position\":1,\"name\":\"Home\",\"item\":\"https:\/\/tmeic.com\/es\/\"},{\"@type\":\"ListItem\",\"position\":2,\"name\":\"Products\",\"item\":\"https:\/\/www.tmeic.com\/products\/\"},{\"@type\":\"ListItem\",\"position\":3,\"name\":\"TMdrive-MVG2\"}]},{\"@type\":\"WebSite\",\"@id\":\"https:\/\/www.tmeic.com\/zh-hans\/#website\",\"url\":\"https:\/\/www.tmeic.com\/zh-hans\/\",\"name\":\"TMEIC\",\"description\":\"\",\"potentialAction\":[{\"@type\":\"SearchAction\",\"target\":{\"@type\":\"EntryPoint\",\"urlTemplate\":\"https:\/\/www.tmeic.com\/zh-hans\/?s={search_term_string}\"},\"query-input\":{\"@type\":\"PropertyValueSpecification\",\"valueRequired\":true,\"valueName\":\"search_term_string\"}}],\"inLanguage\":\"es\"}]}<\/script>\n<!-- \/ Yoast SEO plugin. -->","yoast_head_json":{"title":"TMdrive-MVG2 - TMEIC","robots":{"index":"index","follow":"follow","max-snippet":"max-snippet:-1","max-image-preview":"max-image-preview:large","max-video-preview":"max-video-preview:-1"},"canonical":"https:\/\/www.tmeic.com\/es\/products\/tmdrive-mvg2\/","og_locale":"es_ES","og_type":"article","og_title":"TMdrive-MVG2 - TMEIC","og_description":"De 3 a 11 kV, hasta 19.500 kVA &nbsp; El TMdrive-MVG2 es un accionamiento de media tensi\u00f3n, alimentado por corriente alterna, dise\u00f1ado para un funcionamiento de alta eficacia y bajo consumo en una amplia gama de aplicaciones industriales. &nbsp; El accionamiento est\u00e1 dise\u00f1ado para ofrecer alta fiabilidad, baja distorsi\u00f3n arm\u00f3nica y alto factor de potencia. [&hellip;]","og_url":"https:\/\/www.tmeic.com\/es\/products\/tmdrive-mvg2\/","og_site_name":"TMEIC","article_modified_time":"2025-05-27T14:21:38+00:00","og_image":[{"width":733,"height":663,"url":"https:\/\/www.tmeic.com\/wp-content\/uploads\/2025\/05\/product-mvdrive-TMdrive-MVG2-1.png","type":"image\/png"}],"twitter_card":"summary_large_image","schema":{"@context":"https:\/\/schema.org","@graph":[{"@type":"WebPage","@id":"https:\/\/www.tmeic.com\/es\/products\/tmdrive-mvg2\/","url":"https:\/\/www.tmeic.com\/es\/products\/tmdrive-mvg2\/","name":"TMdrive-MVG2 - TMEIC","isPartOf":{"@id":"https:\/\/www.tmeic.com\/zh-hans\/#website"},"primaryImageOfPage":{"@id":"https:\/\/www.tmeic.com\/es\/products\/tmdrive-mvg2\/#primaryimage"},"image":{"@id":"https:\/\/www.tmeic.com\/es\/products\/tmdrive-mvg2\/#primaryimage"},"thumbnailUrl":"https:\/\/tmeic.com\/wp-content\/uploads\/2025\/05\/product-mvdrive-TMdrive-MVG2-1.png","datePublished":"2025-05-16T22:48:10+00:00","dateModified":"2025-05-27T14:21:38+00:00","breadcrumb":{"@id":"https:\/\/www.tmeic.com\/es\/products\/tmdrive-mvg2\/#breadcrumb"},"inLanguage":"es","potentialAction":[{"@type":"ReadAction","target":["https:\/\/www.tmeic.com\/es\/products\/tmdrive-mvg2\/"]}]},{"@type":"ImageObject","inLanguage":"es","@id":"https:\/\/www.tmeic.com\/es\/products\/tmdrive-mvg2\/#primaryimage","url":"https:\/\/tmeic.com\/wp-content\/uploads\/2025\/05\/product-mvdrive-TMdrive-MVG2-1.png","contentUrl":"https:\/\/tmeic.com\/wp-content\/uploads\/2025\/05\/product-mvdrive-TMdrive-MVG2-1.png","width":733,"height":663,"caption":"TMdrive-MVG2"},{"@type":"BreadcrumbList","@id":"https:\/\/www.tmeic.com\/es\/products\/tmdrive-mvg2\/#breadcrumb","itemListElement":[{"@type":"ListItem","position":1,"name":"Home","item":"https:\/\/tmeic.com\/es\/"},{"@type":"ListItem","position":2,"name":"Products","item":"https:\/\/www.tmeic.com\/products\/"},{"@type":"ListItem","position":3,"name":"TMdrive-MVG2"}]},{"@type":"WebSite","@id":"https:\/\/www.tmeic.com\/zh-hans\/#website","url":"https:\/\/www.tmeic.com\/zh-hans\/","name":"TMEIC","description":"","potentialAction":[{"@type":"SearchAction","target":{"@type":"EntryPoint","urlTemplate":"https:\/\/www.tmeic.com\/zh-hans\/?s={search_term_string}"},"query-input":{"@type":"PropertyValueSpecification","valueRequired":true,"valueName":"search_term_string"}}],"inLanguage":"es"}]}},"_links":{"self":[{"href":"https:\/\/tmeic.com\/es\/wp-json\/wp\/v2\/product\/5659","targetHints":{"allow":["GET"]}}],"collection":[{"href":"https:\/\/tmeic.com\/es\/wp-json\/wp\/v2\/product"}],"about":[{"href":"https:\/\/tmeic.com\/es\/wp-json\/wp\/v2\/types\/product"}],"version-history":[{"count":1,"href":"https:\/\/tmeic.com\/es\/wp-json\/wp\/v2\/product\/5659\/revisions"}],"predecessor-version":[{"id":5889,"href":"https:\/\/tmeic.com\/es\/wp-json\/wp\/v2\/product\/5659\/revisions\/5889"}],"acf:post":[{"embeddable":true,"href":"https:\/\/tmeic.com\/es\/wp-json\/wp\/v2\/certifications\/1969"},{"embeddable":true,"href":"https:\/\/tmeic.com\/es\/wp-json\/wp\/v2\/certifications\/1938"},{"embeddable":true,"href":"https:\/\/tmeic.com\/es\/wp-json\/wp\/v2\/certifications\/416"}],"wp:featuredmedia":[{"embeddable":true,"href":"https:\/\/tmeic.com\/es\/wp-json\/wp\/v2\/media\/8655"}],"wp:attachment":[{"href":"https:\/\/tmeic.com\/es\/wp-json\/wp\/v2\/media?parent=5659"}],"wp:term":[{"taxonomy":"product_category","embeddable":true,"href":"https:\/\/tmeic.com\/es\/wp-json\/wp\/v2\/product_category?post=5659"},{"taxonomy":"product_region","embeddable":true,"href":"https:\/\/tmeic.com\/es\/wp-json\/wp\/v2\/product_region?post=5659"}],"curies":[{"name":"wp","href":"https:\/\/api.w.org\/{rel}","templated":true}]}}