  {"id":5661,"date":"2025-05-16T22:48:11","date_gmt":"2025-05-16T22:48:11","guid":{"rendered":"https:\/\/tmeic.com\/products\/navegador-tmdrive\/"},"modified":"2025-05-27T14:21:59","modified_gmt":"2025-05-27T14:21:59","slug":"navegador-tmdrive","status":"publish","type":"product","link":"https:\/\/tmeic.com\/es\/products\/navegador-tmdrive\/","title":{"rendered":"Navegador TMdrive"},"content":{"rendered":"<p>&nbsp;<\/p>\n<p><span class=\"TextRun SCXW179282463 BCX0\" lang=\"EN-US\" data-contrast=\"none\" xml:lang=\"EN-US\"><span class=\"NormalTextRun SCXW179282463 BCX0\">En <\/span><span class=\"NormalTextRun SpellingErrorV2Themed SCXW179282463 BCX0\">TMdrive<\/span><span class=\"NormalTextRun SCXW179282463 BCX0\">-La herramienta Navegador ayuda a los usuarios a configurar y mantener los accionamientos TMEIC. Los ingenieros y t\u00e9cnicos pueden entender c\u00f3mo funciona y qu\u00e9 hace el accionamiento. Cualquier usuario puede acceder f\u00e1cilmente al accionamiento actual    <\/span><span class=\"NormalTextRun SCXW179282463 BCX0\">experiencia<\/span><span class=\"NormalTextRun SCXW179282463 BCX0\"> y <\/span><span class=\"NormalTextRun SCXW179282463 BCX0\">conocimientos t\u00e9cnicos<\/span><span class=\"NormalTextRun SCXW179282463 BCX0\">.<\/span><\/span><span class=\"EOP SCXW179282463 BCX0\" data-ccp-props=\"{\"201341983\":0,\"335559738\":80,\"335559739\":0,\"335559740\":288}\"> <\/span><\/p>\n","protected":false},"featured_media":876,"parent":0,"menu_order":0,"template":"","meta":{"_acf_changed":false,"footnotes":""},"product_category":[163],"product_region":[],"class_list":["post-5661","product","type-product","status-publish","has-post-thumbnail","hentry","product_category-software-es"],"acf":{"hero_type":"standard","theme":"dark","subheading":"","certifications":"","downloadable_resources":null},"yoast_head":"<!-- This site is optimized with the Yoast SEO plugin v25.7 - https:\/\/yoast.com\/wordpress\/plugins\/seo\/ -->\n<title>Navegador TMdrive - TMEIC<\/title>\n<meta name=\"robots\" content=\"index, follow, max-snippet:-1, max-image-preview:large, max-video-preview:-1\" \/>\n<link rel=\"canonical\" href=\"https:\/\/www.tmeic.com\/es\/products\/navegador-tmdrive\/\" \/>\n<meta property=\"og:locale\" content=\"es_ES\" \/>\n<meta property=\"og:type\" content=\"article\" \/>\n<meta property=\"og:title\" content=\"Navegador TMdrive - TMEIC\" \/>\n<meta property=\"og:description\" content=\"&nbsp; En TMdrive-La herramienta Navegador ayuda a los usuarios a configurar y mantener los accionamientos TMEIC. Los ingenieros y t\u00e9cnicos pueden entender c\u00f3mo funciona y qu\u00e9 hace el accionamiento. Cualquier usuario puede acceder f\u00e1cilmente al accionamiento actual experiencia y conocimientos t\u00e9cnicos.\" \/>\n<meta property=\"og:url\" content=\"https:\/\/www.tmeic.com\/es\/products\/navegador-tmdrive\/\" \/>\n<meta property=\"og:site_name\" content=\"TMEIC\" \/>\n<meta property=\"article:modified_time\" content=\"2025-05-27T14:21:59+00:00\" \/>\n<meta property=\"og:image\" content=\"https:\/\/www.tmeic.com\/wp-content\/uploads\/2025\/04\/product-software-tmdrive-navigator.png\" \/>\n\t<meta property=\"og:image:width\" content=\"534\" \/>\n\t<meta property=\"og:image:height\" content=\"404\" \/>\n\t<meta property=\"og:image:type\" content=\"image\/png\" \/>\n<meta name=\"twitter:card\" content=\"summary_large_image\" \/>\n<script type=\"application\/ld+json\" class=\"yoast-schema-graph\">{\"@context\":\"https:\/\/schema.org\",\"@graph\":[{\"@type\":\"WebPage\",\"@id\":\"https:\/\/www.tmeic.com\/es\/products\/navegador-tmdrive\/\",\"url\":\"https:\/\/www.tmeic.com\/es\/products\/navegador-tmdrive\/\",\"name\":\"Navegador TMdrive - TMEIC\",\"isPartOf\":{\"@id\":\"https:\/\/www.tmeic.com\/zh-hans\/#website\"},\"primaryImageOfPage\":{\"@id\":\"https:\/\/www.tmeic.com\/es\/products\/navegador-tmdrive\/#primaryimage\"},\"image\":{\"@id\":\"https:\/\/www.tmeic.com\/es\/products\/navegador-tmdrive\/#primaryimage\"},\"thumbnailUrl\":\"https:\/\/tmeic.com\/wp-content\/uploads\/2025\/04\/product-software-tmdrive-navigator.png\",\"datePublished\":\"2025-05-16T22:48:11+00:00\",\"dateModified\":\"2025-05-27T14:21:59+00:00\",\"breadcrumb\":{\"@id\":\"https:\/\/www.tmeic.com\/es\/products\/navegador-tmdrive\/#breadcrumb\"},\"inLanguage\":\"es\",\"potentialAction\":[{\"@type\":\"ReadAction\",\"target\":[\"https:\/\/www.tmeic.com\/es\/products\/navegador-tmdrive\/\"]}]},{\"@type\":\"ImageObject\",\"inLanguage\":\"es\",\"@id\":\"https:\/\/www.tmeic.com\/es\/products\/navegador-tmdrive\/#primaryimage\",\"url\":\"https:\/\/tmeic.com\/wp-content\/uploads\/2025\/04\/product-software-tmdrive-navigator.png\",\"contentUrl\":\"https:\/\/tmeic.com\/wp-content\/uploads\/2025\/04\/product-software-tmdrive-navigator.png\",\"width\":534,\"height\":404},{\"@type\":\"BreadcrumbList\",\"@id\":\"https:\/\/www.tmeic.com\/es\/products\/navegador-tmdrive\/#breadcrumb\",\"itemListElement\":[{\"@type\":\"ListItem\",\"position\":1,\"name\":\"Home\",\"item\":\"https:\/\/tmeic.com\/es\/\"},{\"@type\":\"ListItem\",\"position\":2,\"name\":\"Products\",\"item\":\"https:\/\/www.tmeic.com\/products\/\"},{\"@type\":\"ListItem\",\"position\":3,\"name\":\"Navegador TMdrive\"}]},{\"@type\":\"WebSite\",\"@id\":\"https:\/\/www.tmeic.com\/zh-hans\/#website\",\"url\":\"https:\/\/www.tmeic.com\/zh-hans\/\",\"name\":\"TMEIC\",\"description\":\"\",\"potentialAction\":[{\"@type\":\"SearchAction\",\"target\":{\"@type\":\"EntryPoint\",\"urlTemplate\":\"https:\/\/www.tmeic.com\/zh-hans\/?s={search_term_string}\"},\"query-input\":{\"@type\":\"PropertyValueSpecification\",\"valueRequired\":true,\"valueName\":\"search_term_string\"}}],\"inLanguage\":\"es\"}]}<\/script>\n<!-- \/ Yoast SEO plugin. -->","yoast_head_json":{"title":"Navegador TMdrive - TMEIC","robots":{"index":"index","follow":"follow","max-snippet":"max-snippet:-1","max-image-preview":"max-image-preview:large","max-video-preview":"max-video-preview:-1"},"canonical":"https:\/\/www.tmeic.com\/es\/products\/navegador-tmdrive\/","og_locale":"es_ES","og_type":"article","og_title":"Navegador TMdrive - TMEIC","og_description":"&nbsp; En TMdrive-La herramienta Navegador ayuda a los usuarios a configurar y mantener los accionamientos TMEIC. Los ingenieros y t\u00e9cnicos pueden entender c\u00f3mo funciona y qu\u00e9 hace el accionamiento. Cualquier usuario puede acceder f\u00e1cilmente al accionamiento actual experiencia y conocimientos t\u00e9cnicos.","og_url":"https:\/\/www.tmeic.com\/es\/products\/navegador-tmdrive\/","og_site_name":"TMEIC","article_modified_time":"2025-05-27T14:21:59+00:00","og_image":[{"width":534,"height":404,"url":"https:\/\/www.tmeic.com\/wp-content\/uploads\/2025\/04\/product-software-tmdrive-navigator.png","type":"image\/png"}],"twitter_card":"summary_large_image","schema":{"@context":"https:\/\/schema.org","@graph":[{"@type":"WebPage","@id":"https:\/\/www.tmeic.com\/es\/products\/navegador-tmdrive\/","url":"https:\/\/www.tmeic.com\/es\/products\/navegador-tmdrive\/","name":"Navegador TMdrive - TMEIC","isPartOf":{"@id":"https:\/\/www.tmeic.com\/zh-hans\/#website"},"primaryImageOfPage":{"@id":"https:\/\/www.tmeic.com\/es\/products\/navegador-tmdrive\/#primaryimage"},"image":{"@id":"https:\/\/www.tmeic.com\/es\/products\/navegador-tmdrive\/#primaryimage"},"thumbnailUrl":"https:\/\/tmeic.com\/wp-content\/uploads\/2025\/04\/product-software-tmdrive-navigator.png","datePublished":"2025-05-16T22:48:11+00:00","dateModified":"2025-05-27T14:21:59+00:00","breadcrumb":{"@id":"https:\/\/www.tmeic.com\/es\/products\/navegador-tmdrive\/#breadcrumb"},"inLanguage":"es","potentialAction":[{"@type":"ReadAction","target":["https:\/\/www.tmeic.com\/es\/products\/navegador-tmdrive\/"]}]},{"@type":"ImageObject","inLanguage":"es","@id":"https:\/\/www.tmeic.com\/es\/products\/navegador-tmdrive\/#primaryimage","url":"https:\/\/tmeic.com\/wp-content\/uploads\/2025\/04\/product-software-tmdrive-navigator.png","contentUrl":"https:\/\/tmeic.com\/wp-content\/uploads\/2025\/04\/product-software-tmdrive-navigator.png","width":534,"height":404},{"@type":"BreadcrumbList","@id":"https:\/\/www.tmeic.com\/es\/products\/navegador-tmdrive\/#breadcrumb","itemListElement":[{"@type":"ListItem","position":1,"name":"Home","item":"https:\/\/tmeic.com\/es\/"},{"@type":"ListItem","position":2,"name":"Products","item":"https:\/\/www.tmeic.com\/products\/"},{"@type":"ListItem","position":3,"name":"Navegador TMdrive"}]},{"@type":"WebSite","@id":"https:\/\/www.tmeic.com\/zh-hans\/#website","url":"https:\/\/www.tmeic.com\/zh-hans\/","name":"TMEIC","description":"","potentialAction":[{"@type":"SearchAction","target":{"@type":"EntryPoint","urlTemplate":"https:\/\/www.tmeic.com\/zh-hans\/?s={search_term_string}"},"query-input":{"@type":"PropertyValueSpecification","valueRequired":true,"valueName":"search_term_string"}}],"inLanguage":"es"}]}},"_links":{"self":[{"href":"https:\/\/tmeic.com\/es\/wp-json\/wp\/v2\/product\/5661","targetHints":{"allow":["GET"]}}],"collection":[{"href":"https:\/\/tmeic.com\/es\/wp-json\/wp\/v2\/product"}],"about":[{"href":"https:\/\/tmeic.com\/es\/wp-json\/wp\/v2\/types\/product"}],"version-history":[{"count":1,"href":"https:\/\/tmeic.com\/es\/wp-json\/wp\/v2\/product\/5661\/revisions"}],"predecessor-version":[{"id":6574,"href":"https:\/\/tmeic.com\/es\/wp-json\/wp\/v2\/product\/5661\/revisions\/6574"}],"wp:featuredmedia":[{"embeddable":true,"href":"https:\/\/tmeic.com\/es\/wp-json\/wp\/v2\/media\/876"}],"wp:attachment":[{"href":"https:\/\/tmeic.com\/es\/wp-json\/wp\/v2\/media?parent=5661"}],"wp:term":[{"taxonomy":"product_category","embeddable":true,"href":"https:\/\/tmeic.com\/es\/wp-json\/wp\/v2\/product_category?post=5661"},{"taxonomy":"product_region","embeddable":true,"href":"https:\/\/tmeic.com\/es\/wp-json\/wp\/v2\/product_region?post=5661"}],"curies":[{"name":"wp","href":"https:\/\/api.w.org\/{rel}","templated":true}]}}