  {"id":5665,"date":"2025-05-16T22:48:12","date_gmt":"2025-05-16T22:48:12","guid":{"rendered":"https:\/\/tmeic.com\/products\/tmdrive-xl75\/"},"modified":"2025-05-27T14:22:50","modified_gmt":"2025-05-27T14:22:50","slug":"tmdrive-xl75","status":"publish","type":"product","link":"https:\/\/tmeic.com\/es\/products\/tmdrive-xl75\/","title":{"rendered":"TMdrive-XL75"},"content":{"rendered":"<p><b><span data-contrast=\"none\">6,0\/6,6 kV, hasta 92 MVA<\/span><\/b><span data-ccp-props=\"{\"201341983\":0,\"335559738\":80,\"335559739\":0,\"335559740\":288}\"> <\/span><\/p>\n<p><b><span data-contrast=\"none\">El TMdrive-XL75<\/span><\/b><span data-contrast=\"none\">es un accionamiento alimentado por CA de alta potencia y media tensi\u00f3n, dise\u00f1ado para un funcionamiento de alta eficacia y bajo consumo en una amplia gama de aplicaciones industriales. Un accionamiento de un solo banco tiene un nivel de potencia de 15\/20\/23 MVA, y se pueden utilizar varios bancos para obtener niveles de potencia superiores. El dise\u00f1o conservador utiliza IEGT de 4500 V y 2100 A, y los puentes de potencia est\u00e1n refrigerados por agua.  <\/span><\/p>\n<p>&nbsp;<\/p>\n<p><span data-contrast=\"none\">El accionamiento est\u00e1 dise\u00f1ado para ofrecer alta fiabilidad, baja distorsi\u00f3n arm\u00f3nica y alto factor de potencia.<\/span><\/p>\n<p>&nbsp;<\/p>\n<p><span data-contrast=\"none\">El dise\u00f1o refrigerado por agua de TMEIC y la compatibilidad de los materiales de las tuber\u00edas con el sistema de refrigeraci\u00f3n desionizado garantizan que el accionamiento tenga un MTBF de m\u00e1s de 20 a\u00f1os.<\/span><span data-ccp-props=\"{\"201341983\":0,\"335559738\":80,\"335559739\":0,\"335559740\":288}\"> <\/span><\/p>\n","protected":false},"featured_media":8609,"parent":0,"menu_order":0,"template":"","meta":{"_acf_changed":false,"footnotes":""},"product_category":[172,174],"product_region":[],"class_list":["post-5665","product","type-product","status-publish","has-post-thumbnail","hentry","product_category-drives-es","product_category-medium-voltage-ac-drives-drives-es"],"acf":{"hero_type":"standard","theme":"dark","subheading":"","certifications":[416,1938,1969],"downloadable_resources":[{"resource_title":"Gu\u00eda de aplicaci\u00f3n del producto TMdrive-XL75","resource_file":3900}]},"yoast_head":"<!-- This site is optimized with the Yoast SEO plugin v25.7 - https:\/\/yoast.com\/wordpress\/plugins\/seo\/ -->\n<title>TMdrive-XL75 - TMEIC<\/title>\n<meta name=\"robots\" content=\"index, follow, max-snippet:-1, max-image-preview:large, max-video-preview:-1\" \/>\n<link rel=\"canonical\" href=\"https:\/\/tmeic.com\/es\/products\/tmdrive-xl75\/\" \/>\n<meta property=\"og:locale\" content=\"es_ES\" \/>\n<meta property=\"og:type\" content=\"article\" \/>\n<meta property=\"og:title\" content=\"TMdrive-XL75 - TMEIC\" \/>\n<meta property=\"og:description\" content=\"6,0\/6,6 kV, hasta 92 MVA El TMdrive-XL75es un accionamiento alimentado por CA de alta potencia y media tensi\u00f3n, dise\u00f1ado para un funcionamiento de alta eficacia y bajo consumo en una amplia gama de aplicaciones industriales. Un accionamiento de un solo banco tiene un nivel de potencia de 15\/20\/23 MVA, y se pueden utilizar varios bancos [&hellip;]\" \/>\n<meta property=\"og:url\" content=\"https:\/\/tmeic.com\/es\/products\/tmdrive-xl75\/\" \/>\n<meta property=\"og:site_name\" content=\"TMEIC\" \/>\n<meta property=\"article:modified_time\" content=\"2025-05-27T14:22:50+00:00\" \/>\n<meta property=\"og:image\" content=\"https:\/\/tmeic.com\/wp-content\/uploads\/2025\/10\/product-mvdrive-TMdrive-XL75_0.png\" \/>\n\t<meta property=\"og:image:width\" content=\"814\" \/>\n\t<meta property=\"og:image:height\" content=\"610\" \/>\n\t<meta property=\"og:image:type\" content=\"image\/png\" \/>\n<meta name=\"twitter:card\" content=\"summary_large_image\" \/>\n<meta name=\"twitter:label1\" content=\"Est. reading time\" \/>\n\t<meta name=\"twitter:data1\" content=\"1 minuto\" \/>\n<script type=\"application\/ld+json\" class=\"yoast-schema-graph\">{\"@context\":\"https:\/\/schema.org\",\"@graph\":[{\"@type\":\"WebPage\",\"@id\":\"https:\/\/tmeic.com\/es\/products\/tmdrive-xl75\/\",\"url\":\"https:\/\/tmeic.com\/es\/products\/tmdrive-xl75\/\",\"name\":\"TMdrive-XL75 - TMEIC\",\"isPartOf\":{\"@id\":\"https:\/\/www.tmeic.com\/zh-hans\/#website\"},\"primaryImageOfPage\":{\"@id\":\"https:\/\/tmeic.com\/es\/products\/tmdrive-xl75\/#primaryimage\"},\"image\":{\"@id\":\"https:\/\/tmeic.com\/es\/products\/tmdrive-xl75\/#primaryimage\"},\"thumbnailUrl\":\"https:\/\/tmeic.com\/wp-content\/uploads\/2025\/10\/product-mvdrive-TMdrive-XL75_0.png\",\"datePublished\":\"2025-05-16T22:48:12+00:00\",\"dateModified\":\"2025-05-27T14:22:50+00:00\",\"breadcrumb\":{\"@id\":\"https:\/\/tmeic.com\/es\/products\/tmdrive-xl75\/#breadcrumb\"},\"inLanguage\":\"es\",\"potentialAction\":[{\"@type\":\"ReadAction\",\"target\":[\"https:\/\/tmeic.com\/es\/products\/tmdrive-xl75\/\"]}]},{\"@type\":\"ImageObject\",\"inLanguage\":\"es\",\"@id\":\"https:\/\/tmeic.com\/es\/products\/tmdrive-xl75\/#primaryimage\",\"url\":\"https:\/\/tmeic.com\/wp-content\/uploads\/2025\/10\/product-mvdrive-TMdrive-XL75_0.png\",\"contentUrl\":\"https:\/\/tmeic.com\/wp-content\/uploads\/2025\/10\/product-mvdrive-TMdrive-XL75_0.png\",\"width\":814,\"height\":610,\"caption\":\"TM drive-XL75\"},{\"@type\":\"BreadcrumbList\",\"@id\":\"https:\/\/tmeic.com\/es\/products\/tmdrive-xl75\/#breadcrumb\",\"itemListElement\":[{\"@type\":\"ListItem\",\"position\":1,\"name\":\"Home\",\"item\":\"https:\/\/tmeic.com\/es\/\"},{\"@type\":\"ListItem\",\"position\":2,\"name\":\"Products\",\"item\":\"https:\/\/www.tmeic.com\/products\/\"},{\"@type\":\"ListItem\",\"position\":3,\"name\":\"TMdrive-XL75\"}]},{\"@type\":\"WebSite\",\"@id\":\"https:\/\/www.tmeic.com\/zh-hans\/#website\",\"url\":\"https:\/\/www.tmeic.com\/zh-hans\/\",\"name\":\"TMEIC\",\"description\":\"\",\"potentialAction\":[{\"@type\":\"SearchAction\",\"target\":{\"@type\":\"EntryPoint\",\"urlTemplate\":\"https:\/\/www.tmeic.com\/zh-hans\/?s={search_term_string}\"},\"query-input\":{\"@type\":\"PropertyValueSpecification\",\"valueRequired\":true,\"valueName\":\"search_term_string\"}}],\"inLanguage\":\"es\"}]}<\/script>\n<!-- \/ Yoast SEO plugin. -->","yoast_head_json":{"title":"TMdrive-XL75 - TMEIC","robots":{"index":"index","follow":"follow","max-snippet":"max-snippet:-1","max-image-preview":"max-image-preview:large","max-video-preview":"max-video-preview:-1"},"canonical":"https:\/\/tmeic.com\/es\/products\/tmdrive-xl75\/","og_locale":"es_ES","og_type":"article","og_title":"TMdrive-XL75 - TMEIC","og_description":"6,0\/6,6 kV, hasta 92 MVA El TMdrive-XL75es un accionamiento alimentado por CA de alta potencia y media tensi\u00f3n, dise\u00f1ado para un funcionamiento de alta eficacia y bajo consumo en una amplia gama de aplicaciones industriales. Un accionamiento de un solo banco tiene un nivel de potencia de 15\/20\/23 MVA, y se pueden utilizar varios bancos [&hellip;]","og_url":"https:\/\/tmeic.com\/es\/products\/tmdrive-xl75\/","og_site_name":"TMEIC","article_modified_time":"2025-05-27T14:22:50+00:00","og_image":[{"width":814,"height":610,"url":"https:\/\/tmeic.com\/wp-content\/uploads\/2025\/10\/product-mvdrive-TMdrive-XL75_0.png","type":"image\/png"}],"twitter_card":"summary_large_image","twitter_misc":{"Est. reading time":"1 minuto"},"schema":{"@context":"https:\/\/schema.org","@graph":[{"@type":"WebPage","@id":"https:\/\/tmeic.com\/es\/products\/tmdrive-xl75\/","url":"https:\/\/tmeic.com\/es\/products\/tmdrive-xl75\/","name":"TMdrive-XL75 - TMEIC","isPartOf":{"@id":"https:\/\/www.tmeic.com\/zh-hans\/#website"},"primaryImageOfPage":{"@id":"https:\/\/tmeic.com\/es\/products\/tmdrive-xl75\/#primaryimage"},"image":{"@id":"https:\/\/tmeic.com\/es\/products\/tmdrive-xl75\/#primaryimage"},"thumbnailUrl":"https:\/\/tmeic.com\/wp-content\/uploads\/2025\/10\/product-mvdrive-TMdrive-XL75_0.png","datePublished":"2025-05-16T22:48:12+00:00","dateModified":"2025-05-27T14:22:50+00:00","breadcrumb":{"@id":"https:\/\/tmeic.com\/es\/products\/tmdrive-xl75\/#breadcrumb"},"inLanguage":"es","potentialAction":[{"@type":"ReadAction","target":["https:\/\/tmeic.com\/es\/products\/tmdrive-xl75\/"]}]},{"@type":"ImageObject","inLanguage":"es","@id":"https:\/\/tmeic.com\/es\/products\/tmdrive-xl75\/#primaryimage","url":"https:\/\/tmeic.com\/wp-content\/uploads\/2025\/10\/product-mvdrive-TMdrive-XL75_0.png","contentUrl":"https:\/\/tmeic.com\/wp-content\/uploads\/2025\/10\/product-mvdrive-TMdrive-XL75_0.png","width":814,"height":610,"caption":"TM drive-XL75"},{"@type":"BreadcrumbList","@id":"https:\/\/tmeic.com\/es\/products\/tmdrive-xl75\/#breadcrumb","itemListElement":[{"@type":"ListItem","position":1,"name":"Home","item":"https:\/\/tmeic.com\/es\/"},{"@type":"ListItem","position":2,"name":"Products","item":"https:\/\/www.tmeic.com\/products\/"},{"@type":"ListItem","position":3,"name":"TMdrive-XL75"}]},{"@type":"WebSite","@id":"https:\/\/www.tmeic.com\/zh-hans\/#website","url":"https:\/\/www.tmeic.com\/zh-hans\/","name":"TMEIC","description":"","potentialAction":[{"@type":"SearchAction","target":{"@type":"EntryPoint","urlTemplate":"https:\/\/www.tmeic.com\/zh-hans\/?s={search_term_string}"},"query-input":{"@type":"PropertyValueSpecification","valueRequired":true,"valueName":"search_term_string"}}],"inLanguage":"es"}]}},"_links":{"self":[{"href":"https:\/\/tmeic.com\/es\/wp-json\/wp\/v2\/product\/5665","targetHints":{"allow":["GET"]}}],"collection":[{"href":"https:\/\/tmeic.com\/es\/wp-json\/wp\/v2\/product"}],"about":[{"href":"https:\/\/tmeic.com\/es\/wp-json\/wp\/v2\/types\/product"}],"version-history":[{"count":1,"href":"https:\/\/tmeic.com\/es\/wp-json\/wp\/v2\/product\/5665\/revisions"}],"predecessor-version":[{"id":5895,"href":"https:\/\/tmeic.com\/es\/wp-json\/wp\/v2\/product\/5665\/revisions\/5895"}],"acf:post":[{"embeddable":true,"href":"https:\/\/tmeic.com\/es\/wp-json\/wp\/v2\/certifications\/1969"},{"embeddable":true,"href":"https:\/\/tmeic.com\/es\/wp-json\/wp\/v2\/certifications\/1938"},{"embeddable":true,"href":"https:\/\/tmeic.com\/es\/wp-json\/wp\/v2\/certifications\/416"}],"wp:featuredmedia":[{"embeddable":true,"href":"https:\/\/tmeic.com\/es\/wp-json\/wp\/v2\/media\/8609"}],"wp:attachment":[{"href":"https:\/\/tmeic.com\/es\/wp-json\/wp\/v2\/media?parent=5665"}],"wp:term":[{"taxonomy":"product_category","embeddable":true,"href":"https:\/\/tmeic.com\/es\/wp-json\/wp\/v2\/product_category?post=5665"},{"taxonomy":"product_region","embeddable":true,"href":"https:\/\/tmeic.com\/es\/wp-json\/wp\/v2\/product_region?post=5665"}],"curies":[{"name":"wp","href":"https:\/\/api.w.org\/{rel}","templated":true}]}}