  {"id":5679,"date":"2025-05-15T17:17:32","date_gmt":"2025-05-15T17:17:32","guid":{"rendered":"https:\/\/tmeic.com\/products\/grua-de-patio-oca\/"},"modified":"2025-05-27T14:25:38","modified_gmt":"2025-05-27T14:25:38","slug":"grua-de-patio-oca","status":"publish","type":"product","link":"https:\/\/tmeic.com\/es\/products\/grua-de-patio-oca\/","title":{"rendered":"Yard Crane OCA"},"content":{"rendered":"<p>Evita las colisiones entre las RTG o RMG y los obst\u00e1culos. El sistema identifica la trayectoria de conducci\u00f3n y, en consecuencia, se detecta cualquier objeto, veh\u00edculo o gr\u00faa p\u00f3rtico de patio y se puede reducir la velocidad o detener el movimiento de la RTG\/RMG. <\/p>\n","protected":false},"featured_media":3468,"parent":0,"menu_order":0,"template":"","meta":{"_acf_changed":false,"footnotes":""},"product_category":[],"product_region":[27,26],"class_list":["post-5679","product","type-product","status-publish","has-post-thumbnail","hentry","product_region-europe","product_region-india"],"acf":{"hero_type":"simple","theme":"dark","subheading":"Evitar la colisi\u00f3n con obst\u00e1culos","certifications":null,"downloadable_resources":null},"yoast_head":"<!-- This site is optimized with the Yoast SEO plugin v25.7 - https:\/\/yoast.com\/wordpress\/plugins\/seo\/ -->\n<title>Yard Crane OCA - TMEIC<\/title>\n<meta name=\"robots\" content=\"index, follow, max-snippet:-1, max-image-preview:large, max-video-preview:-1\" \/>\n<link rel=\"canonical\" href=\"https:\/\/www.tmeic.com\/es\/products\/grua-de-patio-oca\/\" \/>\n<meta property=\"og:locale\" content=\"es_ES\" \/>\n<meta property=\"og:type\" content=\"article\" \/>\n<meta property=\"og:title\" content=\"Yard Crane OCA - TMEIC\" \/>\n<meta property=\"og:description\" content=\"Evita las colisiones entre las RTG o RMG y los obst\u00e1culos. El sistema identifica la trayectoria de conducci\u00f3n y, en consecuencia, se detecta cualquier objeto, veh\u00edculo o gr\u00faa p\u00f3rtico de patio y se puede reducir la velocidad o detener el movimiento de la RTG\/RMG.\" \/>\n<meta property=\"og:url\" content=\"https:\/\/www.tmeic.com\/es\/products\/grua-de-patio-oca\/\" \/>\n<meta property=\"og:site_name\" content=\"TMEIC\" \/>\n<meta property=\"article:modified_time\" content=\"2025-05-27T14:25:38+00:00\" \/>\n<meta property=\"og:image\" content=\"https:\/\/www.tmeic.com\/wp-content\/uploads\/2025\/05\/yard-suite_yard-crane-oca_04.jpg\" \/>\n\t<meta property=\"og:image:width\" content=\"1920\" \/>\n\t<meta property=\"og:image:height\" content=\"1080\" \/>\n\t<meta property=\"og:image:type\" content=\"image\/jpeg\" \/>\n<meta name=\"twitter:card\" content=\"summary_large_image\" \/>\n<script type=\"application\/ld+json\" class=\"yoast-schema-graph\">{\"@context\":\"https:\/\/schema.org\",\"@graph\":[{\"@type\":\"WebPage\",\"@id\":\"https:\/\/www.tmeic.com\/es\/products\/grua-de-patio-oca\/\",\"url\":\"https:\/\/www.tmeic.com\/es\/products\/grua-de-patio-oca\/\",\"name\":\"Yard Crane OCA - TMEIC\",\"isPartOf\":{\"@id\":\"https:\/\/www.tmeic.com\/zh-hans\/#website\"},\"primaryImageOfPage\":{\"@id\":\"https:\/\/www.tmeic.com\/es\/products\/grua-de-patio-oca\/#primaryimage\"},\"image\":{\"@id\":\"https:\/\/www.tmeic.com\/es\/products\/grua-de-patio-oca\/#primaryimage\"},\"thumbnailUrl\":\"https:\/\/tmeic.com\/wp-content\/uploads\/2025\/05\/yard-suite_yard-crane-oca_04.jpg\",\"datePublished\":\"2025-05-15T17:17:32+00:00\",\"dateModified\":\"2025-05-27T14:25:38+00:00\",\"breadcrumb\":{\"@id\":\"https:\/\/www.tmeic.com\/es\/products\/grua-de-patio-oca\/#breadcrumb\"},\"inLanguage\":\"es\",\"potentialAction\":[{\"@type\":\"ReadAction\",\"target\":[\"https:\/\/www.tmeic.com\/es\/products\/grua-de-patio-oca\/\"]}]},{\"@type\":\"ImageObject\",\"inLanguage\":\"es\",\"@id\":\"https:\/\/www.tmeic.com\/es\/products\/grua-de-patio-oca\/#primaryimage\",\"url\":\"https:\/\/tmeic.com\/wp-content\/uploads\/2025\/05\/yard-suite_yard-crane-oca_04.jpg\",\"contentUrl\":\"https:\/\/tmeic.com\/wp-content\/uploads\/2025\/05\/yard-suite_yard-crane-oca_04.jpg\",\"width\":1920,\"height\":1080},{\"@type\":\"BreadcrumbList\",\"@id\":\"https:\/\/www.tmeic.com\/es\/products\/grua-de-patio-oca\/#breadcrumb\",\"itemListElement\":[{\"@type\":\"ListItem\",\"position\":1,\"name\":\"Home\",\"item\":\"https:\/\/tmeic.com\/es\/\"},{\"@type\":\"ListItem\",\"position\":2,\"name\":\"Products\",\"item\":\"https:\/\/www.tmeic.com\/products\/\"},{\"@type\":\"ListItem\",\"position\":3,\"name\":\"Yard Crane OCA\"}]},{\"@type\":\"WebSite\",\"@id\":\"https:\/\/www.tmeic.com\/zh-hans\/#website\",\"url\":\"https:\/\/www.tmeic.com\/zh-hans\/\",\"name\":\"TMEIC\",\"description\":\"\",\"potentialAction\":[{\"@type\":\"SearchAction\",\"target\":{\"@type\":\"EntryPoint\",\"urlTemplate\":\"https:\/\/www.tmeic.com\/zh-hans\/?s={search_term_string}\"},\"query-input\":{\"@type\":\"PropertyValueSpecification\",\"valueRequired\":true,\"valueName\":\"search_term_string\"}}],\"inLanguage\":\"es\"}]}<\/script>\n<!-- \/ Yoast SEO plugin. -->","yoast_head_json":{"title":"Yard Crane OCA - TMEIC","robots":{"index":"index","follow":"follow","max-snippet":"max-snippet:-1","max-image-preview":"max-image-preview:large","max-video-preview":"max-video-preview:-1"},"canonical":"https:\/\/www.tmeic.com\/es\/products\/grua-de-patio-oca\/","og_locale":"es_ES","og_type":"article","og_title":"Yard Crane OCA - TMEIC","og_description":"Evita las colisiones entre las RTG o RMG y los obst\u00e1culos. El sistema identifica la trayectoria de conducci\u00f3n y, en consecuencia, se detecta cualquier objeto, veh\u00edculo o gr\u00faa p\u00f3rtico de patio y se puede reducir la velocidad o detener el movimiento de la RTG\/RMG.","og_url":"https:\/\/www.tmeic.com\/es\/products\/grua-de-patio-oca\/","og_site_name":"TMEIC","article_modified_time":"2025-05-27T14:25:38+00:00","og_image":[{"width":1920,"height":1080,"url":"https:\/\/www.tmeic.com\/wp-content\/uploads\/2025\/05\/yard-suite_yard-crane-oca_04.jpg","type":"image\/jpeg"}],"twitter_card":"summary_large_image","schema":{"@context":"https:\/\/schema.org","@graph":[{"@type":"WebPage","@id":"https:\/\/www.tmeic.com\/es\/products\/grua-de-patio-oca\/","url":"https:\/\/www.tmeic.com\/es\/products\/grua-de-patio-oca\/","name":"Yard Crane OCA - TMEIC","isPartOf":{"@id":"https:\/\/www.tmeic.com\/zh-hans\/#website"},"primaryImageOfPage":{"@id":"https:\/\/www.tmeic.com\/es\/products\/grua-de-patio-oca\/#primaryimage"},"image":{"@id":"https:\/\/www.tmeic.com\/es\/products\/grua-de-patio-oca\/#primaryimage"},"thumbnailUrl":"https:\/\/tmeic.com\/wp-content\/uploads\/2025\/05\/yard-suite_yard-crane-oca_04.jpg","datePublished":"2025-05-15T17:17:32+00:00","dateModified":"2025-05-27T14:25:38+00:00","breadcrumb":{"@id":"https:\/\/www.tmeic.com\/es\/products\/grua-de-patio-oca\/#breadcrumb"},"inLanguage":"es","potentialAction":[{"@type":"ReadAction","target":["https:\/\/www.tmeic.com\/es\/products\/grua-de-patio-oca\/"]}]},{"@type":"ImageObject","inLanguage":"es","@id":"https:\/\/www.tmeic.com\/es\/products\/grua-de-patio-oca\/#primaryimage","url":"https:\/\/tmeic.com\/wp-content\/uploads\/2025\/05\/yard-suite_yard-crane-oca_04.jpg","contentUrl":"https:\/\/tmeic.com\/wp-content\/uploads\/2025\/05\/yard-suite_yard-crane-oca_04.jpg","width":1920,"height":1080},{"@type":"BreadcrumbList","@id":"https:\/\/www.tmeic.com\/es\/products\/grua-de-patio-oca\/#breadcrumb","itemListElement":[{"@type":"ListItem","position":1,"name":"Home","item":"https:\/\/tmeic.com\/es\/"},{"@type":"ListItem","position":2,"name":"Products","item":"https:\/\/www.tmeic.com\/products\/"},{"@type":"ListItem","position":3,"name":"Yard Crane OCA"}]},{"@type":"WebSite","@id":"https:\/\/www.tmeic.com\/zh-hans\/#website","url":"https:\/\/www.tmeic.com\/zh-hans\/","name":"TMEIC","description":"","potentialAction":[{"@type":"SearchAction","target":{"@type":"EntryPoint","urlTemplate":"https:\/\/www.tmeic.com\/zh-hans\/?s={search_term_string}"},"query-input":{"@type":"PropertyValueSpecification","valueRequired":true,"valueName":"search_term_string"}}],"inLanguage":"es"}]}},"_links":{"self":[{"href":"https:\/\/tmeic.com\/es\/wp-json\/wp\/v2\/product\/5679","targetHints":{"allow":["GET"]}}],"collection":[{"href":"https:\/\/tmeic.com\/es\/wp-json\/wp\/v2\/product"}],"about":[{"href":"https:\/\/tmeic.com\/es\/wp-json\/wp\/v2\/types\/product"}],"version-history":[{"count":1,"href":"https:\/\/tmeic.com\/es\/wp-json\/wp\/v2\/product\/5679\/revisions"}],"predecessor-version":[{"id":5928,"href":"https:\/\/tmeic.com\/es\/wp-json\/wp\/v2\/product\/5679\/revisions\/5928"}],"wp:featuredmedia":[{"embeddable":true,"href":"https:\/\/tmeic.com\/es\/wp-json\/wp\/v2\/media\/3468"}],"wp:attachment":[{"href":"https:\/\/tmeic.com\/es\/wp-json\/wp\/v2\/media?parent=5679"}],"wp:term":[{"taxonomy":"product_category","embeddable":true,"href":"https:\/\/tmeic.com\/es\/wp-json\/wp\/v2\/product_category?post=5679"},{"taxonomy":"product_region","embeddable":true,"href":"https:\/\/tmeic.com\/es\/wp-json\/wp\/v2\/product_region?post=5679"}],"curies":[{"name":"wp","href":"https:\/\/api.w.org\/{rel}","templated":true}]}}